{"id":4443,"date":"2025-04-17T14:32:13","date_gmt":"2025-04-17T06:32:13","guid":{"rendered":"https:\/\/yume-beauty.com\/?page_id=4443"},"modified":"2025-04-22T14:11:45","modified_gmt":"2025-04-22T06:11:45","slug":"datenschutzrichtlinie-2-3","status":"publish","type":"page","link":"https:\/\/yume-beauty.com\/de\/datenschutzrichtlinie-2-3\/","title":{"rendered":"Datenschutzbestimmungen"},"content":{"rendered":"<div data-elementor-type=\"wp-page\" data-elementor-id=\"4443\" class=\"elementor elementor-4443\">\n\t\t\t\t<div class=\"elementor-element elementor-element-5ef7482 e-flex e-con-boxed e-con e-parent\" data-id=\"5ef7482\" data-element_type=\"container\">\n\t\t\t\t\t<div class=\"e-con-inner\">\n\t\t<div class=\"elementor-element elementor-element-d88d49e e-con-full e-flex e-con e-child\" data-id=\"d88d49e\" data-element_type=\"container\">\n\t\t\t\t<div class=\"elementor-element elementor-element-1eda5d0 elementor-widget elementor-widget-text-editor\" data-id=\"1eda5d0\" data-element_type=\"widget\" data-settings=\"{&quot;wdt_animation_effect&quot;:&quot;none&quot;}\" data-widget_type=\"text-editor.default\">\n\t\t\t\t<div class=\"elementor-widget-container\">\n\t\t\t\t\t\t\t\t\t<p>Datum des Inkrafttretens: April 2025<\/p><p><a href=\"https:\/\/yume-beauty.com\/de\/?elementor_library=default-kit-2\">YumeBeauty<\/a> (\"Wir\") legt Wert auf Ihre pers\u00f6nlichen Daten und den Schutz Ihrer Privatsph\u00e4re. Diese <strong>Datenschutzbestimmungen<\/strong> erkl\u00e4rt, wie wir Ihre Daten sammeln, verwenden, speichern und sch\u00fctzen, wenn Sie die Website von YumeBeauty besuchen und unsere Dienste nutzen.<\/p><h2>I. Informationen, die wir sammeln k\u00f6nnen<\/h2><p>Im Zuge Ihrer Nutzung der Website oder der Dienste k\u00f6nnen wir die folgenden Informationen erfassen:<\/p><h3><strong>Informationen, die Sie freiwillig zur Verf\u00fcgung stellen<\/strong><\/h3><p>Registrierungsinformationen (z. B. Name, Handynummer, E-Mail-Adresse)<\/p><p>Informationen \u00fcber den Empf\u00e4nger (Adresse, Postleitzahl, Kontaktperson)<\/p><p>Bestellinformationen (Produkt, Menge, Zahlungsart)<\/p><h3><strong>Informationen, die wir automatisch sammeln<\/strong><\/h3><p>Ger\u00e4teinformationen (Ger\u00e4temodell, IP-Adresse, Browsertyp)<\/p><p>Betriebsaufzeichnungen (Zugriffszeit, Seitenansicht, Klickverhalten)<\/p><p>Cookie-Verfolgungsinformationen<\/p><h3><strong>Kommentare<\/strong><\/h3><p>Wenn Sie einen Kommentar auf der Website abgeben, erfassen wir die im Kommentarformular angezeigten Daten sowie die IP-Adresse des Besuchers, um unter anderem Spam zu erkennen.<\/p><p>Nachdem Ihr Kommentar genehmigt wurde, wird Ihr Profilbild \u00f6ffentlich in Ihrem Kommentar angezeigt.<\/p><h2>II.  Wie wir Ihre pers\u00f6nlichen Daten verwenden<\/h2><p>Wir verwenden einige Ihrer pers\u00f6nlichen Daten, um Ihnen einen besseren und sichereren Service zu bieten. um Ihnen eine personalisierte Erfahrung auf unserer Website zu bieten, einschlie\u00dflich, aber nicht beschr\u00e4nkt auf:<\/p><ul><li>Auftragsabwicklung und Kundendienst.<\/li><li>Kundenbetreuung und Kommunikation.<\/li><li>Optimierung der Website-Leistung und Verbesserung der Benutzerfreundlichkeit.<\/li><li>Push-Benachrichtigung f\u00fcr Veranstaltungen oder Werbeaktionen (wenn Sie dem Empfang zustimmen).<\/li><li>Einhaltung von Gesetzen und Vorschriften.<\/li><\/ul><h2><strong><b>III. Wie wir Ihre pers\u00f6nlichen Daten weitergeben<\/b><\/strong><\/h2><p>Wir werden keine Ihrer pers\u00f6nlichen Daten an Dritte verkaufen oder weitergeben, aber wir k\u00f6nnen Informationen unter den folgenden Umst\u00e4nden weitergeben:<\/p><ul><li>Weitergabe an Partner (z. B. Zahlungsplattformen, Logistikunternehmen) zur Unterst\u00fctzung bei der Ausf\u00fchrung Ihrer Bestellung.<\/li><li>Zusammenarbeit mit technischen Dienstleistern (z. B. SMS-Dienste, Datenanalysetools), um die Servicequalit\u00e4t zu verbessern.<\/li><li>Einhaltung der gesetzlichen, beh\u00f6rdlichen oder aufsichtsrechtlichen Anforderungen.<\/li><li>Wir stellen sicher, dass die oben genannten Dritten Ihre Daten nur unter der Voraussetzung der Rechtm\u00e4\u00dfigkeit, Zul\u00e4ssigkeit und Notwendigkeit verwenden und entsprechende Vertraulichkeitsma\u00dfnahmen ergreifen.<\/li><\/ul><h2><strong><b>IV. Wie wir Ihre Informationen speichern und sch\u00fctzen<\/b><\/strong><\/h2><h3><strong>Datensicherheit<\/strong><\/h3><p>Wir verwenden SSL-Verschl\u00fcsselung, um Ihre pers\u00f6nlichen Daten online zu sch\u00fctzen, und wir unternehmen eine Reihe von Schritten, um Ihre pers\u00f6nlichen Daten in unseren Einrichtungen zu sch\u00fctzen. Nur Mitarbeiter, die Zugang zu Ihren personenbezogenen Daten ben\u00f6tigen, um eine bestimmte Aufgabe zu erf\u00fcllen, erhalten Zugang zu Ihren personenbezogenen Daten. Schlie\u00dflich verlassen wir uns auf Drittanbieter, die einen Teil unserer Computerhardware physisch sichern. Wir glauben, dass deren Sicherheitsverfahren angemessen sind. Wenn Sie zum Beispiel die Website besuchen, befinden sich die Server, auf die Sie zugreifen, in einer sicheren physischen Umgebung hinter verschlossenen K\u00e4figen und elektronischen Firewalls.<\/p><h3><strong>Wie lange wir Ihre Informationen aufbewahren<\/strong><\/h3><p>Wir bewahren Ihre pers\u00f6nlichen Daten so lange auf, wie es f\u00fcr die Erbringung der von Ihnen angeforderten Dienstleistungen oder f\u00fcr andere wichtige Zwecke erforderlich ist, z. B. zur Erf\u00fcllung unserer rechtlichen Verpflichtungen, zur Beilegung von Streitigkeiten und zur Durchsetzung unserer Richtlinien.<\/p><h3><strong>Ihre Rechte in Bezug auf personenbezogene Daten<\/strong><\/h3><p>Sie haben das Recht, die folgenden Rechte auszu\u00fcben:<\/p><p>Zugang zu Ihren pers\u00f6nlichen Daten zu erhalten, sie zu korrigieren oder zu l\u00f6schen.<br \/>Um ein registriertes Konto zu l\u00f6schen.<\/p><p>Wenn Sie die oben genannten Rechte aus\u00fcben m\u00f6chten, kontaktieren Sie uns bitte \u00fcber die \"<a href=\"https:\/\/yume-beauty.com\/de\/?page_id=419\">Kontakt<\/a>Methode\".<\/p><h2><strong><b>V. Verwendung von Cookies<\/b><\/strong><\/h2><p>Wir verwenden Cookies, um Ihr Surferlebnis zu optimieren, einschlie\u00dflich:<\/p><p>Erinnern Sie sich an Ihren Anmeldestatus.<\/p><p>Analyse des Zugangsverkehrs und der Nutzung.<\/p><p>Bereitstellung genauerer Produktempfehlungen.<\/p><p>Sie k\u00f6nnen die Verwendung von Cookies \u00fcber Ihre Browsereinstellungen verwalten oder ablehnen.<\/p><h2><strong><b>VI.  Aktualisierungen der Politik<\/b><\/strong><\/h2><p>Wir k\u00f6nnen diese Datenschutzrichtlinie als Reaktion auf Gesetzes\u00e4nderungen oder Serviceanpassungen aktualisieren, und wir werden diese \u00c4nderungen auf dieser Seite ver\u00f6ffentlichen. Wenn die \u00c4nderungen wesentlich sind, werden wir Sie auf geeignete Weise (z. B. per E-Mail usw.) benachrichtigen.<\/p><h2><strong><b>VII. Kontakt<\/b><\/strong><\/h2><p>Wenn Sie Fragen, Kommentare oder Vorschl\u00e4ge zu dieser Datenschutzrichtlinie oder zu Ihren pers\u00f6nlichen Daten haben, k\u00f6nnen Sie uns \u00fcber folgende Adresse kontaktieren <a href=\"https:\/\/yume-beauty.com\/de\/?page_id=419\"><u>hier klicken<\/u><\/a>.<\/p>\t\t\t\t\t\t\t\t<\/div>\n\t\t\t\t<\/div>\n\t\t\t\t<\/div>\n\t\t\t\t\t<\/div>\n\t\t\t\t<\/div>\n\t\t\t\t<\/div>","protected":false},"excerpt":{"rendered":"<p>Effective Date: April 2025 YumeBeauty (\u201cWe\u201d) values your personal information and the protection of your privacy. This Privacy Policy explains how we collect, use, store, and protect your information when you visit YumeBeauty&#8217;s website and use our services. I. Information We May Collect In the course of your use of the Site or the Services, [&hellip;]<\/p>","protected":false},"author":1,"featured_media":0,"parent":0,"menu_order":0,"comment_status":"closed","ping_status":"closed","template":"","meta":{"_monsterinsights_skip_tracking":false,"_monsterinsights_sitenote_active":false,"_monsterinsights_sitenote_note":"","_monsterinsights_sitenote_category":0,"footnotes":""},"class_list":["post-4443","page","type-page","status-publish","hentry"],"aioseo_notices":[],"_links":{"self":[{"href":"https:\/\/yume-beauty.com\/de\/wp-json\/wp\/v2\/pages\/4443","targetHints":{"allow":["GET"]}}],"collection":[{"href":"https:\/\/yume-beauty.com\/de\/wp-json\/wp\/v2\/pages"}],"about":[{"href":"https:\/\/yume-beauty.com\/de\/wp-json\/wp\/v2\/types\/page"}],"author":[{"embeddable":true,"href":"https:\/\/yume-beauty.com\/de\/wp-json\/wp\/v2\/users\/1"}],"replies":[{"embeddable":true,"href":"https:\/\/yume-beauty.com\/de\/wp-json\/wp\/v2\/comments?post=4443"}],"version-history":[{"count":6,"href":"https:\/\/yume-beauty.com\/de\/wp-json\/wp\/v2\/pages\/4443\/revisions"}],"predecessor-version":[{"id":4581,"href":"https:\/\/yume-beauty.com\/de\/wp-json\/wp\/v2\/pages\/4443\/revisions\/4581"}],"wp:attachment":[{"href":"https:\/\/yume-beauty.com\/de\/wp-json\/wp\/v2\/media?parent=4443"}],"curies":[{"name":"wp","href":"https:\/\/api.w.org\/{rel}","templated":true}]}}