{"id":4451,"date":"2025-04-18T14:05:08","date_gmt":"2025-04-18T06:05:08","guid":{"rendered":"https:\/\/yume-beauty.com\/?page_id=4451"},"modified":"2025-04-22T14:19:57","modified_gmt":"2025-04-22T06:19:57","slug":"ruckgabe-austausch-und-erstattung-2","status":"publish","type":"page","link":"https:\/\/yume-beauty.com\/de\/ruckgabe-austausch-und-erstattung-2\/","title":{"rendered":"R\u00fcckgabe-, Umtausch- und Erstattungsbedingungen"},"content":{"rendered":"<div data-elementor-type=\"wp-page\" data-elementor-id=\"4451\" class=\"elementor elementor-4451\">\n\t\t\t\t<div class=\"elementor-element elementor-element-92f9204 e-flex e-con-boxed e-con e-parent\" data-id=\"92f9204\" data-element_type=\"container\">\n\t\t\t\t\t<div class=\"e-con-inner\">\n\t\t\t\t<div class=\"elementor-element elementor-element-b24c1a4 elementor-widget elementor-widget-text-editor\" data-id=\"b24c1a4\" data-element_type=\"widget\" data-settings=\"{&quot;wdt_animation_effect&quot;:&quot;none&quot;}\" data-widget_type=\"text-editor.default\">\n\t\t\t\t<div class=\"elementor-widget-container\">\n\t\t\t\t\t\t\t\t\t<p>Die Produkte, die von <a href=\"https:\/\/yume-beauty.com\/de\/?elementor_library=default-kit-2\"><strong>YumeBeauty<\/strong><\/a> basieren auf hervorragendem Design und \u00fcberlegener Qualit\u00e4t. Unser gesamtes Team gew\u00e4hrleistet die Qualit\u00e4t w\u00e4hrend des gesamten Produktions-, Verpackungs- und Versandprozesses. Wir verstehen, dass es bestimmte After-Sale-Bed\u00fcrfnisse w\u00e4hrend des Gro\u00dfhandelsprozesses geben kann, und <a href=\"https:\/\/yume-beauty.com\/de\/?elementor_library=default-kit-2\"><strong>YumeBeauty<\/strong><\/a> ist bestrebt, seinen Kunden angemessene und transparente R\u00fcckgabe- und Erstattungsbedingungen zu bieten. Bitte stellen Sie sicher, dass Sie die folgenden Richtlinien im Detail lesen, bevor Sie Ihre Bestellung aufgeben.<\/p><h2>I. Anwendungsbereich<\/h2><p>Diese Richtlinie gilt f\u00fcr Gro\u00dfhandelskunden, die ihre Bestellungen \u00fcber die offiziellen Kan\u00e4le von YumeBeauty (Website oder autorisierte Vertreter) t\u00e4tigen.<\/p><h2>II. <strong>Kann die R\u00fcckgabe und den Umtausch von Waren akzeptieren<\/strong><\/h2><p>Wir unterst\u00fctzen die folgenden F\u00e4lle von R\u00fcckgabe- und Umtauschantr\u00e4gen:<\/p><p>Das Produkt weist schwerwiegende Qualit\u00e4tsm\u00e4ngel oder Sch\u00e4den auf (innerhalb von 15 Tagen nach der Lieferung muss ein Video- oder Fotobeweis des Auspackens vorgelegt werden).<\/p><p>Versandfehler (z. B. Versand eines falschen Produkts, Modells, einer falschen Menge usw.).<\/p><p>Die Anzahl der Produkte ist offensichtlich unzureichend (es m\u00fcssen Kuriermanifeste und aktuelle fotografische Beweise beigef\u00fcgt werden).<\/p><h2>III. Einweg- und Umtauschkoffer<\/h2><p>R\u00fccksendungen oder Erstattungen werden in den folgenden F\u00e4llen nicht akzeptiert:<\/p><p>Probleme, die nicht die Qualit\u00e4t betreffen, wie z. B. pers\u00f6nliche Vorlieben, schlechter Verkauf und andere Gr\u00fcnde f\u00fcr die R\u00fcckgabe.<\/p><p>Das Produkt wurde ausgepackt, benutzt, ausprobiert oder besch\u00e4digt (keine Transport- oder Originalprobleme ab Werk).<\/p><p>\u00dcber die Verj\u00e4hrungsfrist f\u00fcr Antr\u00e4ge nach dem Verkauf hinaus (mehr als 7 Tage nach Unterzeichnung).<\/p><p>Sonderangebote, Geschenke oder individuelle Produkte.<\/p><p>Abgelehnt oder zur\u00fcckgeschickt aufgrund einer falschen Adresse oder Telefonnummer des Kunden.<\/p><h2>IV. Anwendungsprozess nach dem Verkauf<\/h2><p>Kontaktieren Sie den Kundendienst (<strong>info@yume-silm.com<\/strong>), um einen Antrag zu stellen.<\/p><p>Geben Sie die erforderlichen Nachweise an (Bestellnummer, Produktfotos oder -videos).<\/p><p>Der Kundendienst wird nach der \u00dcberpr\u00fcfung best\u00e4tigen, ob das Produkt zur\u00fcckgegeben\/umgetauscht werden kann.<\/p><p>Der Kunde schickt das Produkt zur\u00fcck (die Originalverpackung muss vollst\u00e4ndig und unbenutzt sein).<\/p><p>Die R\u00fcckerstattung oder der Umtausch wird nach Erhalt und Pr\u00fcfung der Ware veranlasst.<\/p><h2>V. Anweisungen f\u00fcr die Erstattung<\/h2><p><strong>\u00dcber die Stornierung von Bestellungen:<\/strong><\/p><p>Wenn Sie Ihre Bestellung stornieren m\u00f6chten, wenden Sie sich bitte an unseren Kundendienst (<strong>info@yume-silm.com<\/strong>) innerhalb von 24 Stunden nach Aufgabe Ihrer Bestellung. Wir werden den Lieferstatus Ihres Pakets \u00fcberpr\u00fcfen und uns so schnell wie m\u00f6glich bei Ihnen melden.<\/p><p><strong>\u00dcber R\u00fcckgabe und R\u00fcckerstattung:<\/strong><\/p><p>Die R\u00fcckerstattung erfolgt innerhalb von 3 Werktagen nach Erhalt und Pr\u00fcfung der zur\u00fcckgesandten Waren.<\/p><p>Nur der Betrag der R\u00fccksendung wird zur\u00fcckerstattet, wenn die R\u00fccksendung auf den Grund des Kunden zur\u00fcckzuf\u00fchren ist, werden die Versandkosten nicht zur\u00fcckerstattet.<\/p><h2>VI. Erl\u00e4uterung der Versandgeb\u00fchren<\/h2><p>Erfolgt die R\u00fccksendung aus Gr\u00fcnden, die wir zu vertreten haben (Qualit\u00e4tsprobleme, falsche Ware), tragen wir die R\u00fccksendekosten.<\/p><p>Erfolgt die R\u00fccksendung aus Gr\u00fcnden, die der Kunde zu verantworten hat, so tr\u00e4gt er die Versandkosten.<\/p><h2>VII. Besondere Hinweise f\u00fcr Gro\u00dfbestellungen<\/h2><p>Einzelne Gro\u00dfhandel Menge ist gro\u00df (wie die ganze Box, das ganze Tablett) bitte sicher sein, um die Probe oder ein klares Verst\u00e4ndnis der Produktinformationen zu best\u00e4tigen, um eine Bestellung aufzugeben.<\/p><p>Beauty-Tools geh\u00f6ren zu den pers\u00f6nlichen Kontakt Elemente, einmal verwendet wird nicht zur\u00fcckgegeben werden, bitte vorsichtig sein, um die Bed\u00fcrfnisse der Kunden zu best\u00e4tigen.<\/p><h2>VIII. Kontakt<\/h2><p>Wenn Sie eine R\u00fcckgabe oder einen Umtausch beantragen, einen Schaden melden oder den Status des Kundendienstes \u00fcberpr\u00fcfen m\u00f6chten, wenden Sie sich bitte an <a href=\"https:\/\/yume-beauty.com\/de\/?page_id=419\">Kontaktieren Sie uns<\/a>!<\/p>\t\t\t\t\t\t\t\t<\/div>\n\t\t\t\t<\/div>\n\t\t\t\t\t<\/div>\n\t\t\t\t<\/div>\n\t\t\t\t<\/div>","protected":false},"excerpt":{"rendered":"<p>The products sold by YumeBeauty are based on outstanding design and superior quality. Our entire team will ensure quality throughout the production making, packaging and shipping process. We understand that there may be certain after-sale needs during the wholesale process, and YumeBeauty is committed to providing customers with reasonable and transparent returns and refunds. Please [&hellip;]<\/p>","protected":false},"author":1,"featured_media":0,"parent":0,"menu_order":0,"comment_status":"closed","ping_status":"closed","template":"","meta":{"_monsterinsights_skip_tracking":false,"_monsterinsights_sitenote_active":false,"_monsterinsights_sitenote_note":"","_monsterinsights_sitenote_category":0,"footnotes":""},"class_list":["post-4451","page","type-page","status-publish","hentry"],"aioseo_notices":[],"_links":{"self":[{"href":"https:\/\/yume-beauty.com\/de\/wp-json\/wp\/v2\/pages\/4451","targetHints":{"allow":["GET"]}}],"collection":[{"href":"https:\/\/yume-beauty.com\/de\/wp-json\/wp\/v2\/pages"}],"about":[{"href":"https:\/\/yume-beauty.com\/de\/wp-json\/wp\/v2\/types\/page"}],"author":[{"embeddable":true,"href":"https:\/\/yume-beauty.com\/de\/wp-json\/wp\/v2\/users\/1"}],"replies":[{"embeddable":true,"href":"https:\/\/yume-beauty.com\/de\/wp-json\/wp\/v2\/comments?post=4451"}],"version-history":[{"count":13,"href":"https:\/\/yume-beauty.com\/de\/wp-json\/wp\/v2\/pages\/4451\/revisions"}],"predecessor-version":[{"id":4588,"href":"https:\/\/yume-beauty.com\/de\/wp-json\/wp\/v2\/pages\/4451\/revisions\/4588"}],"wp:attachment":[{"href":"https:\/\/yume-beauty.com\/de\/wp-json\/wp\/v2\/media?parent=4451"}],"curies":[{"name":"wp","href":"https:\/\/api.w.org\/{rel}","templated":true}]}}