{"id":4463,"date":"2025-04-18T14:33:00","date_gmt":"2025-04-18T06:33:00","guid":{"rendered":"https:\/\/yume-beauty.com\/?page_id=4463"},"modified":"2025-04-22T14:17:00","modified_gmt":"2025-04-22T06:17:00","slug":"schifffahrtspolitik","status":"publish","type":"page","link":"https:\/\/yume-beauty.com\/de\/schifffahrtspolitik\/","title":{"rendered":"Versandpolitik"},"content":{"rendered":"<div data-elementor-type=\"wp-page\" data-elementor-id=\"4463\" class=\"elementor elementor-4463\">\n\t\t\t\t<div class=\"elementor-element elementor-element-76e7187 e-flex e-con-boxed e-con e-parent\" data-id=\"76e7187\" data-element_type=\"container\">\n\t\t\t\t\t<div class=\"e-con-inner\">\n\t\t\t\t<div class=\"elementor-element elementor-element-e6bd0d4 elementor-widget elementor-widget-text-editor\" data-id=\"e6bd0d4\" data-element_type=\"widget\" data-settings=\"{&quot;wdt_animation_effect&quot;:&quot;none&quot;}\" data-widget_type=\"text-editor.default\">\n\t\t\t\t<div class=\"elementor-widget-container\">\n\t\t\t\t\t\t\t\t\t<p><a href=\"https:\/\/yume-beauty.com\/de\/?elementor_library=default-kit-2\"><strong>YumeBeauty<\/strong><\/a> ist bestrebt, seinen Kunden einen effizienten und zuverl\u00e4ssigen Lieferservice zu bieten. Nachstehend finden Sie eine Beschreibung unserer Lieferpolitik, die f\u00fcr alle Gro\u00dfhandelskunden gilt, die ihre Bestellungen \u00fcber die offizielle Website oder die offiziellen Kan\u00e4le aufgeben.<\/p><h2>I. Versandart<\/h2><p>Wir versenden per International Parcel\/EMS\/DHL\/UPS\/TNT\/FedEx oder auf dem Seeweg, wenn das Volumen der Bestellung mehr als 1 Kubikmeter betr\u00e4gt, je nachdem, wo Sie wohnen.<\/p><h2><b>II. <\/b>Rabatte auf das Porto<\/h2><p>Wir sind VIP der meisten internationalen Kurierunternehmen und k\u00f6nnen g\u00fcnstigere Versandpreise genie\u00dfen. Zum Beispiel sind wir VIP von FEDEX und k\u00f6nnen 35% Rabatt von FEDEX (3 Tage Lieferung f\u00fcr FEDX IP, 5 Tage Lieferung f\u00fcr FedEx IE) genie\u00dfen; wir sind auch VIP von DHL und k\u00f6nnen 35% Rabatt von DHL (3-5 Tage Lieferung) genie\u00dfen.<\/p><h2>III. Versand- und Lieferzeiten<\/h2><p>Sobald Ihre Bestellung angenommen wurde, bem\u00fchen wir uns, Ihre Artikel innerhalb von 3 - 5 Werktagen zu liefern. F\u00fcr kundenspezifische Produkte werden zus\u00e4tzliche 7-10 Werktage f\u00fcr die Produktion ben\u00f6tigt, f\u00fcr Gro\u00dfbestellungen von 1000 St\u00fcck oder mehr k\u00f6nnen zus\u00e4tzliche 10-15 Werktage erforderlich sein.<\/p><p>Sie erhalten von uns eine E-Mail-Benachrichtigung, sobald Ihre Sendung verschickt wurde. Sie k\u00f6nnen Ihre Bestellung auch verfolgen und einsehen unter:<\/p><p><strong>https:\/\/www.dhl.com<\/strong><\/p><p><strong>https:\/\/www.fedex.com<\/strong><\/p><p><strong>https:\/\/www.ups.com<\/strong><\/p><p>Im Allgemeinen dauert der Versand mit UPS weltweit 3-4 Werktage, der Versand mit TNT\/DHL weltweit 3-5 Werktage, je nachdem, wo Sie wohnen. Der Versand mit FedEx IP weltweit dauert 3-5 Werktage, der Versand mit FedEx IE weltweit dauert 5-7 Tage, je nachdem, wo Sie wohnen.<\/p><p>Pakete k\u00f6nnen sich verz\u00f6gern, wenn Artikel nicht vorr\u00e4tig sind. Der Ersatz dauert in der Regel 3-15 Tage. Wenn ein Artikel nicht mehr vorr\u00e4tig ist, senden wir Ihnen eine E-Mail und es wird nichts unternommen, bis Sie antworten. Wir k\u00f6nnen Ihnen einen Umtausch anbieten oder den Service nach Ihren W\u00fcnschen stornieren.<\/p><h2>IV. Porto berechnen<\/h2><p>Das Porto wird nach Gewicht berechnet. Je mehr Sie also kaufen, desto mehr sparen Sie! FedEx berechnet zum Beispiel fast den gleichen Preis f\u00fcr 1 St\u00fcck und 5 St\u00fcck im gleichen Paket. Je schwerer das Paket ist, desto g\u00fcnstiger sind die Versandkosten pro Kilogramm.<\/p><h2>V. Versandgeb\u00fchren<\/h2><p>Die Versandkosten sind abh\u00e4ngig vom Gewicht, der Versandart (DHL, TNT, UPS, FedEx oder Ocean) und dem Zielland. Sie k\u00f6nnen Ihr bevorzugtes Versandunternehmen w\u00e4hlen und wir werden alle Kuriere \u00fcberpr\u00fcfen und die geeignetste Versandmethode f\u00fcr Sie empfehlen. Sollten Sie mit unseren Versandtarifen unzufrieden sein, k\u00f6nnen Sie uns gerne eine E-Mail schicken an <strong>info@yume-silm.com<\/strong>.<\/p><h2>VI. Versp\u00e4tete\/verlorene Lieferungen<\/h2><p>Wenn sich Ihr Paket verz\u00f6gert, kontaktieren Sie uns bitte mit der Bestell-ID und der Tracking-Nummer, die wir Ihnen per E-Mail geschickt haben. Wenn es nicht ankommt, k\u00f6nnen wir die Bestellung nur erneut versenden oder einen Gutschein anbieten, nachdem die Post das Paket als \"auf dem Postweg verloren\" eingestuft hat.<\/p><ul><li>Bitte beachten Sie, dass es in der Regel mehrere Monate dauert, bis die Post einen Fall von verlorener Post untersucht.<\/li><li>Bitte beachten Sie, dass das Paket an Ihre \u00f6rtliche Poststelle zur\u00fcckgeschickt wird, wenn niemand zur Annahme der Sendung bereit ist.<\/li><li>Bitte \u00fcberpr\u00fcfen Sie die Lieferinformationen an der Kasse Ihres Warenkorbs. <a href=\"https:\/\/yume-beauty.com\/de\/?elementor_library=default-kit-2\"><strong>YumeBeauty<\/strong><\/a> ist nicht verantwortlich f\u00fcr versp\u00e4tete oder verlorene Pakete, einschlie\u00dflich Verz\u00f6gerungen oder Verz\u00f6gerungen durch den Zoll, unvollst\u00e4ndige Versandadressen und andere Umst\u00e4nde.<\/li><\/ul><p><strong>Ich danke Ihnen f\u00fcr Ihr Verst\u00e4ndnis.<\/strong><\/p>\t\t\t\t\t\t\t\t<\/div>\n\t\t\t\t<\/div>\n\t\t\t\t\t<\/div>\n\t\t\t\t<\/div>\n\t\t<div class=\"elementor-element elementor-element-b94d8e9 e-flex e-con-boxed e-con e-parent\" data-id=\"b94d8e9\" data-element_type=\"container\">\n\t\t\t\t\t<div class=\"e-con-inner\">\n\t\t\t\t\t<\/div>\n\t\t\t\t<\/div>\n\t\t\t\t<\/div>","protected":false},"excerpt":{"rendered":"<p>YumeBeauty is committed to providing our customers with efficient and reliable delivery services. Below is a description of our delivery policy, which applies to all wholesale customers who place orders through the official website or official channels. I. Shipping method We will ship by International Parcel\/EMS\/DHL\/UPS\/TNT\/FedEx or we will ship by sea if the volume [&hellip;]<\/p>","protected":false},"author":1,"featured_media":0,"parent":0,"menu_order":0,"comment_status":"closed","ping_status":"closed","template":"","meta":{"_monsterinsights_skip_tracking":false,"_monsterinsights_sitenote_active":false,"_monsterinsights_sitenote_note":"","_monsterinsights_sitenote_category":0,"footnotes":""},"class_list":["post-4463","page","type-page","status-publish","hentry"],"aioseo_notices":[],"_links":{"self":[{"href":"https:\/\/yume-beauty.com\/de\/wp-json\/wp\/v2\/pages\/4463","targetHints":{"allow":["GET"]}}],"collection":[{"href":"https:\/\/yume-beauty.com\/de\/wp-json\/wp\/v2\/pages"}],"about":[{"href":"https:\/\/yume-beauty.com\/de\/wp-json\/wp\/v2\/types\/page"}],"author":[{"embeddable":true,"href":"https:\/\/yume-beauty.com\/de\/wp-json\/wp\/v2\/users\/1"}],"replies":[{"embeddable":true,"href":"https:\/\/yume-beauty.com\/de\/wp-json\/wp\/v2\/comments?post=4463"}],"version-history":[{"count":10,"href":"https:\/\/yume-beauty.com\/de\/wp-json\/wp\/v2\/pages\/4463\/revisions"}],"predecessor-version":[{"id":4585,"href":"https:\/\/yume-beauty.com\/de\/wp-json\/wp\/v2\/pages\/4463\/revisions\/4585"}],"wp:attachment":[{"href":"https:\/\/yume-beauty.com\/de\/wp-json\/wp\/v2\/media?parent=4463"}],"curies":[{"name":"wp","href":"https:\/\/api.w.org\/{rel}","templated":true}]}}