{"id":4471,"date":"2025-04-18T17:03:35","date_gmt":"2025-04-18T09:03:35","guid":{"rendered":"https:\/\/yume-beauty.com\/?page_id=4471"},"modified":"2025-04-22T14:21:58","modified_gmt":"2025-04-22T06:21:58","slug":"servicebedingungen","status":"publish","type":"page","link":"https:\/\/yume-beauty.com\/de\/servicebedingungen\/","title":{"rendered":"Bedingungen der Dienstleistung"},"content":{"rendered":"<div data-elementor-type=\"wp-page\" data-elementor-id=\"4471\" class=\"elementor elementor-4471\">\n\t\t\t\t<div class=\"elementor-element elementor-element-f2e9c98 e-flex e-con-boxed e-con e-parent\" data-id=\"f2e9c98\" data-element_type=\"container\">\n\t\t\t\t\t<div class=\"e-con-inner\">\n\t\t\t\t<div class=\"elementor-element elementor-element-e6f58a2 elementor-widget elementor-widget-text-editor\" data-id=\"e6f58a2\" data-element_type=\"widget\" data-settings=\"{&quot;wdt_animation_effect&quot;:&quot;none&quot;}\" data-widget_type=\"text-editor.default\">\n\t\t\t\t<div class=\"elementor-widget-container\">\n\t\t\t\t\t\t\t\t\t<p>Willkommen bei <strong>https:\/\/yume-beauty.com\/<\/strong> (\"uns\" oder \"wir\" oder \"unser\"). Bitte lesen Sie die folgenden Nutzungsbedingungen (\"Bedingungen\") sorgf\u00e4ltig durch, bevor Sie auf die Website und die von uns angebotenen Dienste zugreifen und diese nutzen. Wenn Sie auf die Website zugreifen, sich registrieren lassen, etwas kaufen oder die Website anderweitig nutzen, wird davon ausgegangen, dass Sie diese Bedingungen gelesen und verstanden haben und sich mit ihnen einverstanden erkl\u00e4ren. Diese Nutzungsbedingungen gelten f\u00fcr alle Nutzer der Website, einschlie\u00dflich, aber nicht beschr\u00e4nkt auf Zuschauer, Lieferanten, Kunden, H\u00e4ndler und\/oder Mitwirkende an Inhalten.<\/p><h2>\u2160. Produkte und Bestellungen<\/h2><p>Alle Produktinformationen (z.B. Preis, Lagerbestand, Beschreibung) unterliegen der Echtzeitanzeige auf dieser Website.<\/p><p>Mit dem Absenden einer Bestellung best\u00e4tigen Sie, dass Ihre Kaufabsicht und die angegebenen Informationen (z. B. Lieferadresse und Zahlungsmethode) korrekt sind.<\/p><p><a href=\"https:\/\/yume-beauty.com\/de\/?elementor_library=default-kit-2\"><strong>YumeBeauty<\/strong><\/a> beh\u00e4lt sich das Recht vor, Bestellungen (einschlie\u00dflich bezahlter Bestellungen) aufgrund von Lagerbest\u00e4nden, Systemfehlern oder anderen besonderen Umst\u00e4nden abzulehnen oder zu stornieren. Im Falle einer R\u00fcckerstattung werden wir mit Ihnen kommunizieren und diese umgehend bearbeiten.<\/p><p>Wenn wir eine Bestellung \u00e4ndern oder stornieren, werden wir versuchen, Sie \u00fcber die bei der Bestellung angegebene E-Mail- und\/oder Rechnungsadresse oder Telefonnummer zu benachrichtigen. Wir behalten uns das Recht vor, Bestellungen einzuschr\u00e4nken oder zu verbieten, die nach unserem alleinigen Urteil den Anschein erwecken, von einem H\u00e4ndler, Wiederverk\u00e4ufer oder Distributor aufgegeben worden zu sein. Sie verpflichten sich, aktuelle, vollst\u00e4ndige und genaue Kauf- und Kontoinformationen f\u00fcr alle in unserem Shop get\u00e4tigten K\u00e4ufe anzugeben. Sie verpflichten sich, Ihre Konto- und sonstigen Informationen, einschlie\u00dflich Ihrer E-Mail-Adresse, Ihrer Kreditkartennummer und des Ablaufdatums, umgehend zu aktualisieren, damit wir Ihre Transaktion abschlie\u00dfen und Sie bei Bedarf kontaktieren k\u00f6nnen.<\/p><p>Ausf\u00fchrlichere Informationen finden Sie in unserem <a href=\"https:\/\/yume-beauty.com\/de\/?page_id=4451\"><strong><b>R\u00fcckgabepolitik<\/b><\/strong><\/a>.<\/p><h2>\u2161. Zahlung und Lieferung<\/h2><p>Die Kunden sollten die Richtlinien der Website befolgen, um den Zahlungsvorgang abzuschlie\u00dfen. Die unterst\u00fctzten Zahlungsmethoden h\u00e4ngen von den tats\u00e4chlich verf\u00fcgbaren Optionen ab.<\/p><p>Die Bestellung wird erst nach erfolgreicher Zahlung als g\u00fcltig betrachtet, und wir werden die Ware innerhalb der vereinbarten Zeit versenden.<\/p><p>Die Versandinformationen (Logistikunternehmen, einzige Kuriernummer usw.) werden dem Kunden \u00fcber das System oder den Kundendienst mitgeteilt.<\/p><h2>R\u00fcckgabe und R\u00fcckerstattung<\/h2><p>F\u00fcr R\u00fcckgabe und R\u00fcckerstattung beachten Sie bitte unsere R\u00fcckgabe- und R\u00fcckerstattungsrichtlinien. Wenn Sie irgendwelche Einw\u00e4nde gegen das Produkt haben, wenden Sie sich bitte innerhalb von 7 Tagen nach Erhalt der Ware an den Kundendienst, um das Problem zu l\u00f6sen.<\/p><h2>\u2163. Einschr\u00e4nkungen bei der Verwendung<\/h2><p>Sie d\u00fcrfen diese Website nicht f\u00fcr die folgenden Verhaltensweisen nutzen:<\/p><p>Ver\u00f6ffentlichung falscher, illegaler oder die Rechte und Interessen anderer verletzender Informationen.<\/p><p>Beeintr\u00e4chtigung des normalen Betriebs der Website und der Systemsicherheit.<\/p><p>Unbefugte Erfassung von Website-Daten f\u00fcr Plattformen Dritter.<\/p><p>Andere Verhaltensweisen, die gegen nationale Gesetze und Vorschriften, die \u00f6ffentliche Ordnung und die Moral versto\u00dfen.<\/p><p>Bei einem Versto\u00df gegen die oben genannten Bestimmungen haben wir das Recht, den Dienst auszusetzen, das Konto zu schlie\u00dfen und uns das Recht vorzubehalten, rechtliche Schritte einzuleiten.<\/p><h2>\u2164. Rechte an geistigem Eigentum<\/h2><p>Alle Inhalte dieser Website (einschlie\u00dflich, aber nicht beschr\u00e4nkt auf Texte, Bilder, LOGO, Produktverpackungsdesign, usw.) sind Eigentum von YumeBeauty oder wurden durch den entsprechenden Rechtsschutz genehmigt.<\/p><p>Ohne Genehmigung darf keine Einheit oder Einzelperson kopiert, vervielf\u00e4ltigt, ver\u00e4ndert oder zu kommerziellen Zwecken verwendet werden.<\/p><h2>\u2165. Links von Dritten<\/h2><p>Einige der \u00fcber unsere Dienste angebotenen Inhalte, Produkte und Dienstleistungen k\u00f6nnen Material von Dritten enthalten.<\/p><p>Links von Dritten auf der Website k\u00f6nnen Sie zu Websites Dritter f\u00fchren, die nicht mit uns verbunden sind. Wir sind nicht daf\u00fcr verantwortlich, den Inhalt oder die Genauigkeit zu \u00fcberpr\u00fcfen oder zu bewerten, und wir \u00fcbernehmen keine Garantie und sind nicht haftbar f\u00fcr Materialien oder Websites Dritter oder f\u00fcr andere Materialien, Produkte oder Dienstleistungen Dritter. Wir sind nicht verantwortlich f\u00fcr Sch\u00e4den oder Verluste, die sich aus dem Kauf oder der Nutzung von Waren, Dienstleistungen, Ressourcen, Inhalten oder anderen Transaktionen auf einer Website Dritter ergeben. Bitte lesen Sie die Richtlinien und Praktiken Dritter sorgf\u00e4ltig durch und stellen Sie sicher, dass Sie diese verstehen, bevor Sie eine Transaktion durchf\u00fchren. Beschwerden, Anspr\u00fcche, Bedenken oder Fragen zu Produkten Dritter sollten an den jeweiligen Dritten gerichtet werden.<\/p><h2>\u2166. Benutzerkommentare, Feedback und Sonstiges<\/h2><p>Unabh\u00e4ngig davon, ob online, per E-Mail, per Post oder auf andere Weise (zusammenfassend als \"Kommentare\" bezeichnet), erkl\u00e4ren Sie sich damit einverstanden, dass wir alle Kommentare, die Sie uns \u00fcbermitteln, jederzeit uneingeschr\u00e4nkt bearbeiten, kopieren, ver\u00f6ffentlichen, verbreiten, \u00fcbersetzen und anderweitig nutzen d\u00fcrfen.<\/p><p>Wir sind nicht verpflichtet, (1) die Vertraulichkeit von Kommentaren zu wahren, (2) Sie f\u00fcr Kommentare zu entsch\u00e4digen oder (3) auf Kommentare zu antworten.<\/p><p>Wir sind berechtigt, aber nicht verpflichtet, Inhalte zu \u00fcberwachen, zu bearbeiten oder zu entfernen, die wir nach eigenem Ermessen als ungesetzlich, beleidigend, bedrohlich, verleumderisch, diffamierend, pornografisch, obsz\u00f6n oder anderweitig anst\u00f6\u00dfig erachten oder die die geistigen Eigentumsrechte einer Partei oder diese Nutzungsbedingungen verletzen.<\/p><p>Sie erkl\u00e4ren sich damit einverstanden, dass Ihre Kommentare keine Rechte Dritter verletzen, einschlie\u00dflich Urheberrechte, Marken, Privatsph\u00e4re, Pers\u00f6nlichkeitsrechte oder andere pers\u00f6nliche oder Eigentumsrechte. Sie verpflichten sich ferner, dass Ihre Kommentare kein verleumderisches oder anderweitig ungesetzliches, beleidigendes oder obsz\u00f6nes Material enthalten und auch keine Computerviren oder andere b\u00f6sartige Software, die den Betrieb des Dienstes oder einer damit verbundenen Website in irgendeiner Weise beeintr\u00e4chtigen k\u00f6nnten. Sie werden keine falsche E-Mail-Adresse verwenden, sich als eine andere Person ausgeben oder uns oder Dritte in Bezug auf die Herkunft von Kommentaren in die Irre f\u00fchren. Sie tragen die alleinige Verantwortung f\u00fcr alle Kommentare, die Sie ver\u00f6ffentlichen, und f\u00fcr deren Richtigkeit. Wir sind nicht verantwortlich f\u00fcr Kommentare, die von Ihnen oder Dritten ver\u00f6ffentlicht werden.<\/p><h2>\u2167. Pers\u00f6nliche Informationen<\/h2><p>Die pers\u00f6nlichen Daten, die Sie \u00fcber den Shop \u00fcbermitteln, sind durch unsere Datenschutzrichtlinie gesch\u00fctzt. Bitte lesen Sie unsere Datenschutzrichtlinien.<\/p><h2>\u2168. Allgemeine Fehler<\/h2><p>Gelegentlich k\u00f6nnen Informationen auf unserer Website oder unseren Diensten Druckfehler, Ungenauigkeiten oder Auslassungen in Bezug auf Produktbeschreibungen, Preise, Werbeaktionen, Angebote, Produktversandkosten, Versandzeiten und Verf\u00fcgbarkeit enthalten. Wir behalten uns das Recht vor, Fehler, Ungenauigkeiten oder Auslassungen zu korrigieren und Informationen zu \u00e4ndern oder zu aktualisieren oder Bestellungen jederzeit und ohne Vorank\u00fcndigung zu stornieren (auch nachdem Sie Ihre Bestellung aufgegeben haben). Wir sind nicht verpflichtet, Informationen (einschlie\u00dflich, ohne Einschr\u00e4nkung, Preisinformationen) auf den Diensten oder einer zugeh\u00f6rigen Website zu aktualisieren, zu \u00e4ndern oder zu erl\u00e4utern, es sei denn, dies ist gesetzlich vorgeschrieben.<\/p><h2>\u2169. Geltendes Recht<\/h2><p>Diese Nutzungsbedingungen und alle separaten Vereinbarungen, in deren Rahmen wir Ihnen Dienstleistungen anbieten, unterliegen den Gesetzen Chinas und sind entsprechend auszulegen.<\/p><h2>XI. \u00c4nderungen der Allgemeinen Gesch\u00e4ftsbedingungen<\/h2><p>Sie k\u00f6nnen die aktuelle Version der Nutzungsbedingungen jederzeit auf dieser Seite einsehen.<\/p><p>Wir behalten uns das Recht vor, nach eigenem Ermessen jeden Teil dieser Nutzungsbedingungen zu aktualisieren, zu \u00e4ndern oder zu ersetzen, indem wir Aktualisierungen und \u00c4nderungen auf unserer Website ver\u00f6ffentlichen. Es liegt in Ihrer Verantwortung, unsere Website regelm\u00e4\u00dfig auf \u00c4nderungen zu \u00fcberpr\u00fcfen. Durch die fortgesetzte Nutzung unserer Website oder unserer Dienste nach der Ver\u00f6ffentlichung von \u00c4nderungen an diesen Nutzungsbedingungen erkl\u00e4ren Sie sich mit diesen \u00c4nderungen einverstanden.<\/p><p>Fragen zu den Nutzungsbedingungen richten Sie bitte an\u00a0<strong>info@yume-silm.com<\/strong><\/p>\t\t\t\t\t\t\t\t<\/div>\n\t\t\t\t<\/div>\n\t\t\t\t\t<\/div>\n\t\t\t\t<\/div>\n\t\t\t\t<\/div>","protected":false},"excerpt":{"rendered":"<p>Welcome to https:\/\/yume-beauty.com\/ (\u201cus\u201d or \u201cwe\u201d or \u201cour\u201d). Please read the following terms of service (\u201cTerms\u201d) carefully before you access and use the Site and the services we provide. By accessing, registering, purchasing or otherwise using the Site, you are deemed to have read, understood and agreed to be bound by these Terms. These Terms [&hellip;]<\/p>","protected":false},"author":1,"featured_media":0,"parent":0,"menu_order":0,"comment_status":"closed","ping_status":"closed","template":"","meta":{"_monsterinsights_skip_tracking":false,"_monsterinsights_sitenote_active":false,"_monsterinsights_sitenote_note":"","_monsterinsights_sitenote_category":0,"footnotes":""},"class_list":["post-4471","page","type-page","status-publish","hentry"],"aioseo_notices":[],"_links":{"self":[{"href":"https:\/\/yume-beauty.com\/de\/wp-json\/wp\/v2\/pages\/4471","targetHints":{"allow":["GET"]}}],"collection":[{"href":"https:\/\/yume-beauty.com\/de\/wp-json\/wp\/v2\/pages"}],"about":[{"href":"https:\/\/yume-beauty.com\/de\/wp-json\/wp\/v2\/types\/page"}],"author":[{"embeddable":true,"href":"https:\/\/yume-beauty.com\/de\/wp-json\/wp\/v2\/users\/1"}],"replies":[{"embeddable":true,"href":"https:\/\/yume-beauty.com\/de\/wp-json\/wp\/v2\/comments?post=4471"}],"version-history":[{"count":10,"href":"https:\/\/yume-beauty.com\/de\/wp-json\/wp\/v2\/pages\/4471\/revisions"}],"predecessor-version":[{"id":4591,"href":"https:\/\/yume-beauty.com\/de\/wp-json\/wp\/v2\/pages\/4471\/revisions\/4591"}],"wp:attachment":[{"href":"https:\/\/yume-beauty.com\/de\/wp-json\/wp\/v2\/media?parent=4471"}],"curies":[{"name":"wp","href":"https:\/\/api.w.org\/{rel}","templated":true}]}}