{"id":4570,"date":"2025-04-22T13:47:26","date_gmt":"2025-04-22T05:47:26","guid":{"rendered":"https:\/\/yume-beauty.com\/?page_id=4570"},"modified":"2025-04-22T13:55:59","modified_gmt":"2025-04-22T05:55:59","slug":"eigenmarkenprozess","status":"publish","type":"page","link":"https:\/\/yume-beauty.com\/de\/eigenmarkenprozess\/","title":{"rendered":"Private Label-Prozess"},"content":{"rendered":"<div data-elementor-type=\"wp-page\" data-elementor-id=\"4570\" class=\"elementor elementor-4570\">\n\t\t\t\t<div class=\"elementor-element elementor-element-10cd095 e-flex e-con-boxed e-con e-parent\" data-id=\"10cd095\" data-element_type=\"container\">\n\t\t\t\t\t<div class=\"e-con-inner\">\n\t\t\t\t<div class=\"elementor-element elementor-element-fe54a24 elementor-widget elementor-widget-image\" data-id=\"fe54a24\" data-element_type=\"widget\" data-settings=\"{&quot;wdt_animation_effect&quot;:&quot;none&quot;}\" data-widget_type=\"image.default\">\n\t\t\t\t<div class=\"elementor-widget-container\">\n\t\t\t\t\t\t\t\t\t\t\t\t\t\t\t<img fetchpriority=\"high\" decoding=\"async\" width=\"1200\" height=\"425\" src=\"https:\/\/yume-beauty.com\/wp-content\/uploads\/2025\/04\/about-YumeBeauty-private-label-process-for-makeup-tools.jpg\" class=\"attachment-full size-full wp-image-4572\" alt=\"Private Label-Prozess f\u00fcr Makeup-Tools\" srcset=\"https:\/\/yume-beauty.com\/wp-content\/uploads\/2025\/04\/about-YumeBeauty-private-label-process-for-makeup-tools.jpg 1200w, https:\/\/yume-beauty.com\/wp-content\/uploads\/2025\/04\/about-YumeBeauty-private-label-process-for-makeup-tools-300x106.jpg 300w, https:\/\/yume-beauty.com\/wp-content\/uploads\/2025\/04\/about-YumeBeauty-private-label-process-for-makeup-tools-1024x363.jpg 1024w, https:\/\/yume-beauty.com\/wp-content\/uploads\/2025\/04\/about-YumeBeauty-private-label-process-for-makeup-tools-768x272.jpg 768w, https:\/\/yume-beauty.com\/wp-content\/uploads\/2025\/04\/about-YumeBeauty-private-label-process-for-makeup-tools-1000x354.jpg 1000w\" sizes=\"(max-width: 1200px) 100vw, 1200px\" \/>\t\t\t\t\t\t\t\t\t\t\t\t\t\t\t<\/div>\n\t\t\t\t<\/div>\n\t\t\t\t\t<\/div>\n\t\t\t\t<\/div>\n\t\t<div class=\"elementor-element elementor-element-861d1f7 e-flex e-con-boxed e-con e-parent\" data-id=\"861d1f7\" data-element_type=\"container\">\n\t\t\t\t\t<div class=\"e-con-inner\">\n\t\t\t\t<div class=\"elementor-element elementor-element-8622e74 elementor-widget elementor-widget-text-editor\" data-id=\"8622e74\" data-element_type=\"widget\" data-settings=\"{&quot;wdt_animation_effect&quot;:&quot;none&quot;}\" data-widget_type=\"text-editor.default\">\n\t\t\t\t<div class=\"elementor-widget-container\">\n\t\t\t\t\t\t\t\t\t<p><a href=\"https:\/\/yume-beauty.com\/de\/?elementor_library=default-kit-2\">YumeBeauty<\/a> ist ein spezialisierter Gro\u00dfhandelshersteller von kosmetischen Werkzeugen. Unsere patentierten Produkte werden aus erstklassigen Materialien und handwerklichem K\u00f6nnen hergestellt. Mit einer Mindestbestellmenge von nur 50 St\u00fcck machen wir es Marken leicht, ma\u00dfgeschneiderte, hochwertige Produkte herzustellen.<\/p><h2><strong><b>1. W\u00e4hlen Sie <\/b><\/strong><strong><b>Y<\/b><\/strong><strong><b>unser <\/b><\/strong><strong><b>F<\/b><\/strong><strong><b>Avorit <\/b><\/strong><strong><b>S<\/b><\/strong><strong><b>tyle<\/b><\/strong><\/h2><p>Bitte w\u00e4hlen Sie eines oder mehrere Modelle aus, oder unsere aktuellen Modelle oder neuen Designs.<\/p><p>Wenn Sie uns fragen, empfehlen wir Ihnen, unseren offiziellen Social-Media-Test zum besten Traffic-Stil zu nutzen.<\/p><h2><strong><b>2. Entwurf <\/b><\/strong><strong><b>Y<\/b><\/strong><strong><b>unser <\/b><\/strong><strong><b>O<\/b><\/strong><strong><b>wn <\/b><\/strong><strong><b>B<\/b><\/strong><strong><b>rand <\/b><\/strong><strong><b>N<\/b><\/strong><strong><b>ame zu <\/b><\/strong><strong><b>Y<\/b><\/strong><strong><b>unser <\/b><\/strong><strong><b>S<\/b><\/strong><strong><b>atisfaktion<\/b><\/strong><\/h2><p>Der Wiedererkennungswert einer Marke ist entscheidend f\u00fcr Ihr Sch\u00f6nheitsgesch\u00e4ft!<\/p><p>Wenn Sie noch ganz am Anfang stehen, lassen Sie uns wissen, ob Sie eine Idee haben, und einer unserer professionellen Designer wird Ihnen helfen, gemeinsam einen Markennamen zu entwerfen, mit dem Sie zufrieden sind.<\/p><p>Nat\u00fcrlich k\u00f6nnen Sie auch den Namen Ihres Make-up-Gesch\u00e4fts als Logo f\u00fcr Ihre Eigenmarke verwenden.<\/p><p>Wenn Sie bereits ein Logo haben, k\u00f6nnen Sie es uns per E-Mail zusenden und wir k\u00f6nnen sofort mit der Bearbeitung Ihres Auftrags beginnen.<\/p><h2><strong><b>3. \u00dcber <\/b><\/strong><strong><b>P<\/b><\/strong><strong><b>rivat <\/b><\/strong><strong><b>L<\/b><\/strong><strong><b>abel <\/b><\/strong><strong><b>O<\/b><\/strong><strong><b>rders<\/b><\/strong><\/h2><p>Sie k\u00f6nnen sich Ihre Lieblingsprodukte direkt auf unserer Website aussuchen, eine Bestellung aufgeben und wir werden diese sofort f\u00fcr Sie erledigen.<\/p><p>Wenn Sie nicht wissen, wie man auf unserer Website zu bedienen oder wollen Zeit zu sparen, k\u00f6nnen Sie Ihre Produktliste und Logo Bild an privaten Kundenservice zu senden, werden wir eine Rechnung f\u00fcr Sie ausstellen, m\u00fcssen Sie nur die Rechnung Details zu \u00fcberpr\u00fcfen und zu bezahlen.<\/p><p>Nat\u00fcrlich, wenn Sie Ideen f\u00fcr Anpassungen, neue Verpackungsdesigns oder den Ersatz anderer Verpackungen usw. haben, wenden Sie sich bitte direkt an unseren privaten Kundendienst, wir werden Ihnen gerne helfen.<\/p><h2><strong><b>4. Zahlung f\u00fcr Eigenmarkenbestellungen<\/b><\/strong><\/h2><p>Bitte beachten Sie, dass alle Bestellungen von Make-up-Tools f\u00fcr Eigenmarken eine vollst\u00e4ndige Zahlung erfordern, bevor wir mit der Bearbeitung Ihrer Bestellung beginnen k\u00f6nnen.<\/p><p>Bitte haben Sie Verst\u00e4ndnis daf\u00fcr, dass wir, sobald Ihr Logo auf den hergestellten Schminkutensilien oder der Verpackung aufgedruckt ist, diese Artikel nicht mehr an andere Kunden verkaufen oder weiterverkaufen k\u00f6nnen.<\/p><p>Seien Sie versichert, dass wir bei allen Fragen zur Produktqualit\u00e4t oder zu Br\u00fcchen bedingungslos mit Ihnen zusammenarbeiten werden.<\/p><h2><strong><b>5. \u00dcber die Auftragsbest\u00e4tigung und Produktion von Eigenmarken<\/b><\/strong><\/h2><p>Sobald wir Ihre vollst\u00e4ndige Bestellung erhalten haben, entwerfen unsere Designer einen Entwurf f\u00fcr Ihre Bed\u00fcrfnisse und zeigen Ihnen dann Bilder des Entwurfs \u00fcber den privaten Kundendienst.<\/p><p>Nach Erhalt Ihrer vollst\u00e4ndigen Best\u00e4tigung wird das Modell zum Druck ins Werk geschickt.<\/p><p>Bitte beachten Sie, dass alle Produkt- oder Verpackungsdetails nicht mehr ge\u00e4ndert werden k\u00f6nnen, sobald das Modell an das Werk geschickt wurde. Bitte pr\u00fcfen Sie daher sorgf\u00e4ltig, wenn Sie das Designmodell best\u00e4tigen. Vielen Dank f\u00fcr Ihre Mitarbeit!<\/p><h2><strong><b>6. Versand und Lieferung von Eigenmarkenbestellungen<\/b><\/strong><\/h2><p>Bestellungen mit allgemeinem Logoaufdruck k\u00f6nnen innerhalb von 5-7 Werktagen versandt werden;<\/p><p>F\u00fcr kundenspezifische neue Make-up-Tools oder andere Verpackungen usw. kann es je nach Design des Produkts l\u00e4nger dauern. Bitte seien Sie versichert, dass wir sofort mit Ihnen kommunizieren werden.<\/p><p>Wir setzen uns w\u00e4hrend des gesamten Prozesses f\u00fcr Ihre Zufriedenheit ein, bis Sie die von uns gesendeten Waren tats\u00e4chlich erhalten und mit ihnen zufrieden sind.<\/p>\t\t\t\t\t\t\t\t<\/div>\n\t\t\t\t<\/div>\n\t\t\t\t\t<\/div>\n\t\t\t\t<\/div>\n\t\t\t\t<\/div>","protected":false},"excerpt":{"rendered":"<p>YumeBeauty ist ein spezialisierter Gro\u00dfhandelshersteller von kosmetischen Werkzeugen, und unsere patentierten Produkte werden aus erstklassigen Materialien und handwerklichem K\u00f6nnen hergestellt. Mit einer Mindestbestellmenge von nur 50 St\u00fcck machen wir es Marken leicht, ma\u00dfgeschneiderte, hochwertige Produkte herzustellen. 1. W\u00e4hlen Sie Ihren Lieblingsstil Bitte w\u00e4hlen Sie ein oder mehrere Modelle, oder unsere hei\u00dfen [...]<\/p>","protected":false},"author":1,"featured_media":0,"parent":0,"menu_order":0,"comment_status":"closed","ping_status":"closed","template":"","meta":{"_monsterinsights_skip_tracking":false,"_monsterinsights_sitenote_active":false,"_monsterinsights_sitenote_note":"","_monsterinsights_sitenote_category":0,"footnotes":""},"class_list":["post-4570","page","type-page","status-publish","hentry"],"aioseo_notices":[],"_links":{"self":[{"href":"https:\/\/yume-beauty.com\/de\/wp-json\/wp\/v2\/pages\/4570","targetHints":{"allow":["GET"]}}],"collection":[{"href":"https:\/\/yume-beauty.com\/de\/wp-json\/wp\/v2\/pages"}],"about":[{"href":"https:\/\/yume-beauty.com\/de\/wp-json\/wp\/v2\/types\/page"}],"author":[{"embeddable":true,"href":"https:\/\/yume-beauty.com\/de\/wp-json\/wp\/v2\/users\/1"}],"replies":[{"embeddable":true,"href":"https:\/\/yume-beauty.com\/de\/wp-json\/wp\/v2\/comments?post=4570"}],"version-history":[{"count":5,"href":"https:\/\/yume-beauty.com\/de\/wp-json\/wp\/v2\/pages\/4570\/revisions"}],"predecessor-version":[{"id":4578,"href":"https:\/\/yume-beauty.com\/de\/wp-json\/wp\/v2\/pages\/4570\/revisions\/4578"}],"wp:attachment":[{"href":"https:\/\/yume-beauty.com\/de\/wp-json\/wp\/v2\/media?parent=4570"}],"curies":[{"name":"wp","href":"https:\/\/api.w.org\/{rel}","templated":true}]}}