{"id":4814,"date":"2025-04-28T13:07:18","date_gmt":"2025-04-28T05:07:18","guid":{"rendered":"https:\/\/yume-beauty.com\/?page_id=4814"},"modified":"2025-04-28T13:17:12","modified_gmt":"2025-04-28T05:17:12","slug":"eine-kostenlose-probe-erhalten","status":"publish","type":"page","link":"https:\/\/yume-beauty.com\/de\/eine-kostenlose-probe-erhalten\/","title":{"rendered":"Erhalten Sie ein kostenloses Muster"},"content":{"rendered":"<div data-elementor-type=\"wp-page\" data-elementor-id=\"4814\" class=\"elementor elementor-4814\">\n\t\t\t\t<div class=\"elementor-element elementor-element-8ecf05c e-flex e-con-boxed e-con e-parent\" data-id=\"8ecf05c\" data-element_type=\"container\">\n\t\t\t\t\t<div class=\"e-con-inner\">\n\t\t<div class=\"elementor-element elementor-element-097b236 e-con-full e-flex e-con e-child\" data-id=\"097b236\" data-element_type=\"container\">\n\t\t\t\t<div class=\"elementor-element elementor-element-575bceb elementor-widget elementor-widget-image\" data-id=\"575bceb\" data-element_type=\"widget\" data-settings=\"{&quot;wdt_animation_effect&quot;:&quot;none&quot;}\" data-widget_type=\"image.default\">\n\t\t\t\t<div class=\"elementor-widget-container\">\n\t\t\t\t\t\t\t\t\t\t\t\t\t\t\t<img fetchpriority=\"high\" decoding=\"async\" width=\"1024\" height=\"363\" src=\"https:\/\/yume-beauty.com\/wp-content\/uploads\/2025\/04\/about-YumeBeauty-private-label-process-for-makeup-tools-1024x363.jpg\" class=\"attachment-large size-large wp-image-4572\" alt=\"Private Label-Prozess f\u00fcr Makeup-Tools\" srcset=\"https:\/\/yume-beauty.com\/wp-content\/uploads\/2025\/04\/about-YumeBeauty-private-label-process-for-makeup-tools-1024x363.jpg 1024w, https:\/\/yume-beauty.com\/wp-content\/uploads\/2025\/04\/about-YumeBeauty-private-label-process-for-makeup-tools-300x106.jpg 300w, https:\/\/yume-beauty.com\/wp-content\/uploads\/2025\/04\/about-YumeBeauty-private-label-process-for-makeup-tools-768x272.jpg 768w, https:\/\/yume-beauty.com\/wp-content\/uploads\/2025\/04\/about-YumeBeauty-private-label-process-for-makeup-tools-1000x354.jpg 1000w, https:\/\/yume-beauty.com\/wp-content\/uploads\/2025\/04\/about-YumeBeauty-private-label-process-for-makeup-tools.jpg 1200w\" sizes=\"(max-width: 1024px) 100vw, 1024px\" \/>\t\t\t\t\t\t\t\t\t\t\t\t\t\t\t<\/div>\n\t\t\t\t<\/div>\n\t\t\t\t<div class=\"elementor-element elementor-element-013905a elementor-widget elementor-widget-text-editor\" data-id=\"013905a\" data-element_type=\"widget\" data-settings=\"{&quot;wdt_animation_effect&quot;:&quot;none&quot;}\" data-widget_type=\"text-editor.default\">\n\t\t\t\t<div class=\"elementor-widget-container\">\n\t\t\t\t\t\t\t\t\t<p><strong><b>Erleben Sie unsere Qualit\u00e4t aus erster Hand!<\/b><\/strong><\/p><p><strong><b>Wir glauben, dass man nur sehen kann, was man glaubt.<\/b><\/strong><\/p><p>Bevor Sie eine Gro\u00dfbestellung aufgeben, bieten wir Ihnen gerne Muster an, damit Sie sich pers\u00f6nlich von der erstklassigen Qualit\u00e4t, dem Design und der Leistung unserer Produkte \u00fcberzeugen k\u00f6nnen.<\/p><p>Dar\u00fcber hinaus bieten wir Ihnen <a href=\"https:\/\/yume-beauty.com\/de\/?page_id=419\"><strong><b>Einzeldienst<\/b><\/strong><\/a>. Bitte z\u00f6gern Sie nicht, uns zu kontaktieren!<\/p>\t\t\t\t\t\t\t\t<\/div>\n\t\t\t\t<\/div>\n\t\t\t\t<div class=\"elementor-element elementor-element-fb72d7d elementor-widget elementor-widget-text-editor\" data-id=\"fb72d7d\" data-element_type=\"widget\" data-settings=\"{&quot;wdt_animation_effect&quot;:&quot;none&quot;}\" data-widget_type=\"text-editor.default\">\n\t\t\t\t<div class=\"elementor-widget-container\">\n\t\t\t\t\t\t\t\t\t<h2>Kostenlose Proben?<\/h2><p>Erhalten Sie kostenlose Proben! Allerdings m\u00fcssen Sie die Versandkosten selbst tragen.<\/p><p>Hinweis: Wenn Ihre Bestellung einen bestimmten Betrag erreicht, erstatten wir Ihnen die Mustergeb\u00fchr!<\/p><p>Wir erstatten jedoch nur die Kosten f\u00fcr Produktmuster. Formkosten oder andere Kosten sind nicht in der Erstattung enthalten!<\/p><p>\u00a0<\/p><h2>Preisbeispiele?<\/h2><p>Alle Lagerprodukte auf unserer Website k\u00f6nnen per Mausklick bestellt werden, und Sie k\u00f6nnen die gew\u00fcnschten Muster direkt anfordern.<\/p><p>Bei kundenspezifischen Produkten m\u00fcssen Sie die Kosten f\u00fcr die Formen und andere Kosten ber\u00fccksichtigen, die speziell mit Ihrem engagierten Kundendienst besprochen werden m\u00fcssen.<\/p><p>\u00a0<\/p><h2>Musterdienst?<\/h2><p>Wir k\u00f6nnen kostenloses Produktdesign zur Verf\u00fcgung stellen, wir werden sofort nach Ihrer Best\u00e4tigung mit der Herstellung von Mustern beginnen. Einschlie\u00dflich Material, Gr\u00f6\u00dfe, Form, Logo, Verpackung, etc., rundum Anpassung ist bis zu Ihnen.<\/p><p>\u00a0<\/p><h2>Zeit f\u00fcr die Herstellung und den Transport von Mustern?<\/h2><p>Alle Produkte, die auf der Website vorr\u00e4tig sind, k\u00f6nnen direkt bestellt werden, indem Sie eine Bestellung aufgeben und Ihre Muster erhalten. Allgemeine Lieferung dauert in der Regel 7-15 Tage.<\/p><p>Die Produktionszeit f\u00fcr kundenspezifische Muster h\u00e4ngt von Fall zu Fall ab.<\/p><p>\u00a0<\/p><h2>Verfolgen Sie Ihre Musterbestellung?<\/h2><p>Nachdem die Muster verschickt wurden, teilen wir Ihnen die Auftragsnummer des Kuriers mit.<\/p><p>Oder unser professionelles Verkaufspersonal wird Ihnen einen pers\u00f6nlichen Service bieten und Sie rechtzeitig \u00fcber den Versandstatus der Muster informieren.<\/p><p>\u00a0<\/p><h2>Sind Sie bereit, loszulegen?<\/h2><p>\ud83d\udc49 Kontaktieren Sie uns noch heute und starten Sie Ihre Musteranforderung!<\/p><p>Lassen Sie uns gemeinsam Ihr Gesch\u00e4ft mit der besten Qualit\u00e4t und den wettbewerbsf\u00e4higsten Preisen aufbauen.<\/p>\t\t\t\t\t\t\t\t<\/div>\n\t\t\t\t<\/div>\n\t\t\t\t<div class=\"elementor-element elementor-element-7129272 elementor-widget elementor-widget-text-editor\" data-id=\"7129272\" data-element_type=\"widget\" data-settings=\"{&quot;wdt_animation_effect&quot;:&quot;none&quot;}\" data-widget_type=\"text-editor.default\">\n\t\t\t\t<div class=\"elementor-widget-container\">\n\t\t\t\t\t\t\t\t\t<h2><strong><b>Schneller Kontakt<\/b><\/strong><\/h2><p>Whatsapp\/Tel: + 86 18966004409<\/p><p>Adresse: Raum 722, Nr. 407, Yongjun Road, Yiwu City, Provinz Zhejiang, China<\/p><p><span style=\"text-decoration: underline;\"><em><a href=\"https:\/\/yume-beauty.com\/de\/?page_id=419\"><strong><b>Klicken Sie hier f\u00fcr einen pers\u00f6nlichen Service<\/b><\/strong><\/a><\/em><\/span><\/p><p><span style=\"text-decoration: underline;\"><em><strong><a href=\"https:\/\/yume-beauty.com\/de\/?page_id=4443\">Datenschutzbestimmungen<\/a><\/strong><\/em><\/span><\/p>\t\t\t\t\t\t\t\t<\/div>\n\t\t\t\t<\/div>\n\t\t\t\t<\/div>\n\t\t\t\t\t<\/div>\n\t\t\t\t<\/div>\n\t\t\t\t<\/div>","protected":false},"excerpt":{"rendered":"<p>Experience Our Quality Firsthand! We believe that seeing is believing. Before you place a bulk order, we are happy to offer sample options so you can personally experience the premium quality, design, and performance of our products. In addition, we offer you one-on-one service. Please feel free to contact us! Free samples? Get free samples! [&hellip;]<\/p>","protected":false},"author":1,"featured_media":0,"parent":0,"menu_order":0,"comment_status":"closed","ping_status":"closed","template":"","meta":{"_monsterinsights_skip_tracking":false,"_monsterinsights_sitenote_active":false,"_monsterinsights_sitenote_note":"","_monsterinsights_sitenote_category":0,"footnotes":""},"class_list":["post-4814","page","type-page","status-publish","hentry"],"aioseo_notices":[],"_links":{"self":[{"href":"https:\/\/yume-beauty.com\/de\/wp-json\/wp\/v2\/pages\/4814","targetHints":{"allow":["GET"]}}],"collection":[{"href":"https:\/\/yume-beauty.com\/de\/wp-json\/wp\/v2\/pages"}],"about":[{"href":"https:\/\/yume-beauty.com\/de\/wp-json\/wp\/v2\/types\/page"}],"author":[{"embeddable":true,"href":"https:\/\/yume-beauty.com\/de\/wp-json\/wp\/v2\/users\/1"}],"replies":[{"embeddable":true,"href":"https:\/\/yume-beauty.com\/de\/wp-json\/wp\/v2\/comments?post=4814"}],"version-history":[{"count":6,"href":"https:\/\/yume-beauty.com\/de\/wp-json\/wp\/v2\/pages\/4814\/revisions"}],"predecessor-version":[{"id":4820,"href":"https:\/\/yume-beauty.com\/de\/wp-json\/wp\/v2\/pages\/4814\/revisions\/4820"}],"wp:attachment":[{"href":"https:\/\/yume-beauty.com\/de\/wp-json\/wp\/v2\/media?parent=4814"}],"curies":[{"name":"wp","href":"https:\/\/api.w.org\/{rel}","templated":true}]}}