{"id":4821,"date":"2025-04-28T13:48:52","date_gmt":"2025-04-28T05:48:52","guid":{"rendered":"https:\/\/yume-beauty.com\/?page_id=4821"},"modified":"2025-08-15T13:59:49","modified_gmt":"2025-08-15T05:59:49","slug":"oem-und-odm-kundenspezifische-schonheitswerkzeuge-dienstleistungen-2","status":"publish","type":"page","link":"https:\/\/yume-beauty.com\/de\/oem-und-odm-kundenspezifische-schonheitswerkzeuge-dienstleistungen-2\/","title":{"rendered":"OEM- und ODM-Dienstleistungen f\u00fcr kosmetische Ger\u00e4te"},"content":{"rendered":"<div data-elementor-type=\"wp-page\" data-elementor-id=\"4821\" class=\"elementor elementor-4821\">\n\t\t\t\t<div class=\"elementor-element elementor-element-5ab353d e-flex e-con-boxed e-con e-parent\" data-id=\"5ab353d\" data-element_type=\"container\">\n\t\t\t\t\t<div class=\"e-con-inner\">\n\t\t\t\t<div class=\"elementor-element elementor-element-9157065 elementor-widget elementor-widget-image\" data-id=\"9157065\" data-element_type=\"widget\" data-settings=\"{&quot;wdt_animation_effect&quot;:&quot;none&quot;}\" data-widget_type=\"image.default\">\n\t\t\t\t<div class=\"elementor-widget-container\">\n\t\t\t\t\t\t\t\t\t\t\t\t\t\t\t<img fetchpriority=\"high\" decoding=\"async\" width=\"1024\" height=\"363\" src=\"https:\/\/yume-beauty.com\/wp-content\/uploads\/2025\/04\/about-YumeBeauty-private-label-process-for-makeup-tools-1024x363.jpg\" class=\"attachment-large size-large wp-image-4572\" alt=\"Private Label-Prozess f\u00fcr Makeup-Tools\" srcset=\"https:\/\/yume-beauty.com\/wp-content\/uploads\/2025\/04\/about-YumeBeauty-private-label-process-for-makeup-tools-1024x363.jpg 1024w, https:\/\/yume-beauty.com\/wp-content\/uploads\/2025\/04\/about-YumeBeauty-private-label-process-for-makeup-tools-300x106.jpg 300w, https:\/\/yume-beauty.com\/wp-content\/uploads\/2025\/04\/about-YumeBeauty-private-label-process-for-makeup-tools-768x272.jpg 768w, https:\/\/yume-beauty.com\/wp-content\/uploads\/2025\/04\/about-YumeBeauty-private-label-process-for-makeup-tools-1000x354.jpg 1000w, https:\/\/yume-beauty.com\/wp-content\/uploads\/2025\/04\/about-YumeBeauty-private-label-process-for-makeup-tools.jpg 1200w\" sizes=\"(max-width: 1024px) 100vw, 1024px\" \/>\t\t\t\t\t\t\t\t\t\t\t\t\t\t\t<\/div>\n\t\t\t\t<\/div>\n\t\t\t\t<div class=\"elementor-element elementor-element-dbdf331 elementor-widget elementor-widget-text-editor\" data-id=\"dbdf331\" data-element_type=\"widget\" data-settings=\"{&quot;wdt_animation_effect&quot;:&quot;none&quot;}\" data-widget_type=\"text-editor.default\">\n\t\t\t\t<div class=\"elementor-widget-container\">\n\t\t\t\t\t\t\t\t\t<p>Bei YumeBeauty bieten wir ma\u00dfgeschneiderte Beauty-Tools an, die auf Ihre Bed\u00fcrfnisse zugeschnitten sind.<\/p><p>Dank unserer langj\u00e4hrigen Erfahrung und professionellen Designs k\u00f6nnen Sie Ihre Schminkutensilien problemlos mit Markenlogos versehen.<\/p><p>Wir bieten weitere Anpassungsm\u00f6glichkeiten wie Material, Dicke, Form, Farbe, Gr\u00f6\u00dfe, Markenlogo, Verpackung und mehr.<\/p><p>Unser Ziel ist es, Ihre Marke durch ma\u00dfgeschneiderte Beauty-Tools auf dem Markt hervorzuheben.<\/p>\t\t\t\t\t\t\t\t<\/div>\n\t\t\t\t<\/div>\n\t\t\t\t<div class=\"elementor-element elementor-element-eef521c elementor-position-top elementor-widget elementor-widget-image-box\" data-id=\"eef521c\" data-element_type=\"widget\" data-settings=\"{&quot;wdt_animation_effect&quot;:&quot;none&quot;}\" data-widget_type=\"image-box.default\">\n\t\t\t\t<div class=\"elementor-widget-container\">\n\t\t\t\t\t<div class=\"elementor-image-box-wrapper\"><figure class=\"elementor-image-box-img\"><img decoding=\"async\" width=\"800\" height=\"500\" src=\"https:\/\/yume-beauty.com\/wp-content\/uploads\/2025\/04\/Surgery-free-cosmetic-face-lifting-tape.jpg\" class=\"attachment-full size-full wp-image-4610\" alt=\"Transparentes Band zur Gesichtsstraffung - keine Operation erforderlich\" srcset=\"https:\/\/yume-beauty.com\/wp-content\/uploads\/2025\/04\/Surgery-free-cosmetic-face-lifting-tape.jpg 800w, https:\/\/yume-beauty.com\/wp-content\/uploads\/2025\/04\/Surgery-free-cosmetic-face-lifting-tape-300x188.jpg 300w, https:\/\/yume-beauty.com\/wp-content\/uploads\/2025\/04\/Surgery-free-cosmetic-face-lifting-tape-768x480.jpg 768w\" sizes=\"(max-width: 800px) 100vw, 800px\" \/><\/figure><div class=\"elementor-image-box-content\"><h3 class=\"elementor-image-box-title\">Innovative kosmetische Werkzeuge<\/h3><p class=\"elementor-image-box-description\">\u2728 Der Vorteil des Erstanbieters\nWir sind die Erfinder vieler der heute gefragtesten Sch\u00f6nheitsl\u00f6sungen und halten mehrere Patente zum Schutz unserer exklusiven Designs und Technologien.\n\n\n\u2728 Unerm\u00fcdliche Innovation\nJedes Produkt, das wir auf den Markt bringen - von der Farbe \u00fcber die Gr\u00f6\u00dfe und Dicke bis hin zur Materialauswahl - ist das Ergebnis von Hunderten von Feedback-Runden, Tausenden von Benutzertests und st\u00e4ndiger Verfeinerung.\nUnser Ziel ist es, die komfortabelsten, effektivsten und benutzerfreundlichsten Produkte auf dem Markt zu entwickeln.<\/p><\/div><\/div>\t\t\t\t<\/div>\n\t\t\t\t<\/div>\n\t\t\t\t<div class=\"elementor-element elementor-element-4993c61 elementor-position-top elementor-widget elementor-widget-image-box\" data-id=\"4993c61\" data-element_type=\"widget\" data-settings=\"{&quot;wdt_animation_effect&quot;:&quot;none&quot;}\" data-widget_type=\"image-box.default\">\n\t\t\t\t<div class=\"elementor-widget-container\">\n\t\t\t\t\t<div class=\"elementor-image-box-wrapper\"><figure class=\"elementor-image-box-img\"><img decoding=\"async\" width=\"790\" height=\"879\" src=\"https:\/\/yume-beauty.com\/wp-content\/uploads\/2025\/04\/One-stop-solution-for-complete-customization-of-beauty-tools.png\" class=\"attachment-full size-full wp-image-4823\" alt=\"One-Stop-L\u00f6sung f\u00fcr die vollst\u00e4ndige Anpassung von Beauty-Tools\" srcset=\"https:\/\/yume-beauty.com\/wp-content\/uploads\/2025\/04\/One-stop-solution-for-complete-customization-of-beauty-tools.png 790w, https:\/\/yume-beauty.com\/wp-content\/uploads\/2025\/04\/One-stop-solution-for-complete-customization-of-beauty-tools-270x300.png 270w, https:\/\/yume-beauty.com\/wp-content\/uploads\/2025\/04\/One-stop-solution-for-complete-customization-of-beauty-tools-768x855.png 768w\" sizes=\"(max-width: 790px) 100vw, 790px\" \/><\/figure><div class=\"elementor-image-box-content\"><h3 class=\"elementor-image-box-title\">Vollst\u00e4ndig anpassbare L\u00f6sungen<\/h3><p class=\"elementor-image-box-description\">Ob Sie nun eine Eigenmarke (OEM) oder eine komplette kundenspezifische Entwicklung (ODM) ben\u00f6tigen, wir bieten Ihnen alles:\n\n1. kundenspezifische Farben, Dicken und Abmessungen\n\n2. kundenspezifischer Logodruck und Verpackung\n\n3. neue Form Design und Produktentwicklung\n\n4. exklusive Rezepturen und Patentlizenzen<\/p><\/div><\/div>\t\t\t\t<\/div>\n\t\t\t\t<\/div>\n\t\t\t\t<div class=\"elementor-element elementor-element-7b6f957 elementor-position-top elementor-widget elementor-widget-image-box\" data-id=\"7b6f957\" data-element_type=\"widget\" data-settings=\"{&quot;wdt_animation_effect&quot;:&quot;none&quot;}\" data-widget_type=\"image-box.default\">\n\t\t\t\t<div class=\"elementor-widget-container\">\n\t\t\t\t\t<div class=\"elementor-image-box-wrapper\"><figure class=\"elementor-image-box-img\"><img loading=\"lazy\" decoding=\"async\" width=\"700\" height=\"484\" src=\"https:\/\/yume-beauty.com\/wp-content\/uploads\/2023\/10\/One-to-one-professional-customer-service.jpg\" class=\"attachment-full size-full wp-image-4566\" alt=\"Professionelle Kundenbetreuung von Mensch zu Mensch\" srcset=\"https:\/\/yume-beauty.com\/wp-content\/uploads\/2023\/10\/One-to-one-professional-customer-service.jpg 700w, https:\/\/yume-beauty.com\/wp-content\/uploads\/2023\/10\/One-to-one-professional-customer-service-300x207.jpg 300w\" sizes=\"(max-width: 700px) 100vw, 700px\" \/><\/figure><div class=\"elementor-image-box-content\"><h3 class=\"elementor-image-box-title\">Eins-zu-eins-Service<\/h3><p class=\"elementor-image-box-description\">Eine schnelle Reaktion auf den Markt und schnelle L\u00f6sungen in Bezug auf die Anpassung an die Kundenbed\u00fcrfnisse werden zeitnah erreicht.<\/p><\/div><\/div>\t\t\t\t<\/div>\n\t\t\t\t<\/div>\n\t\t<div class=\"elementor-element elementor-element-30b2ed5 e-grid e-con-full e-con e-child\" data-id=\"30b2ed5\" data-element_type=\"container\">\n\t\t\t\t<div class=\"elementor-element elementor-element-bfe90a9 elementor-widget elementor-widget-image\" data-id=\"bfe90a9\" data-element_type=\"widget\" data-settings=\"{&quot;wdt_animation_effect&quot;:&quot;none&quot;}\" data-widget_type=\"image.default\">\n\t\t\t\t<div class=\"elementor-widget-container\">\n\t\t\t\t\t\t\t\t\t\t\t\t\t\t\t<img loading=\"lazy\" decoding=\"async\" width=\"434\" height=\"584\" src=\"https:\/\/yume-beauty.com\/wp-content\/uploads\/2023\/10\/invisible-breathable-face-lift-patch.png\" class=\"attachment-large size-large wp-image-4740\" alt=\"unsichtbares atmungsaktives Facelifting-Pflaster YumeBeauty\" srcset=\"https:\/\/yume-beauty.com\/wp-content\/uploads\/2023\/10\/invisible-breathable-face-lift-patch.png 434w, https:\/\/yume-beauty.com\/wp-content\/uploads\/2023\/10\/invisible-breathable-face-lift-patch-223x300.png 223w\" sizes=\"(max-width: 434px) 100vw, 434px\" \/>\t\t\t\t\t\t\t\t\t\t\t\t\t\t\t<\/div>\n\t\t\t\t<\/div>\n\t\t\t\t<div class=\"elementor-element elementor-element-7a33ea4 elementor-widget elementor-widget-image\" data-id=\"7a33ea4\" data-element_type=\"widget\" data-settings=\"{&quot;wdt_animation_effect&quot;:&quot;none&quot;}\" data-widget_type=\"image.default\">\n\t\t\t\t<div class=\"elementor-widget-container\">\n\t\t\t\t\t\t\t\t\t\t\t\t\t\t\t<img loading=\"lazy\" decoding=\"async\" width=\"434\" height=\"584\" src=\"https:\/\/yume-beauty.com\/wp-content\/uploads\/2023\/10\/adult-ear-correction-stickers.png\" class=\"attachment-large size-large wp-image-4736\" alt=\"Ohrenkorrektur-Aufkleber f\u00fcr Erwachsene YumeBeauty\" srcset=\"https:\/\/yume-beauty.com\/wp-content\/uploads\/2023\/10\/adult-ear-correction-stickers.png 434w, https:\/\/yume-beauty.com\/wp-content\/uploads\/2023\/10\/adult-ear-correction-stickers-223x300.png 223w\" sizes=\"(max-width: 434px) 100vw, 434px\" \/>\t\t\t\t\t\t\t\t\t\t\t\t\t\t\t<\/div>\n\t\t\t\t<\/div>\n\t\t\t\t<\/div>\n\t\t\t\t\t<\/div>\n\t\t\t\t<\/div>\n\t\t\t\t<\/div>","protected":false},"excerpt":{"rendered":"<p>At YumeBeauty, we offer customized beauty tools designed to meet your every need. With a wealth of experience and professional designs, you can easily customize your makeup tools with brand logos. We offer more customization options such as material, thickness, shape, color, size, brand logo, packaging and more. Our goal is to help your brand [&hellip;]<\/p>","protected":false},"author":1,"featured_media":0,"parent":0,"menu_order":0,"comment_status":"closed","ping_status":"closed","template":"","meta":{"_monsterinsights_skip_tracking":false,"_monsterinsights_sitenote_active":false,"_monsterinsights_sitenote_note":"","_monsterinsights_sitenote_category":0,"footnotes":""},"class_list":["post-4821","page","type-page","status-publish","hentry"],"aioseo_notices":[],"_links":{"self":[{"href":"https:\/\/yume-beauty.com\/de\/wp-json\/wp\/v2\/pages\/4821","targetHints":{"allow":["GET"]}}],"collection":[{"href":"https:\/\/yume-beauty.com\/de\/wp-json\/wp\/v2\/pages"}],"about":[{"href":"https:\/\/yume-beauty.com\/de\/wp-json\/wp\/v2\/types\/page"}],"author":[{"embeddable":true,"href":"https:\/\/yume-beauty.com\/de\/wp-json\/wp\/v2\/users\/1"}],"replies":[{"embeddable":true,"href":"https:\/\/yume-beauty.com\/de\/wp-json\/wp\/v2\/comments?post=4821"}],"version-history":[{"count":7,"href":"https:\/\/yume-beauty.com\/de\/wp-json\/wp\/v2\/pages\/4821\/revisions"}],"predecessor-version":[{"id":5142,"href":"https:\/\/yume-beauty.com\/de\/wp-json\/wp\/v2\/pages\/4821\/revisions\/5142"}],"wp:attachment":[{"href":"https:\/\/yume-beauty.com\/de\/wp-json\/wp\/v2\/media?parent=4821"}],"curies":[{"name":"wp","href":"https:\/\/api.w.org\/{rel}","templated":true}]}}