{"id":4703,"date":"2025-04-25T14:53:44","date_gmt":"2025-04-25T06:53:44","guid":{"rendered":"https:\/\/yume-beauty.com\/?post_type=product&#038;p=4703"},"modified":"2026-01-26T02:38:19","modified_gmt":"2026-01-25T18:38:19","slug":"ohrenkorrekturpflaster-fur-erwachsene","status":"publish","type":"product","link":"https:\/\/yume-beauty.com\/de\/product\/ohrenkorrekturpflaster-fur-erwachsene\/","title":{"rendered":"Ohrenkorrekturpflaster f\u00fcr Erwachsene - 8 PCS Originalverpacktes Set"},"content":{"rendered":"<p><strong>Ohrenkorrekturpflaster f\u00fcr Erwachsene - Was ist drin?<\/strong><\/p>\n<ul>\n<li>8 einzeln verpackte Ohrenkorrekturpflaster.<\/li>\n<li>Hochwertige Originalverpackung mit Markenzeichen.<\/li>\n<li>Inklusive Beipackzettel.<\/li>\n<li>Bereit f\u00fcr den Einzelhandel oder den t\u00e4glichen Selbstgebrauch.<\/li>\n<li>Perfekt f\u00fcr den Wiederverkauf, die Verwendung in Salons oder f\u00fcr pers\u00f6nliche Pflegesets.<\/li>\n<\/ul>\n<h3>Ohrenkorrekturpflaster f\u00fcr Erwachsene Hauptvorteile<\/h3>\n<ul>\n<li>Instant Ear Positioning - Korrigiert das Erscheinungsbild abstehender Ohren in Sekundenschnelle<\/li>\n<li>Ultrad\u00fcnn und unsichtbar - nicht unter dem Haar oder Make-up zu erkennen<\/li>\n<li>Medizinischer Klebstoff - hypoallergen, atmungsaktiv und sicher f\u00fcr das t\u00e4gliche Tragen<\/li>\n<li>Langanhaltender Halt - Angenehmer Tragekomfort f\u00fcr bis zu 8+ Stunden<\/li>\n<li>Diskret und praktisch - geeignet f\u00fcr Arbeit, gesellschaftliche Veranstaltungen und Fotoshootings<\/li>\n<\/ul>\n<p><strong>Profi-Tipp: Verwenden Sie es vor dem Haarstyling oder dem Make-up, um den besten nahtlosen Effekt zu erzielen.<\/strong><\/p>\n<p><a href=\"https:\/\/www.instagram.com\/p\/DKLfYSpNqgs\/\"><img fetchpriority=\"high\" decoding=\"async\" class=\"alignnone wp-image-4708 size-medium\" src=\"https:\/\/yume-beauty.com\/wp-content\/uploads\/2025\/04\/original-ear-corrective-boxed-set-hydrocolloid-shrink-ear-corrector-2-300x300.jpg\" alt=\"Ohrenkorrekturpflaster f\u00fcr Erwachsene\" width=\"300\" height=\"300\" srcset=\"https:\/\/yume-beauty.com\/wp-content\/uploads\/2025\/04\/original-ear-corrective-boxed-set-hydrocolloid-shrink-ear-corrector-2-300x300.jpg 300w, https:\/\/yume-beauty.com\/wp-content\/uploads\/2025\/04\/original-ear-corrective-boxed-set-hydrocolloid-shrink-ear-corrector-2-150x150.jpg 150w, https:\/\/yume-beauty.com\/wp-content\/uploads\/2025\/04\/original-ear-corrective-boxed-set-hydrocolloid-shrink-ear-corrector-2-768x768.jpg 768w, https:\/\/yume-beauty.com\/wp-content\/uploads\/2025\/04\/original-ear-corrective-boxed-set-hydrocolloid-shrink-ear-corrector-2-205x205.jpg 205w, https:\/\/yume-beauty.com\/wp-content\/uploads\/2025\/04\/original-ear-corrective-boxed-set-hydrocolloid-shrink-ear-corrector-2-650x650.jpg 650w, https:\/\/yume-beauty.com\/wp-content\/uploads\/2025\/04\/original-ear-corrective-boxed-set-hydrocolloid-shrink-ear-corrector-2-60x60.jpg 60w, https:\/\/yume-beauty.com\/wp-content\/uploads\/2025\/04\/original-ear-corrective-boxed-set-hydrocolloid-shrink-ear-corrector-2-100x100.jpg 100w, https:\/\/yume-beauty.com\/wp-content\/uploads\/2025\/04\/original-ear-corrective-boxed-set-hydrocolloid-shrink-ear-corrector-2-50x50.jpg 50w, https:\/\/yume-beauty.com\/wp-content\/uploads\/2025\/04\/original-ear-corrective-boxed-set-hydrocolloid-shrink-ear-corrector-2.jpg 800w\" sizes=\"(max-width: 300px) 100vw, 300px\" \/><\/a><\/p>\n<h4>Sofortiges Anheben und Korrigieren Ihrer Ohren - sicher, unsichtbar und bequem<\/h4>\n<ul>\n<li>Originalhersteller und Patentinhaber.<\/li>\n<li>\u00dcber 10 Jahre OEM\/ODM-Produktion von Ohrenklappen.<\/li>\n<li>Kundenspezifisches Branding und Verpackung m\u00f6glich.<\/li>\n<li>Gro\u00dfhandelspreise mit schneller weltweiter Lieferung.<\/li>\n<\/ul>","protected":false},"excerpt":{"rendered":"<ul>\n<li>Unsichtbares Ohrenkorrekturpflaster f\u00fcr Erwachsene - F\u00fcr Erwachsene mit abstehenden Ohren<\/li>\n<li>Unaufdringlich. Bequem. Vertrauenserweckend.<\/li>\n<\/ul>","protected":false},"featured_media":4705,"comment_status":"open","ping_status":"closed","template":"","meta":{"_monsterinsights_skip_tracking":false,"_monsterinsights_sitenote_active":false,"_monsterinsights_sitenote_note":"","_monsterinsights_sitenote_category":0},"product_brand":[],"product_cat":[73],"product_tag":[113],"giftcard-category":[],"class_list":{"0":"post-4703","1":"product","2":"type-product","3":"status-publish","4":"has-post-thumbnail","6":"product_cat-cosmetic-ear-corrector","7":"product_tag-adult-ear-corrector","10":"instock","11":"shipping-taxable","12":"purchasable","13":"product-type-variable","14":"product-grid-view"},"aioseo_notices":[],"tiered_pricing_type":"fixed","tiered_pricing_fixed_rules":[],"tiered_pricing_product_settings":{"layout":"default","base_unit_name":{"singular":null,"plural":null},"default_variation":null},"tiered_pricing_minimum_quantity":null,"tiered_pricing_roles_data":[],"tiered_pricing_percentage_rules":[],"_links":{"self":[{"href":"https:\/\/yume-beauty.com\/de\/wp-json\/wp\/v2\/product\/4703","targetHints":{"allow":["GET"]}}],"collection":[{"href":"https:\/\/yume-beauty.com\/de\/wp-json\/wp\/v2\/product"}],"about":[{"href":"https:\/\/yume-beauty.com\/de\/wp-json\/wp\/v2\/types\/product"}],"replies":[{"embeddable":true,"href":"https:\/\/yume-beauty.com\/de\/wp-json\/wp\/v2\/comments?post=4703"}],"wp:featuredmedia":[{"embeddable":true,"href":"https:\/\/yume-beauty.com\/de\/wp-json\/wp\/v2\/media\/4705"}],"wp:attachment":[{"href":"https:\/\/yume-beauty.com\/de\/wp-json\/wp\/v2\/media?parent=4703"}],"wp:term":[{"taxonomy":"product_brand","embeddable":true,"href":"https:\/\/yume-beauty.com\/de\/wp-json\/wp\/v2\/product_brand?post=4703"},{"taxonomy":"product_cat","embeddable":true,"href":"https:\/\/yume-beauty.com\/de\/wp-json\/wp\/v2\/product_cat?post=4703"},{"taxonomy":"product_tag","embeddable":true,"href":"https:\/\/yume-beauty.com\/de\/wp-json\/wp\/v2\/product_tag?post=4703"},{"taxonomy":"giftcard-category","embeddable":true,"href":"https:\/\/yume-beauty.com\/de\/wp-json\/wp\/v2\/giftcard-category?post=4703"}],"curies":[{"name":"wp","href":"https:\/\/api.w.org\/{rel}","templated":true}]}}