{"id":4720,"date":"2025-04-25T16:58:14","date_gmt":"2025-04-25T08:58:14","guid":{"rendered":"https:\/\/yume-beauty.com\/?post_type=product&#038;p=4720"},"modified":"2025-09-26T09:55:54","modified_gmt":"2025-09-26T01:55:54","slug":"baby-ohrenkorrektor-ab-3-monaten","status":"publish","type":"product","link":"https:\/\/yume-beauty.com\/de\/product\/baby-ohrenkorrektor-ab-3-monaten\/","title":{"rendered":"Baby-Ohrenkorrektor ab 3 Monaten l\u00f6st gro\u00dfes Ohrproblem 8 PCS"},"content":{"rendered":"<h3>Baby-Ohrenkorrektor ab 3 Monaten l\u00f6st das Problem der gro\u00dfen Ohren<\/h3>\n<h4>Wesentliche Merkmale<\/h4>\n<ul>\n<li>Korrigiert abstehende Ohren - formt Babys Ohren sanft in eine nat\u00fcrlichere Position.<\/li>\n<li>Weiches Silikon in medizinischer Qualit\u00e4t - sicher f\u00fcr empfindliche Haut, hypoallergen und atmungsaktiv.<\/li>\n<li>Unsichtbar und bequem - D\u00fcnnes, diskretes Design f\u00fcr das t\u00e4gliche Tragen.<\/li>\n<li>Sicherer und doch sanfter Halt - Spezieller Kleber f\u00fcr lange Haltbarkeit ohne Irritationen.<\/li>\n<\/ul>\n<p><img fetchpriority=\"high\" decoding=\"async\" class=\"alignnone size-medium wp-image-4766\" src=\"https:\/\/yume-beauty.com\/wp-content\/uploads\/2025\/04\/ear-corrector-for-baby-from-3-months-2025-new-300x300.jpg\" alt=\"Baby-Ohrenkorrektor ab 3 Monaten l\u00f6st das Problem der gro\u00dfen Ohren\" width=\"300\" height=\"300\" srcset=\"https:\/\/yume-beauty.com\/wp-content\/uploads\/2025\/04\/ear-corrector-for-baby-from-3-months-2025-new-300x300.jpg 300w, https:\/\/yume-beauty.com\/wp-content\/uploads\/2025\/04\/ear-corrector-for-baby-from-3-months-2025-new-150x150.jpg 150w, https:\/\/yume-beauty.com\/wp-content\/uploads\/2025\/04\/ear-corrector-for-baby-from-3-months-2025-new-768x768.jpg 768w, https:\/\/yume-beauty.com\/wp-content\/uploads\/2025\/04\/ear-corrector-for-baby-from-3-months-2025-new-205x205.jpg 205w, https:\/\/yume-beauty.com\/wp-content\/uploads\/2025\/04\/ear-corrector-for-baby-from-3-months-2025-new-650x650.jpg 650w, https:\/\/yume-beauty.com\/wp-content\/uploads\/2025\/04\/ear-corrector-for-baby-from-3-months-2025-new-60x60.jpg 60w, https:\/\/yume-beauty.com\/wp-content\/uploads\/2025\/04\/ear-corrector-for-baby-from-3-months-2025-new-100x100.jpg 100w, https:\/\/yume-beauty.com\/wp-content\/uploads\/2025\/04\/ear-corrector-for-baby-from-3-months-2025-new-50x50.jpg 50w, https:\/\/yume-beauty.com\/wp-content\/uploads\/2025\/04\/ear-corrector-for-baby-from-3-months-2025-new.jpg 800w\" sizes=\"(max-width: 300px) 100vw, 300px\" \/><\/p>\n<h4>Ideal f\u00fcr<\/h4>\n<ul>\n<li>T\u00e4glicher Gebrauch zu Hause.<\/li>\n<li>Fototage, Tagesbetreuung oder Ausfl\u00fcge.<\/li>\n<li>Kinder\u00e4rzte, Babyl\u00e4den, Kliniken f\u00fcr W\u00f6chnerinnen.<\/li>\n<li>Private Label-Marken f\u00fcr Babypflegeprodukte.<\/li>\n<\/ul>\n<h5>Gro\u00dfhandel Baby Silikon Ohr Korrektur Patch<\/h5>\n<ul>\n<li>Patent-zertifiziertes Produkt.<\/li>\n<li>Erste Fabrik, die weltweit Gro\u00dfhandel anbietet.<\/li>\n<li>OEM\/ODM-Anpassung m\u00f6glich.<\/li>\n<li>Tausende von Eltern und Babymarken auf der ganzen Welt vertrauen darauf.<\/li>\n<\/ul>","protected":false},"excerpt":{"rendered":"<p>Ohrenkorrektor f\u00fcr Erwachsene und Babys Silikonohrenkorrektor - sanfte Ohrformung f\u00fcr abstehende Ohren<br \/>\nSicher. Weich. Helfen Sie Ihrem Kind, mit Vertrauen zu wachsen.<\/p>","protected":false},"featured_media":4721,"comment_status":"open","ping_status":"closed","template":"","meta":{"_monsterinsights_skip_tracking":false,"_monsterinsights_sitenote_active":false,"_monsterinsights_sitenote_note":"","_monsterinsights_sitenote_category":0},"product_brand":[],"product_cat":[73],"product_tag":[116],"giftcard-category":[],"class_list":{"0":"post-4720","1":"product","2":"type-product","3":"status-publish","4":"has-post-thumbnail","6":"product_cat-cosmetic-ear-corrector","7":"product_tag-ear-corrector-for-baby","10":"instock","11":"shipping-taxable","12":"purchasable","13":"product-type-simple","14":"product-grid-view"},"aioseo_notices":[],"tiered_pricing_type":"fixed","tiered_pricing_fixed_rules":{"10":10.25},"tiered_pricing_product_settings":{"layout":"default","base_unit_name":{"singular":null,"plural":null},"default_variation":null},"tiered_pricing_minimum_quantity":null,"tiered_pricing_roles_data":[],"tiered_pricing_percentage_rules":[],"_links":{"self":[{"href":"https:\/\/yume-beauty.com\/de\/wp-json\/wp\/v2\/product\/4720","targetHints":{"allow":["GET"]}}],"collection":[{"href":"https:\/\/yume-beauty.com\/de\/wp-json\/wp\/v2\/product"}],"about":[{"href":"https:\/\/yume-beauty.com\/de\/wp-json\/wp\/v2\/types\/product"}],"replies":[{"embeddable":true,"href":"https:\/\/yume-beauty.com\/de\/wp-json\/wp\/v2\/comments?post=4720"}],"wp:featuredmedia":[{"embeddable":true,"href":"https:\/\/yume-beauty.com\/de\/wp-json\/wp\/v2\/media\/4721"}],"wp:attachment":[{"href":"https:\/\/yume-beauty.com\/de\/wp-json\/wp\/v2\/media?parent=4720"}],"wp:term":[{"taxonomy":"product_brand","embeddable":true,"href":"https:\/\/yume-beauty.com\/de\/wp-json\/wp\/v2\/product_brand?post=4720"},{"taxonomy":"product_cat","embeddable":true,"href":"https:\/\/yume-beauty.com\/de\/wp-json\/wp\/v2\/product_cat?post=4720"},{"taxonomy":"product_tag","embeddable":true,"href":"https:\/\/yume-beauty.com\/de\/wp-json\/wp\/v2\/product_tag?post=4720"},{"taxonomy":"giftcard-category","embeddable":true,"href":"https:\/\/yume-beauty.com\/de\/wp-json\/wp\/v2\/giftcard-category?post=4720"}],"curies":[{"name":"wp","href":"https:\/\/api.w.org\/{rel}","templated":true}]}}