{"id":5112,"date":"2025-08-15T13:50:48","date_gmt":"2025-08-15T05:50:48","guid":{"rendered":"https:\/\/yume-beauty.com\/?post_type=product&#038;p=5112"},"modified":"2026-01-26T02:39:56","modified_gmt":"2026-01-25T18:39:56","slug":"facelift-bander-mit-clips","status":"publish","type":"product","link":"https:\/\/yume-beauty.com\/de\/product\/facelift-bander-mit-clips\/","title":{"rendered":"Facelift-B\u00e4nder mit Clips Einstellbare V-Linie Gesichtsstraffung Elastische B\u00e4nder"},"content":{"rendered":"<p><strong>Gro\u00dfhandel Facelift-B\u00e4nder mit Clips<\/strong><\/p>\n<h3>Designmerkmale - Facelift-B\u00e4nder mit Clips<\/h3>\n<ul>\n<li><strong>Doppellagiges Lift-Design:<\/strong> Bietet sicheren Halt f\u00fcr die Gesichtshaut, gl\u00e4ttet Falten und strafft sofort.<\/li>\n<li><strong>Unsichtbares Sch\u00f6nheitswerkzeug:<\/strong> Versteckt unter dem Haar, beeintr\u00e4chtigt nicht das Make-up, einfach und bequem zu verwenden.<\/li>\n<li><strong>Sofortiger Straffungseffekt: <\/strong>Erzielen Sie jugendliche Haut in nur 1 Sekunde.<\/li>\n<li><strong>Tragbar und reisetauglich:<\/strong> Kompaktes Design f\u00fcr den Einsatz unterwegs.<\/li>\n<\/ul>\n<p><a href=\"https:\/\/www.tiktok.com\/@yumebeauty1\/video\/7538241572308127031\"><img fetchpriority=\"high\" decoding=\"async\" class=\"alignnone wp-image-5131 size-medium\" src=\"https:\/\/yume-beauty.com\/wp-content\/uploads\/2025\/08\/best-facelift-bands-with-clips-adjustable-v-line-face-lifting-elastic-bands-300x300.jpg\" alt=\"Gesichtsstraffung Bands mit Clips einstellbar V-Linie Gesicht Lifting elastische B\u00e4nder YuMe Beauty\" width=\"300\" height=\"300\" srcset=\"https:\/\/yume-beauty.com\/wp-content\/uploads\/2025\/08\/best-facelift-bands-with-clips-adjustable-v-line-face-lifting-elastic-bands-300x300.jpg 300w, https:\/\/yume-beauty.com\/wp-content\/uploads\/2025\/08\/best-facelift-bands-with-clips-adjustable-v-line-face-lifting-elastic-bands-150x150.jpg 150w, https:\/\/yume-beauty.com\/wp-content\/uploads\/2025\/08\/best-facelift-bands-with-clips-adjustable-v-line-face-lifting-elastic-bands-768x768.jpg 768w, https:\/\/yume-beauty.com\/wp-content\/uploads\/2025\/08\/best-facelift-bands-with-clips-adjustable-v-line-face-lifting-elastic-bands-12x12.jpg 12w, https:\/\/yume-beauty.com\/wp-content\/uploads\/2025\/08\/best-facelift-bands-with-clips-adjustable-v-line-face-lifting-elastic-bands-205x205.jpg 205w, https:\/\/yume-beauty.com\/wp-content\/uploads\/2025\/08\/best-facelift-bands-with-clips-adjustable-v-line-face-lifting-elastic-bands-650x650.jpg 650w, https:\/\/yume-beauty.com\/wp-content\/uploads\/2025\/08\/best-facelift-bands-with-clips-adjustable-v-line-face-lifting-elastic-bands-60x60.jpg 60w, https:\/\/yume-beauty.com\/wp-content\/uploads\/2025\/08\/best-facelift-bands-with-clips-adjustable-v-line-face-lifting-elastic-bands-100x100.jpg 100w, https:\/\/yume-beauty.com\/wp-content\/uploads\/2025\/08\/best-facelift-bands-with-clips-adjustable-v-line-face-lifting-elastic-bands-50x50.jpg 50w, https:\/\/yume-beauty.com\/wp-content\/uploads\/2025\/08\/best-facelift-bands-with-clips-adjustable-v-line-face-lifting-elastic-bands.jpg 800w\" sizes=\"(max-width: 300px) 100vw, 300px\" \/><\/a><a href=\"https:\/\/www.instagram.com\/p\/DMKRrGLywKF\/\"><img decoding=\"async\" class=\"alignnone wp-image-5132 size-medium\" src=\"https:\/\/yume-beauty.com\/wp-content\/uploads\/2025\/08\/facelift-bands-with-clips-easy-use-300x300.jpg\" alt=\"wie man Facelift-B\u00e4nder mit Clips verwendet einstellbare V-Linie Gesicht Lifting elastische B\u00e4nder\" width=\"300\" height=\"300\" srcset=\"https:\/\/yume-beauty.com\/wp-content\/uploads\/2025\/08\/facelift-bands-with-clips-easy-use-300x300.jpg 300w, https:\/\/yume-beauty.com\/wp-content\/uploads\/2025\/08\/facelift-bands-with-clips-easy-use-150x150.jpg 150w, https:\/\/yume-beauty.com\/wp-content\/uploads\/2025\/08\/facelift-bands-with-clips-easy-use-768x768.jpg 768w, https:\/\/yume-beauty.com\/wp-content\/uploads\/2025\/08\/facelift-bands-with-clips-easy-use-12x12.jpg 12w, https:\/\/yume-beauty.com\/wp-content\/uploads\/2025\/08\/facelift-bands-with-clips-easy-use-205x205.jpg 205w, https:\/\/yume-beauty.com\/wp-content\/uploads\/2025\/08\/facelift-bands-with-clips-easy-use-650x650.jpg 650w, https:\/\/yume-beauty.com\/wp-content\/uploads\/2025\/08\/facelift-bands-with-clips-easy-use-60x60.jpg 60w, https:\/\/yume-beauty.com\/wp-content\/uploads\/2025\/08\/facelift-bands-with-clips-easy-use-100x100.jpg 100w, https:\/\/yume-beauty.com\/wp-content\/uploads\/2025\/08\/facelift-bands-with-clips-easy-use-50x50.jpg 50w, https:\/\/yume-beauty.com\/wp-content\/uploads\/2025\/08\/facelift-bands-with-clips-easy-use.jpg 800w\" sizes=\"(max-width: 300px) 100vw, 300px\" \/><\/a><\/p>\n<h4>Unsichtbares Gesichtslifting-Werkzeug zur Faltenstraffung &amp; Sofortlifting<\/h4>\n<ul>\n<li><strong>Gro\u00dfhandel Hersteller Direktlieferung:<\/strong> Unterst\u00fctzt Dropshipping, <a href=\"https:\/\/yume-beauty.com\/de\/oem-und-odm-kundenspezifische-schonheitswerkzeuge-dienstleistungen-2\/\">OEM\/ODM-Anpassung<\/a>und kundenspezifische Verpackungen.<\/li>\n<li><strong>Globaler Bestseller:<\/strong> Von Kunden auf der ganzen Welt geliebt, sofort verf\u00fcgbar, ideal f\u00fcr Kosmetikgesch\u00e4fte und Online-Gro\u00dfeink\u00e4ufe.<\/li>\n<\/ul>\n<h5>Offizielle Marke Factory Direct Supply<\/h5>\n<ul>\n<li>Gesichtslifting-Stirnband, Gesichtslifting-Werkzeug, unsichtbares Gesichtslifting, Faltenstraffung, Sofortlifting,<\/li>\n<li>tragbares Sch\u00f6nheitsger\u00e4t, Gro\u00dfhandelslieferant, OEM\/ODM, Make-up-Zubeh\u00f6r, Hautpflege-Lift<\/li>\n<\/ul>","protected":false},"excerpt":{"rendered":"<ul>\n<li>Lifting und Straffung der Gesichtshaut in 1 Sekunde.<\/li>\n<li>Gl\u00e4tten Sie Falten im Handumdrehen mit diesem unsichtbaren, einfach anzuwendenden Stirnband.<\/li>\n<li>Facelift-B\u00e4nder mit Clips, tragbar, f\u00fcr den t\u00e4glichen Gebrauch geeignet.<\/li>\n<\/ul>","protected":false},"featured_media":5133,"comment_status":"open","ping_status":"closed","template":"","meta":{"_monsterinsights_skip_tracking":false,"_monsterinsights_sitenote_active":false,"_monsterinsights_sitenote_note":"","_monsterinsights_sitenote_category":0},"product_brand":[],"product_cat":[72],"product_tag":[144,145,146],"giftcard-category":[],"class_list":{"0":"post-5112","1":"product","2":"type-product","3":"status-publish","4":"has-post-thumbnail","6":"product_cat-cosmetic-lifting","7":"product_tag-face-lift-headband","8":"product_tag-facial-lifting-tool","9":"product_tag-invisible-face-lift","12":"instock","13":"shipping-taxable","14":"purchasable","15":"product-type-variable","16":"product-grid-view"},"aioseo_notices":[],"tiered_pricing_type":"fixed","tiered_pricing_fixed_rules":[],"tiered_pricing_product_settings":{"layout":"default","base_unit_name":{"singular":null,"plural":null},"default_variation":null},"tiered_pricing_minimum_quantity":null,"tiered_pricing_roles_data":[],"tiered_pricing_percentage_rules":[],"_links":{"self":[{"href":"https:\/\/yume-beauty.com\/de\/wp-json\/wp\/v2\/product\/5112","targetHints":{"allow":["GET"]}}],"collection":[{"href":"https:\/\/yume-beauty.com\/de\/wp-json\/wp\/v2\/product"}],"about":[{"href":"https:\/\/yume-beauty.com\/de\/wp-json\/wp\/v2\/types\/product"}],"replies":[{"embeddable":true,"href":"https:\/\/yume-beauty.com\/de\/wp-json\/wp\/v2\/comments?post=5112"}],"wp:featuredmedia":[{"embeddable":true,"href":"https:\/\/yume-beauty.com\/de\/wp-json\/wp\/v2\/media\/5133"}],"wp:attachment":[{"href":"https:\/\/yume-beauty.com\/de\/wp-json\/wp\/v2\/media?parent=5112"}],"wp:term":[{"taxonomy":"product_brand","embeddable":true,"href":"https:\/\/yume-beauty.com\/de\/wp-json\/wp\/v2\/product_brand?post=5112"},{"taxonomy":"product_cat","embeddable":true,"href":"https:\/\/yume-beauty.com\/de\/wp-json\/wp\/v2\/product_cat?post=5112"},{"taxonomy":"product_tag","embeddable":true,"href":"https:\/\/yume-beauty.com\/de\/wp-json\/wp\/v2\/product_tag?post=5112"},{"taxonomy":"giftcard-category","embeddable":true,"href":"https:\/\/yume-beauty.com\/de\/wp-json\/wp\/v2\/giftcard-category?post=5112"}],"curies":[{"name":"wp","href":"https:\/\/api.w.org\/{rel}","templated":true}]}}