{"id":5150,"date":"2025-08-16T16:53:45","date_gmt":"2025-08-16T08:53:45","guid":{"rendered":"https:\/\/yume-beauty.com\/?post_type=product&#038;p=5150"},"modified":"2026-01-26T02:40:16","modified_gmt":"2026-01-25T18:40:16","slug":"unsichtbares-ohrenkorrekturband","status":"publish","type":"product","link":"https:\/\/yume-beauty.com\/de\/product\/unsichtbares-ohrenkorrekturband\/","title":{"rendered":"Erwachsene Halbmond unsichtbare Ohrenkorrektur Band 4\/6 PCS"},"content":{"rendered":"<h3>Unsichtbares Ohrenkorrekturband mit folgenden Merkmalen<\/h3>\n<ul data-start=\"595\" data-end=\"1111\">\n<li data-start=\"595\" data-end=\"718\">\n<p data-start=\"597\" data-end=\"718\"><strong data-start=\"597\" data-end=\"628\">Unsichtbares und diskretes Design<\/strong> - Die transparente Sichelform versteckt sich perfekt hinter dem Ohr, auch wenn man eine Brille tr\u00e4gt.<\/p>\n<\/li>\n<li data-start=\"719\" data-end=\"823\">\n<p data-start=\"721\" data-end=\"823\"><strong data-start=\"721\" data-end=\"742\">Sanft und doch sicher<\/strong> - Hochwertiges Silikon und medizinischer Klebstoff sorgen f\u00fcr Komfort ohne Irritationen.<\/p>\n<\/li>\n<li data-start=\"824\" data-end=\"913\">\n<p data-start=\"826\" data-end=\"913\"><strong data-start=\"826\" data-end=\"844\">Bew\u00e4hrte Ergebnisse<\/strong> - Tausende von Tests zeigen eine sichtbare Verbesserung bei konsequenter Anwendung.<\/p>\n<\/li>\n<li data-start=\"914\" data-end=\"1018\">\n<p data-start=\"916\" data-end=\"1018\"><strong data-start=\"916\" data-end=\"942\">Leicht und tragbar<\/strong> - Dank der kompakten Verpackung l\u00e4sst sich das Ger\u00e4t leicht transportieren und jederzeit und \u00fcberall verwenden.<\/p>\n<\/li>\n<li data-start=\"1019\" data-end=\"1111\">\n<p data-start=\"1021\" data-end=\"1111\"><strong data-start=\"1021\" data-end=\"1041\">Mehrere Optionen<\/strong> - W\u00e4hlen Sie zwischen 4-paarigen oder 6-paarigen Boxsets f\u00fcr den Einzelhandel oder den pers\u00f6nlichen Gebrauch.<\/p>\n<\/li>\n<\/ul>\n<p><a href=\"https:\/\/www.instagram.com\/reel\/DKLfYSpNqgs\/\"><img fetchpriority=\"high\" decoding=\"async\" class=\"alignnone wp-image-5153 size-medium\" src=\"https:\/\/yume-beauty.com\/wp-content\/uploads\/2025\/08\/new-adult-crescent-shaped-invisible-ear-correction-tape-300x300.jpg\" alt=\"Erwachsene halbmondf\u00f6rmige unsichtbare Ohrenkorrektur Band YuMeBeauty\" width=\"300\" height=\"300\" srcset=\"https:\/\/yume-beauty.com\/wp-content\/uploads\/2025\/08\/new-adult-crescent-shaped-invisible-ear-correction-tape-300x300.jpg 300w, https:\/\/yume-beauty.com\/wp-content\/uploads\/2025\/08\/new-adult-crescent-shaped-invisible-ear-correction-tape-150x150.jpg 150w, https:\/\/yume-beauty.com\/wp-content\/uploads\/2025\/08\/new-adult-crescent-shaped-invisible-ear-correction-tape-768x768.jpg 768w, https:\/\/yume-beauty.com\/wp-content\/uploads\/2025\/08\/new-adult-crescent-shaped-invisible-ear-correction-tape-12x12.jpg 12w, https:\/\/yume-beauty.com\/wp-content\/uploads\/2025\/08\/new-adult-crescent-shaped-invisible-ear-correction-tape-205x205.jpg 205w, https:\/\/yume-beauty.com\/wp-content\/uploads\/2025\/08\/new-adult-crescent-shaped-invisible-ear-correction-tape-650x650.jpg 650w, https:\/\/yume-beauty.com\/wp-content\/uploads\/2025\/08\/new-adult-crescent-shaped-invisible-ear-correction-tape-60x60.jpg 60w, https:\/\/yume-beauty.com\/wp-content\/uploads\/2025\/08\/new-adult-crescent-shaped-invisible-ear-correction-tape-100x100.jpg 100w, https:\/\/yume-beauty.com\/wp-content\/uploads\/2025\/08\/new-adult-crescent-shaped-invisible-ear-correction-tape-50x50.jpg 50w, https:\/\/yume-beauty.com\/wp-content\/uploads\/2025\/08\/new-adult-crescent-shaped-invisible-ear-correction-tape.jpg 800w\" sizes=\"(max-width: 300px) 100vw, 300px\" \/><\/a><a href=\"https:\/\/www.instagram.com\/reel\/DNCS2yFyqGk\/\"><img decoding=\"async\" class=\"alignnone wp-image-5151 size-medium\" src=\"https:\/\/yume-beauty.com\/wp-content\/uploads\/2025\/08\/adult-crescent-shaped-invisible-ear-correction-tape-04-300x300.jpg\" alt=\"Sichelf\u00f6rmiges unsichtbares Ohrkorrekturband f\u00fcr Erwachsene\" width=\"300\" height=\"300\" srcset=\"https:\/\/yume-beauty.com\/wp-content\/uploads\/2025\/08\/adult-crescent-shaped-invisible-ear-correction-tape-04-300x300.jpg 300w, https:\/\/yume-beauty.com\/wp-content\/uploads\/2025\/08\/adult-crescent-shaped-invisible-ear-correction-tape-04-150x150.jpg 150w, https:\/\/yume-beauty.com\/wp-content\/uploads\/2025\/08\/adult-crescent-shaped-invisible-ear-correction-tape-04-768x768.jpg 768w, https:\/\/yume-beauty.com\/wp-content\/uploads\/2025\/08\/adult-crescent-shaped-invisible-ear-correction-tape-04-12x12.jpg 12w, https:\/\/yume-beauty.com\/wp-content\/uploads\/2025\/08\/adult-crescent-shaped-invisible-ear-correction-tape-04-205x205.jpg 205w, https:\/\/yume-beauty.com\/wp-content\/uploads\/2025\/08\/adult-crescent-shaped-invisible-ear-correction-tape-04-650x650.jpg 650w, https:\/\/yume-beauty.com\/wp-content\/uploads\/2025\/08\/adult-crescent-shaped-invisible-ear-correction-tape-04-60x60.jpg 60w, https:\/\/yume-beauty.com\/wp-content\/uploads\/2025\/08\/adult-crescent-shaped-invisible-ear-correction-tape-04-100x100.jpg 100w, https:\/\/yume-beauty.com\/wp-content\/uploads\/2025\/08\/adult-crescent-shaped-invisible-ear-correction-tape-04-50x50.jpg 50w, https:\/\/yume-beauty.com\/wp-content\/uploads\/2025\/08\/adult-crescent-shaped-invisible-ear-correction-tape-04.jpg 800w\" sizes=\"(max-width: 300px) 100vw, 300px\" \/><\/a><a href=\"https:\/\/yume-beauty.com\/de\/oem-und-odm-kundenspezifische-schonheitswerkzeuge-dienstleistungen-2\/\"><img decoding=\"async\" class=\"alignnone wp-image-5152 size-medium\" src=\"https:\/\/yume-beauty.com\/wp-content\/uploads\/2025\/08\/adult-crescent-shaped-invisible-ear-correction-tape-size-300x300.jpg\" alt=\"Erwachsene halbmondf\u00f6rmige unsichtbare Ohrenkorrektur Band Gr\u00f6\u00dfe\" width=\"300\" height=\"300\" srcset=\"https:\/\/yume-beauty.com\/wp-content\/uploads\/2025\/08\/adult-crescent-shaped-invisible-ear-correction-tape-size-300x300.jpg 300w, https:\/\/yume-beauty.com\/wp-content\/uploads\/2025\/08\/adult-crescent-shaped-invisible-ear-correction-tape-size-150x150.jpg 150w, https:\/\/yume-beauty.com\/wp-content\/uploads\/2025\/08\/adult-crescent-shaped-invisible-ear-correction-tape-size-768x768.jpg 768w, https:\/\/yume-beauty.com\/wp-content\/uploads\/2025\/08\/adult-crescent-shaped-invisible-ear-correction-tape-size-12x12.jpg 12w, https:\/\/yume-beauty.com\/wp-content\/uploads\/2025\/08\/adult-crescent-shaped-invisible-ear-correction-tape-size-205x205.jpg 205w, https:\/\/yume-beauty.com\/wp-content\/uploads\/2025\/08\/adult-crescent-shaped-invisible-ear-correction-tape-size-650x650.jpg 650w, https:\/\/yume-beauty.com\/wp-content\/uploads\/2025\/08\/adult-crescent-shaped-invisible-ear-correction-tape-size-60x60.jpg 60w, https:\/\/yume-beauty.com\/wp-content\/uploads\/2025\/08\/adult-crescent-shaped-invisible-ear-correction-tape-size-100x100.jpg 100w, https:\/\/yume-beauty.com\/wp-content\/uploads\/2025\/08\/adult-crescent-shaped-invisible-ear-correction-tape-size-50x50.jpg 50w, https:\/\/yume-beauty.com\/wp-content\/uploads\/2025\/08\/adult-crescent-shaped-invisible-ear-correction-tape-size.jpg 800w\" sizes=\"(max-width: 300px) 100vw, 300px\" \/><\/a><\/p>\n<h4>Perfekt f\u00fcr<\/h4>\n<ul>\n<li>Alltagskleidung - Arbeit, Schule, Veranstaltungen.<\/li>\n<li>Menschen mit abstehenden Ohren, die eine nicht-chirurgische L\u00f6sung w\u00fcnschen.<\/li>\n<li>Wiederverk\u00e4ufer und Gro\u00dfh\u00e4ndler auf der Suche nach trendigen Beauty-Tools.<\/li>\n<li>E-Commerce-Gesch\u00e4fte, Salons und Einzelh\u00e4ndler f\u00fcr Sch\u00f6nheitsprodukte.<\/li>\n<\/ul>\n<h5>Ihre Vorteile bei uns<\/h5>\n<ul>\n<li>Gro\u00dfes Fertiglager - Immer auf Lager f\u00fcr schnelle Lieferung.<\/li>\n<li>Factory-Direct Pricing - Gr\u00f6\u00dfere Rabatte f\u00fcr Gro\u00dfbestellungen.<\/li>\n<li>OEM- und ODM-Unterst\u00fctzung - Passen Sie Verpackung, Logo oder Produktdesign an.<\/li>\n<li>Dropshipping-freundlich - Versenden Sie direkt an Ihre Kunden.<\/li>\n<\/ul>","protected":false},"excerpt":{"rendered":"<ul>\n<li>Verabschieden Sie sich von abstehenden oder deformierten Ohren mit unserem unsichtbaren Ohrenkorrekturband f\u00fcr Erwachsene in Halbmondform.<\/li>\n<li>Er wurde so konzipiert, dass er sich nahtlos hinter dem Ohr einf\u00fcgt und ist das diskrete Sch\u00f6nheitswerkzeug, dem Kunden weltweit vertrauen.<\/li>\n<\/ul>","protected":false},"featured_media":5154,"comment_status":"open","ping_status":"closed","template":"","meta":{"_monsterinsights_skip_tracking":false,"_monsterinsights_sitenote_active":false,"_monsterinsights_sitenote_note":"","_monsterinsights_sitenote_category":0},"product_brand":[],"product_cat":[73],"product_tag":[155,157,152,153,154],"giftcard-category":[],"class_list":{"0":"post-5150","1":"product","2":"type-product","3":"status-publish","4":"has-post-thumbnail","6":"product_cat-cosmetic-ear-corrector","7":"product_tag-adult-ear-tape","8":"product_tag-beauty-tools-wholesale","9":"product_tag-ear-correction-tape","10":"product_tag-invisible-ear-tape","11":"product_tag-protruding-ear-fix","14":"instock","15":"shipping-taxable","16":"purchasable","17":"product-type-variable","18":"product-grid-view"},"aioseo_notices":[],"tiered_pricing_type":"fixed","tiered_pricing_fixed_rules":[],"tiered_pricing_product_settings":{"layout":"default","base_unit_name":{"singular":null,"plural":null},"default_variation":null},"tiered_pricing_minimum_quantity":null,"tiered_pricing_roles_data":[],"tiered_pricing_percentage_rules":[],"_links":{"self":[{"href":"https:\/\/yume-beauty.com\/de\/wp-json\/wp\/v2\/product\/5150","targetHints":{"allow":["GET"]}}],"collection":[{"href":"https:\/\/yume-beauty.com\/de\/wp-json\/wp\/v2\/product"}],"about":[{"href":"https:\/\/yume-beauty.com\/de\/wp-json\/wp\/v2\/types\/product"}],"replies":[{"embeddable":true,"href":"https:\/\/yume-beauty.com\/de\/wp-json\/wp\/v2\/comments?post=5150"}],"wp:featuredmedia":[{"embeddable":true,"href":"https:\/\/yume-beauty.com\/de\/wp-json\/wp\/v2\/media\/5154"}],"wp:attachment":[{"href":"https:\/\/yume-beauty.com\/de\/wp-json\/wp\/v2\/media?parent=5150"}],"wp:term":[{"taxonomy":"product_brand","embeddable":true,"href":"https:\/\/yume-beauty.com\/de\/wp-json\/wp\/v2\/product_brand?post=5150"},{"taxonomy":"product_cat","embeddable":true,"href":"https:\/\/yume-beauty.com\/de\/wp-json\/wp\/v2\/product_cat?post=5150"},{"taxonomy":"product_tag","embeddable":true,"href":"https:\/\/yume-beauty.com\/de\/wp-json\/wp\/v2\/product_tag?post=5150"},{"taxonomy":"giftcard-category","embeddable":true,"href":"https:\/\/yume-beauty.com\/de\/wp-json\/wp\/v2\/giftcard-category?post=5150"}],"curies":[{"name":"wp","href":"https:\/\/api.w.org\/{rel}","templated":true}]}}