{"id":6008,"date":"2026-01-04T14:34:35","date_gmt":"2026-01-04T06:34:35","guid":{"rendered":"https:\/\/yume-beauty.com\/?post_type=product&#038;p=6008"},"modified":"2026-01-04T14:34:35","modified_gmt":"2026-01-04T06:34:35","slug":"ear-corrector-tape-for-adult-2-4-6-8-pcs","status":"publish","type":"product","link":"https:\/\/yume-beauty.com\/de\/product\/ear-corrector-tape-for-adult-2-4-6-8-pcs\/","title":{"rendered":"Ear Corrector Tape for Adult 2\/4\/6\/8 Pcs"},"content":{"rendered":"<h3>Unsichtbares Ohrenkorrekturband mit folgenden Merkmalen<\/h3>\n<p><strong>wholesale ear corrector tape for adult<\/strong><\/p>\n<ul data-start=\"595\" data-end=\"1111\">\n<li data-start=\"595\" data-end=\"718\">\n<p data-start=\"597\" data-end=\"718\"><strong data-start=\"597\" data-end=\"628\">Unsichtbares und diskretes Design<\/strong> - Die transparente Sichelform versteckt sich perfekt hinter dem Ohr, auch wenn man eine Brille tr\u00e4gt.<\/p>\n<\/li>\n<li data-start=\"719\" data-end=\"823\">\n<p data-start=\"721\" data-end=\"823\"><strong data-start=\"721\" data-end=\"742\">Sanft und doch sicher<\/strong> - Hochwertiges Silikon und medizinischer Klebstoff sorgen f\u00fcr Komfort ohne Irritationen.<\/p>\n<\/li>\n<li data-start=\"824\" data-end=\"913\">\n<p data-start=\"826\" data-end=\"913\"><strong data-start=\"826\" data-end=\"844\">Bew\u00e4hrte Ergebnisse<\/strong> - Tausende von Tests zeigen eine sichtbare Verbesserung bei konsequenter Anwendung.<\/p>\n<\/li>\n<li data-start=\"914\" data-end=\"1018\">\n<p data-start=\"916\" data-end=\"1018\"><strong data-start=\"916\" data-end=\"942\">Leicht und tragbar<\/strong> - Dank der kompakten Verpackung l\u00e4sst sich das Ger\u00e4t leicht transportieren und jederzeit und \u00fcberall verwenden.<\/p>\n<\/li>\n<li data-start=\"1019\" data-end=\"1111\">\n<p data-start=\"1021\" data-end=\"1111\"><strong data-start=\"1021\" data-end=\"1041\">Mehrere Optionen<\/strong> - W\u00e4hlen Sie zwischen 4-paarigen oder 6-paarigen Boxsets f\u00fcr den Einzelhandel oder den pers\u00f6nlichen Gebrauch.<\/p>\n<\/li>\n<\/ul>\n<p><img fetchpriority=\"high\" decoding=\"async\" class=\"alignnone size-medium wp-image-6009\" src=\"https:\/\/yume-beauty.com\/wp-content\/uploads\/2026\/01\/ear-corrector-tape-for-adult-01-300x300.jpg\" alt=\"ear corrector tape for adult 2\/4\/6\/8 pcs\" width=\"300\" height=\"300\" srcset=\"https:\/\/yume-beauty.com\/wp-content\/uploads\/2026\/01\/ear-corrector-tape-for-adult-01-300x300.jpg 300w, https:\/\/yume-beauty.com\/wp-content\/uploads\/2026\/01\/ear-corrector-tape-for-adult-01-150x150.jpg 150w, https:\/\/yume-beauty.com\/wp-content\/uploads\/2026\/01\/ear-corrector-tape-for-adult-01-768x768.jpg 768w, https:\/\/yume-beauty.com\/wp-content\/uploads\/2026\/01\/ear-corrector-tape-for-adult-01-12x12.jpg 12w, https:\/\/yume-beauty.com\/wp-content\/uploads\/2026\/01\/ear-corrector-tape-for-adult-01-205x205.jpg 205w, https:\/\/yume-beauty.com\/wp-content\/uploads\/2026\/01\/ear-corrector-tape-for-adult-01-650x650.jpg 650w, https:\/\/yume-beauty.com\/wp-content\/uploads\/2026\/01\/ear-corrector-tape-for-adult-01-60x60.jpg 60w, https:\/\/yume-beauty.com\/wp-content\/uploads\/2026\/01\/ear-corrector-tape-for-adult-01-100x100.jpg 100w, https:\/\/yume-beauty.com\/wp-content\/uploads\/2026\/01\/ear-corrector-tape-for-adult-01-50x50.jpg 50w, https:\/\/yume-beauty.com\/wp-content\/uploads\/2026\/01\/ear-corrector-tape-for-adult-01.jpg 800w\" sizes=\"(max-width: 300px) 100vw, 300px\" \/><img decoding=\"async\" class=\"alignnone size-medium wp-image-6010\" src=\"https:\/\/yume-beauty.com\/wp-content\/uploads\/2026\/01\/ear-corrector-tape-for-adult-02-300x300.png\" alt=\"ear corrector tape for adult 2\/4\/6\/8 pcs\" width=\"300\" height=\"300\" srcset=\"https:\/\/yume-beauty.com\/wp-content\/uploads\/2026\/01\/ear-corrector-tape-for-adult-02-300x300.png 300w, https:\/\/yume-beauty.com\/wp-content\/uploads\/2026\/01\/ear-corrector-tape-for-adult-02-150x150.png 150w, https:\/\/yume-beauty.com\/wp-content\/uploads\/2026\/01\/ear-corrector-tape-for-adult-02-768x768.png 768w, https:\/\/yume-beauty.com\/wp-content\/uploads\/2026\/01\/ear-corrector-tape-for-adult-02-12x12.png 12w, https:\/\/yume-beauty.com\/wp-content\/uploads\/2026\/01\/ear-corrector-tape-for-adult-02-205x205.png 205w, https:\/\/yume-beauty.com\/wp-content\/uploads\/2026\/01\/ear-corrector-tape-for-adult-02-650x650.png 650w, https:\/\/yume-beauty.com\/wp-content\/uploads\/2026\/01\/ear-corrector-tape-for-adult-02-60x60.png 60w, https:\/\/yume-beauty.com\/wp-content\/uploads\/2026\/01\/ear-corrector-tape-for-adult-02-100x100.png 100w, https:\/\/yume-beauty.com\/wp-content\/uploads\/2026\/01\/ear-corrector-tape-for-adult-02-50x50.png 50w, https:\/\/yume-beauty.com\/wp-content\/uploads\/2026\/01\/ear-corrector-tape-for-adult-02.png 800w\" sizes=\"(max-width: 300px) 100vw, 300px\" \/><img decoding=\"async\" class=\"alignnone size-medium wp-image-4789\" src=\"https:\/\/yume-beauty.com\/wp-content\/uploads\/2025\/04\/Adult-sizes-for-ear-correction-products-300x200.jpg\" alt=\"Erwachsenengr\u00f6\u00dfen f\u00fcr Ohrenkorrekturprodukte\" width=\"300\" height=\"200\" srcset=\"https:\/\/yume-beauty.com\/wp-content\/uploads\/2025\/04\/Adult-sizes-for-ear-correction-products-300x200.jpg 300w, https:\/\/yume-beauty.com\/wp-content\/uploads\/2025\/04\/Adult-sizes-for-ear-correction-products.jpg 600w\" sizes=\"(max-width: 300px) 100vw, 300px\" \/><\/p>\n<h4>Perfekt f\u00fcr<\/h4>\n<ul>\n<li>Alltagskleidung - Arbeit, Schule, Veranstaltungen.<\/li>\n<li>Menschen mit abstehenden Ohren, die eine nicht-chirurgische L\u00f6sung w\u00fcnschen.<\/li>\n<li>Wiederverk\u00e4ufer und Gro\u00dfh\u00e4ndler auf der Suche nach trendigen Beauty-Tools.<\/li>\n<li>E-Commerce-Gesch\u00e4fte, Salons und Einzelh\u00e4ndler f\u00fcr Sch\u00f6nheitsprodukte.<\/li>\n<\/ul>\n<h5>Ihre Vorteile bei uns<\/h5>\n<ul>\n<li>Gro\u00dfes Fertiglager - Immer auf Lager f\u00fcr schnelle Lieferung.<\/li>\n<li>Factory-Direct Pricing - Gr\u00f6\u00dfere Rabatte f\u00fcr Gro\u00dfbestellungen.<\/li>\n<li>OEM- und ODM-Unterst\u00fctzung - Passen Sie Verpackung, Logo oder Produktdesign an.<\/li>\n<li>Dropshipping-freundlich - Versenden Sie direkt an Ihre Kunden.<\/li>\n<\/ul>","protected":false},"excerpt":{"rendered":"<ul>\n<li>Say goodbye to protruding or misshapen ears with our ear corrector tape for adult.<\/li>\n<li>Er wurde so konzipiert, dass er sich nahtlos hinter dem Ohr einf\u00fcgt und ist das diskrete Sch\u00f6nheitswerkzeug, dem Kunden weltweit vertrauen.<\/li>\n<\/ul>","protected":false},"featured_media":6011,"comment_status":"open","ping_status":"closed","template":"","meta":{"_monsterinsights_skip_tracking":false,"_monsterinsights_sitenote_active":false,"_monsterinsights_sitenote_note":"","_monsterinsights_sitenote_category":0},"product_brand":[],"product_cat":[73],"product_tag":[113,157],"giftcard-category":[],"class_list":{"0":"post-6008","1":"product","2":"type-product","3":"status-publish","4":"has-post-thumbnail","6":"product_cat-cosmetic-ear-corrector","7":"product_tag-adult-ear-corrector","8":"product_tag-beauty-tools-wholesale","11":"instock","12":"shipping-taxable","13":"purchasable","14":"product-type-variable","15":"product-grid-view"},"aioseo_notices":[],"tiered_pricing_type":"fixed","tiered_pricing_fixed_rules":[],"tiered_pricing_product_settings":{"layout":"default","base_unit_name":{"singular":null,"plural":null},"default_variation":null},"tiered_pricing_minimum_quantity":null,"tiered_pricing_roles_data":[],"tiered_pricing_percentage_rules":[],"_links":{"self":[{"href":"https:\/\/yume-beauty.com\/de\/wp-json\/wp\/v2\/product\/6008","targetHints":{"allow":["GET"]}}],"collection":[{"href":"https:\/\/yume-beauty.com\/de\/wp-json\/wp\/v2\/product"}],"about":[{"href":"https:\/\/yume-beauty.com\/de\/wp-json\/wp\/v2\/types\/product"}],"replies":[{"embeddable":true,"href":"https:\/\/yume-beauty.com\/de\/wp-json\/wp\/v2\/comments?post=6008"}],"wp:featuredmedia":[{"embeddable":true,"href":"https:\/\/yume-beauty.com\/de\/wp-json\/wp\/v2\/media\/6011"}],"wp:attachment":[{"href":"https:\/\/yume-beauty.com\/de\/wp-json\/wp\/v2\/media?parent=6008"}],"wp:term":[{"taxonomy":"product_brand","embeddable":true,"href":"https:\/\/yume-beauty.com\/de\/wp-json\/wp\/v2\/product_brand?post=6008"},{"taxonomy":"product_cat","embeddable":true,"href":"https:\/\/yume-beauty.com\/de\/wp-json\/wp\/v2\/product_cat?post=6008"},{"taxonomy":"product_tag","embeddable":true,"href":"https:\/\/yume-beauty.com\/de\/wp-json\/wp\/v2\/product_tag?post=6008"},{"taxonomy":"giftcard-category","embeddable":true,"href":"https:\/\/yume-beauty.com\/de\/wp-json\/wp\/v2\/giftcard-category?post=6008"}],"curies":[{"name":"wp","href":"https:\/\/api.w.org\/{rel}","templated":true}]}}