{"id":4443,"date":"2025-04-17T14:32:13","date_gmt":"2025-04-17T06:32:13","guid":{"rendered":"https:\/\/yume-beauty.com\/?page_id=4443"},"modified":"2025-04-22T14:11:45","modified_gmt":"2025-04-22T06:11:45","slug":"politica-de-privacidad-2","status":"publish","type":"page","link":"https:\/\/yume-beauty.com\/es\/politica-de-privacidad-2\/","title":{"rendered":"Pol\u00edtica de privacidad"},"content":{"rendered":"<div data-elementor-type=\"wp-page\" data-elementor-id=\"4443\" class=\"elementor elementor-4443\">\n\t\t\t\t<div class=\"elementor-element elementor-element-5ef7482 e-flex e-con-boxed e-con e-parent\" data-id=\"5ef7482\" data-element_type=\"container\">\n\t\t\t\t\t<div class=\"e-con-inner\">\n\t\t<div class=\"elementor-element elementor-element-d88d49e e-con-full e-flex e-con e-child\" data-id=\"d88d49e\" data-element_type=\"container\">\n\t\t\t\t<div class=\"elementor-element elementor-element-1eda5d0 elementor-widget elementor-widget-text-editor\" data-id=\"1eda5d0\" data-element_type=\"widget\" data-settings=\"{&quot;wdt_animation_effect&quot;:&quot;none&quot;}\" data-widget_type=\"text-editor.default\">\n\t\t\t\t<div class=\"elementor-widget-container\">\n\t\t\t\t\t\t\t\t\t<p>Fecha de entrada en vigor: Abril 2025<\/p><p><a href=\"https:\/\/yume-beauty.com\/es\/?elementor_library=default-kit-2\">YumeBeauty<\/a> (\"Nosotros\") valora su informaci\u00f3n personal y la protecci\u00f3n de su privacidad. Este <strong>Pol\u00edtica de privacidad<\/strong> explica c\u00f3mo recopilamos, utilizamos, almacenamos y protegemos su informaci\u00f3n cuando visita el sitio web de YumeBeauty y utiliza nuestros servicios.<\/p><h2>I. Informaci\u00f3n que podemos recopilar<\/h2><p>En el curso de su uso del Sitio o de los Servicios, podemos recopilar la siguiente informaci\u00f3n:<\/p><h3><strong>Informaci\u00f3n que facilita voluntariamente<\/strong><\/h3><p>Informaci\u00f3n de registro (por ejemplo, nombre, n\u00famero de tel\u00e9fono m\u00f3vil, direcci\u00f3n de correo electr\u00f3nico)<\/p><p>Informaci\u00f3n del destinatario (direcci\u00f3n, c\u00f3digo postal, persona de contacto)<\/p><p>Informaci\u00f3n del pedido (producto, cantidad, forma de pago)<\/p><h3><strong>Informaci\u00f3n que recopilamos autom\u00e1ticamente<\/strong><\/h3><p>Informaci\u00f3n del dispositivo (modelo de dispositivo, direcci\u00f3n IP, tipo de navegador)<\/p><p>Registros de operaciones (tiempo de acceso, p\u00e1ginas vistas, comportamiento al hacer clic)<\/p><p>Informaci\u00f3n de seguimiento de cookies<\/p><h3><strong>Comentarios<\/strong><\/h3><p>Cuando usted publica un comentario en el Sitio, recopilamos los datos que aparecen en el formulario de comentarios, as\u00ed como la direcci\u00f3n IP del visitante, entre otras cosas, para ayudar a detectar el spam.<\/p><p>Una vez aprobado tu comentario, tu foto de perfil se mostrar\u00e1 p\u00fablicamente en tu comentario.<\/p><h2>II.  C\u00f3mo utilizamos su informaci\u00f3n personal<\/h2><p>Utilizamos parte de su informaci\u00f3n personal para ofrecerle un servicio mejor y m\u00e1s seguro. con el fin de proporcionarle una experiencia personalizada en nuestro sitio web, incluyendo pero no limitado a:<\/p><ul><li>Tramitaci\u00f3n de pedidos y servicio posventa.<\/li><li>Atenci\u00f3n al cliente y comunicaci\u00f3n.<\/li><li>Optimizaci\u00f3n del rendimiento del sitio web y mejora de la experiencia del usuario.<\/li><li>Notificaciones push de eventos o promociones (si aceptas recibirlas).<\/li><li>Cumplimiento de leyes y reglamentos.<\/li><\/ul><h2><strong><b>III. C\u00f3mo compartimos su informaci\u00f3n personal<\/b><\/strong><\/h2><p>No venderemos ni revelaremos sus datos personales a terceros, pero podemos compartir informaci\u00f3n en las siguientes circunstancias:<\/p><ul><li>Compartir con socios (por ejemplo, plataformas de pago, empresas de log\u00edstica) para ayudar en el cumplimiento de su pedido.<\/li><li>Cooperar con los proveedores de servicios t\u00e9cnicos (por ejemplo, servicios SMS, herramientas de an\u00e1lisis de datos) para ayudar a mejorar la calidad del servicio.<\/li><li>Cumplir los requisitos legales, reglamentarios o de supervisi\u00f3n.<\/li><li>Nos aseguraremos de que los terceros mencionados utilicen su informaci\u00f3n \u00fanicamente bajo la premisa de legalidad, legitimidad y necesidad, y adoptar\u00e1n las medidas de confidencialidad correspondientes.<\/li><\/ul><h2><strong><b>IV. C\u00f3mo almacenamos y protegemos su informaci\u00f3n<\/b><\/strong><\/h2><h3><strong>Seguridad de los datos<\/strong><\/h3><p>Utilizamos encriptaci\u00f3n SSL para proteger su informaci\u00f3n personal en l\u00ednea, y tomamos una serie de medidas para proteger su informaci\u00f3n personal en nuestras instalaciones. S\u00f3lo los empleados que necesitan acceder a su informaci\u00f3n personal para realizar un trabajo espec\u00edfico tienen acceso a su informaci\u00f3n personal. Por \u00faltimo, confiamos a terceros la seguridad f\u00edsica de algunos de nuestros equipos inform\u00e1ticos. Creemos que sus procedimientos de seguridad son adecuados. Por ejemplo, cuando usted visita el Sitio, los servidores a los que accede se mantienen en un entorno f\u00edsico seguro, detr\u00e1s de jaulas cerradas y cortafuegos electr\u00f3nicos.<\/p><h3><strong>Cu\u00e1nto tiempo conservamos su informaci\u00f3n<\/strong><\/h3><p>Conservamos su informaci\u00f3n personal durante el tiempo necesario para prestarle los servicios que solicita o para otros fines importantes, como el cumplimiento de nuestras obligaciones legales, la resoluci\u00f3n de litigios y la aplicaci\u00f3n de nuestras pol\u00edticas.<\/p><h3><strong>Sus derechos en relaci\u00f3n con la informaci\u00f3n personal<\/strong><\/h3><p>Tiene derecho a ejercer los siguientes derechos:<\/p><p>Acceder a su informaci\u00f3n personal, rectificarla o eliminarla.<br \/>Para cancelar una cuenta registrada.<\/p><p>Si desea ejercer los derechos mencionados, p\u00f3ngase en contacto con nosotros a trav\u00e9s de la p\u00e1gina \"<a href=\"https:\/\/yume-beauty.com\/es\/?page_id=419\">P\u00f3ngase en contacto con nosotros<\/a>\".<\/p><h2><strong><b>V. Uso de cookies<\/b><\/strong><\/h2><p>Utilizamos cookies para optimizar su experiencia de navegaci\u00f3n, incluyendo:<\/p><p>Recordar tu estado de conexi\u00f3n.<\/p><p>Analizar el tr\u00e1fico de acceso y su utilizaci\u00f3n.<\/p><p>Proporcionar recomendaciones de productos m\u00e1s precisas.<\/p><p>Puede gestionar o rechazar el uso de cookies a trav\u00e9s de la configuraci\u00f3n de su navegador.<\/p><h2><strong><b>VI.  Actualizaciones de la pol\u00edtica<\/b><\/strong><\/h2><p>Podemos actualizar esta Pol\u00edtica de Privacidad en respuesta a cambios en la ley o ajustes en el servicio, y publicaremos dichos cambios en esta p\u00e1gina. Si los cambios son sustanciales, se lo notificaremos por los medios adecuados (por ejemplo, correo electr\u00f3nico, etc.).<\/p><h2><strong><b>VII. Contacto<\/b><\/strong><\/h2><p>Si tiene alguna pregunta, comentario o sugerencia sobre esta Pol\u00edtica de Privacidad o su informaci\u00f3n personal, puede ponerse en contacto con nosotros a trav\u00e9s de las siguientes v\u00edas <a href=\"https:\/\/yume-beauty.com\/es\/?page_id=419\"><u>haciendo clic aqu\u00ed<\/u><\/a>.<\/p>\t\t\t\t\t\t\t\t<\/div>\n\t\t\t\t<\/div>\n\t\t\t\t<\/div>\n\t\t\t\t\t<\/div>\n\t\t\t\t<\/div>\n\t\t\t\t<\/div>","protected":false},"excerpt":{"rendered":"<p>Effective Date: April 2025 YumeBeauty (\u201cWe\u201d) values your personal information and the protection of your privacy. This Privacy Policy explains how we collect, use, store, and protect your information when you visit YumeBeauty&#8217;s website and use our services. I. Information We May Collect In the course of your use of the Site or the Services, [&hellip;]<\/p>","protected":false},"author":1,"featured_media":0,"parent":0,"menu_order":0,"comment_status":"closed","ping_status":"closed","template":"","meta":{"_monsterinsights_skip_tracking":false,"_monsterinsights_sitenote_active":false,"_monsterinsights_sitenote_note":"","_monsterinsights_sitenote_category":0,"footnotes":""},"class_list":["post-4443","page","type-page","status-publish","hentry"],"aioseo_notices":[],"_links":{"self":[{"href":"https:\/\/yume-beauty.com\/es\/wp-json\/wp\/v2\/pages\/4443","targetHints":{"allow":["GET"]}}],"collection":[{"href":"https:\/\/yume-beauty.com\/es\/wp-json\/wp\/v2\/pages"}],"about":[{"href":"https:\/\/yume-beauty.com\/es\/wp-json\/wp\/v2\/types\/page"}],"author":[{"embeddable":true,"href":"https:\/\/yume-beauty.com\/es\/wp-json\/wp\/v2\/users\/1"}],"replies":[{"embeddable":true,"href":"https:\/\/yume-beauty.com\/es\/wp-json\/wp\/v2\/comments?post=4443"}],"version-history":[{"count":6,"href":"https:\/\/yume-beauty.com\/es\/wp-json\/wp\/v2\/pages\/4443\/revisions"}],"predecessor-version":[{"id":4581,"href":"https:\/\/yume-beauty.com\/es\/wp-json\/wp\/v2\/pages\/4443\/revisions\/4581"}],"wp:attachment":[{"href":"https:\/\/yume-beauty.com\/es\/wp-json\/wp\/v2\/media?parent=4443"}],"curies":[{"name":"wp","href":"https:\/\/api.w.org\/{rel}","templated":true}]}}