{"id":4570,"date":"2025-04-22T13:47:26","date_gmt":"2025-04-22T05:47:26","guid":{"rendered":"https:\/\/yume-beauty.com\/?page_id=4570"},"modified":"2025-04-22T13:55:59","modified_gmt":"2025-04-22T05:55:59","slug":"proceso-de-marca-propia","status":"publish","type":"page","link":"https:\/\/yume-beauty.com\/es\/proceso-de-marca-propia\/","title":{"rendered":"Proceso de marca blanca"},"content":{"rendered":"<div data-elementor-type=\"wp-page\" data-elementor-id=\"4570\" class=\"elementor elementor-4570\">\n\t\t\t\t<div class=\"elementor-element elementor-element-10cd095 e-flex e-con-boxed e-con e-parent\" data-id=\"10cd095\" data-element_type=\"container\">\n\t\t\t\t\t<div class=\"e-con-inner\">\n\t\t\t\t<div class=\"elementor-element elementor-element-fe54a24 elementor-widget elementor-widget-image\" data-id=\"fe54a24\" data-element_type=\"widget\" data-settings=\"{&quot;wdt_animation_effect&quot;:&quot;none&quot;}\" data-widget_type=\"image.default\">\n\t\t\t\t<div class=\"elementor-widget-container\">\n\t\t\t\t\t\t\t\t\t\t\t\t\t\t\t<img fetchpriority=\"high\" decoding=\"async\" width=\"1200\" height=\"425\" src=\"https:\/\/yume-beauty.com\/wp-content\/uploads\/2025\/04\/about-YumeBeauty-private-label-process-for-makeup-tools.jpg\" class=\"attachment-full size-full wp-image-4572\" alt=\"Proceso de marca blanca para herramientas de maquillaje\" srcset=\"https:\/\/yume-beauty.com\/wp-content\/uploads\/2025\/04\/about-YumeBeauty-private-label-process-for-makeup-tools.jpg 1200w, https:\/\/yume-beauty.com\/wp-content\/uploads\/2025\/04\/about-YumeBeauty-private-label-process-for-makeup-tools-300x106.jpg 300w, https:\/\/yume-beauty.com\/wp-content\/uploads\/2025\/04\/about-YumeBeauty-private-label-process-for-makeup-tools-1024x363.jpg 1024w, https:\/\/yume-beauty.com\/wp-content\/uploads\/2025\/04\/about-YumeBeauty-private-label-process-for-makeup-tools-768x272.jpg 768w, https:\/\/yume-beauty.com\/wp-content\/uploads\/2025\/04\/about-YumeBeauty-private-label-process-for-makeup-tools-1000x354.jpg 1000w\" sizes=\"(max-width: 1200px) 100vw, 1200px\" \/>\t\t\t\t\t\t\t\t\t\t\t\t\t\t\t<\/div>\n\t\t\t\t<\/div>\n\t\t\t\t\t<\/div>\n\t\t\t\t<\/div>\n\t\t<div class=\"elementor-element elementor-element-861d1f7 e-flex e-con-boxed e-con e-parent\" data-id=\"861d1f7\" data-element_type=\"container\">\n\t\t\t\t\t<div class=\"e-con-inner\">\n\t\t\t\t<div class=\"elementor-element elementor-element-8622e74 elementor-widget elementor-widget-text-editor\" data-id=\"8622e74\" data-element_type=\"widget\" data-settings=\"{&quot;wdt_animation_effect&quot;:&quot;none&quot;}\" data-widget_type=\"text-editor.default\">\n\t\t\t\t<div class=\"elementor-widget-container\">\n\t\t\t\t\t\t\t\t\t<p><a href=\"https:\/\/yume-beauty.com\/es\/?elementor_library=default-kit-2\">YumeBeauty<\/a> es un fabricante mayorista especializado en herramientas cosm\u00e9ticas, y nuestros productos patentados est\u00e1n fabricados con materiales y mano de obra de primera calidad. Con un pedido m\u00ednimo de solo 50 unidades, facilitamos a las marcas la creaci\u00f3n de productos personalizados de alta calidad.<\/p><h2><strong><b>1. Elija <\/b><\/strong><strong><b>Y<\/b><\/strong><strong><b>nuestra <\/b><\/strong><strong><b>F<\/b><\/strong><strong><b>avorita <\/b><\/strong><strong><b>S<\/b><\/strong><strong><b>tyle<\/b><\/strong><\/h2><p>Seleccione uno o varios modelos, o nuestros modelos de moda o nuevos estilos de dise\u00f1o.<\/p><p>Si usted nos pregunta, le recomendaremos, nuestra prueba oficial de los medios de comunicaci\u00f3n social el mejor estilo de tr\u00e1fico para usted.<\/p><h2><strong><b>2. Dise\u00f1o <\/b><\/strong><strong><b>Y<\/b><\/strong><strong><b>nuestra <\/b><\/strong><strong><b>O<\/b><\/strong><strong><b>wn <\/b><\/strong><strong><b>B<\/b><\/strong><strong><b>rand <\/b><\/strong><strong><b>N<\/b><\/strong><strong><b>ame to <\/b><\/strong><strong><b>Y<\/b><\/strong><strong><b>nuestra <\/b><\/strong><strong><b>S<\/b><\/strong><strong><b>atisfacci\u00f3n<\/b><\/strong><\/h2><p>El reconocimiento de marca es crucial para su negocio de belleza.<\/p><p>Si est\u00e1 empezando, h\u00e1ganos saber si tiene una idea y uno de nuestros dise\u00f1adores profesionales le ayudar\u00e1 a trabajar juntos para crear una marca que le satisfaga.<\/p><p>Por supuesto, siempre puede utilizar el nombre de su tienda de maquillaje como logotipo de marca blanca.<\/p><p>Si ya tiene un logotipo, puede envi\u00e1rnoslo por correo electr\u00f3nico y podremos empezar a tramitar su pedido inmediatamente.<\/p><h2><strong><b>3. Acerca de <\/b><\/strong><strong><b>P<\/b><\/strong><strong><b>rivado <\/b><\/strong><strong><b>L<\/b><\/strong><strong><b>abel <\/b><\/strong><strong><b>O<\/b><\/strong><strong><b>rders<\/b><\/strong><\/h2><p>Puede elegir directamente sus productos favoritos en nuestro sitio web, hacer un pedido directamente y nosotros se lo prepararemos de inmediato.<\/p><p>Si usted no sabe c\u00f3mo operar en nuestro sitio web o quiere ahorrar tiempo, puede enviar su lista de productos y la imagen del logotipo al servicio de atenci\u00f3n al cliente privado, emitiremos una factura para usted, s\u00f3lo tiene que comprobar los detalles de la factura y pagar.<\/p><p>Por supuesto, si tiene ideas de personalizaci\u00f3n, o nuevo dise\u00f1o de envase o sustituci\u00f3n de otros envases, etc., p\u00f3ngase en contacto directamente con nuestro servicio privado de atenci\u00f3n al cliente, estaremos encantados de ayudarle.<\/p><h2><strong><b>4. Pago de pedidos de marcas propias<\/b><\/strong><\/h2><p>Tenga en cuenta que todos los pedidos de herramientas de maquillaje de marca propia requieren el pago completo antes de que podamos empezar a procesar su pedido.<\/p><p>Por favor, comprenda que una vez que su logotipo est\u00e9 impreso en las herramientas de maquillaje fabricadas o en el embalaje, no podremos vender o revender estos art\u00edculos a otros clientes.<\/p><p>Tenga la seguridad de que colaboraremos incondicionalmente con usted en todas las cuestiones relacionadas con problemas de calidad o rotura del producto.<\/p><h2><strong><b>5. Acerca de la confirmaci\u00f3n de pedidos y la producci\u00f3n de marcas propias<\/b><\/strong><\/h2><p>Una vez que recibamos su pedido completo, nuestros dise\u00f1adores crear\u00e1n un dise\u00f1o para sus necesidades y, a continuaci\u00f3n, le mostrar\u00e1n im\u00e1genes del dise\u00f1o a trav\u00e9s del servicio privado de atenci\u00f3n al cliente.<\/p><p>Una vez recibida su confirmaci\u00f3n completa, el modelo se enviar\u00e1 a la f\u00e1brica para su impresi\u00f3n.<\/p><p>Tenga en cuenta que una vez que el modelo se env\u00eda a la f\u00e1brica, todos los detalles del producto o el embalaje no se pueden cambiar, as\u00ed que por favor revise cuidadosamente al confirmar el modelo de dise\u00f1o. Gracias por su colaboraci\u00f3n.<\/p><h2><strong><b>6. Env\u00edo y entrega de pedidos de marcas propias<\/b><\/strong><\/h2><p>Para los pedidos generales con logotipo impreso, los env\u00edos pueden realizarse en un plazo de 5 a 7 d\u00edas laborables;<\/p><p>Para los nuevos estilos personalizados de herramientas de maquillaje u otros envases, etc., puede tardar m\u00e1s tiempo en funci\u00f3n del dise\u00f1o del producto. Tenga la seguridad de que mantendremos una comunicaci\u00f3n instant\u00e1nea con usted.<\/p><p>Nos comprometemos a satisfacerle a lo largo de todo el proceso hasta que reciba efectivamente la mercanc\u00eda que le enviamos y quede satisfecho con ella.<\/p>\t\t\t\t\t\t\t\t<\/div>\n\t\t\t\t<\/div>\n\t\t\t\t\t<\/div>\n\t\t\t\t<\/div>\n\t\t\t\t<\/div>","protected":false},"excerpt":{"rendered":"<p>YumeBeauty is a specialized wholesale manufacturer of cosmetic tools, and our patented products are made from premium materials and craftsmanship. With a minimum order quantity of just 50 pieces, we make it easy for brands to create customized, high-quality products. 1. Choose Your Favorite Style Please select any one or several models, or our hot [&hellip;]<\/p>","protected":false},"author":1,"featured_media":0,"parent":0,"menu_order":0,"comment_status":"closed","ping_status":"closed","template":"","meta":{"_monsterinsights_skip_tracking":false,"_monsterinsights_sitenote_active":false,"_monsterinsights_sitenote_note":"","_monsterinsights_sitenote_category":0,"footnotes":""},"class_list":["post-4570","page","type-page","status-publish","hentry"],"aioseo_notices":[],"_links":{"self":[{"href":"https:\/\/yume-beauty.com\/es\/wp-json\/wp\/v2\/pages\/4570","targetHints":{"allow":["GET"]}}],"collection":[{"href":"https:\/\/yume-beauty.com\/es\/wp-json\/wp\/v2\/pages"}],"about":[{"href":"https:\/\/yume-beauty.com\/es\/wp-json\/wp\/v2\/types\/page"}],"author":[{"embeddable":true,"href":"https:\/\/yume-beauty.com\/es\/wp-json\/wp\/v2\/users\/1"}],"replies":[{"embeddable":true,"href":"https:\/\/yume-beauty.com\/es\/wp-json\/wp\/v2\/comments?post=4570"}],"version-history":[{"count":5,"href":"https:\/\/yume-beauty.com\/es\/wp-json\/wp\/v2\/pages\/4570\/revisions"}],"predecessor-version":[{"id":4578,"href":"https:\/\/yume-beauty.com\/es\/wp-json\/wp\/v2\/pages\/4570\/revisions\/4578"}],"wp:attachment":[{"href":"https:\/\/yume-beauty.com\/es\/wp-json\/wp\/v2\/media?parent=4570"}],"curies":[{"name":"wp","href":"https:\/\/api.w.org\/{rel}","templated":true}]}}