{"id":4814,"date":"2025-04-28T13:07:18","date_gmt":"2025-04-28T05:07:18","guid":{"rendered":"https:\/\/yume-beauty.com\/?page_id=4814"},"modified":"2025-04-28T13:17:12","modified_gmt":"2025-04-28T05:17:12","slug":"obtenga-una-muestra-gratuita","status":"publish","type":"page","link":"https:\/\/yume-beauty.com\/es\/obtenga-una-muestra-gratuita\/","title":{"rendered":"Obtenga una muestra gratuita"},"content":{"rendered":"<div data-elementor-type=\"wp-page\" data-elementor-id=\"4814\" class=\"elementor elementor-4814\">\n\t\t\t\t<div class=\"elementor-element elementor-element-8ecf05c e-flex e-con-boxed e-con e-parent\" data-id=\"8ecf05c\" data-element_type=\"container\">\n\t\t\t\t\t<div class=\"e-con-inner\">\n\t\t<div class=\"elementor-element elementor-element-097b236 e-con-full e-flex e-con e-child\" data-id=\"097b236\" data-element_type=\"container\">\n\t\t\t\t<div class=\"elementor-element elementor-element-575bceb elementor-widget elementor-widget-image\" data-id=\"575bceb\" data-element_type=\"widget\" data-settings=\"{&quot;wdt_animation_effect&quot;:&quot;none&quot;}\" data-widget_type=\"image.default\">\n\t\t\t\t<div class=\"elementor-widget-container\">\n\t\t\t\t\t\t\t\t\t\t\t\t\t\t\t<img fetchpriority=\"high\" decoding=\"async\" width=\"1024\" height=\"363\" src=\"https:\/\/yume-beauty.com\/wp-content\/uploads\/2025\/04\/about-YumeBeauty-private-label-process-for-makeup-tools-1024x363.jpg\" class=\"attachment-large size-large wp-image-4572\" alt=\"Proceso de marca blanca para herramientas de maquillaje\" srcset=\"https:\/\/yume-beauty.com\/wp-content\/uploads\/2025\/04\/about-YumeBeauty-private-label-process-for-makeup-tools-1024x363.jpg 1024w, https:\/\/yume-beauty.com\/wp-content\/uploads\/2025\/04\/about-YumeBeauty-private-label-process-for-makeup-tools-300x106.jpg 300w, https:\/\/yume-beauty.com\/wp-content\/uploads\/2025\/04\/about-YumeBeauty-private-label-process-for-makeup-tools-768x272.jpg 768w, https:\/\/yume-beauty.com\/wp-content\/uploads\/2025\/04\/about-YumeBeauty-private-label-process-for-makeup-tools-1000x354.jpg 1000w, https:\/\/yume-beauty.com\/wp-content\/uploads\/2025\/04\/about-YumeBeauty-private-label-process-for-makeup-tools.jpg 1200w\" sizes=\"(max-width: 1024px) 100vw, 1024px\" \/>\t\t\t\t\t\t\t\t\t\t\t\t\t\t\t<\/div>\n\t\t\t\t<\/div>\n\t\t\t\t<div class=\"elementor-element elementor-element-013905a elementor-widget elementor-widget-text-editor\" data-id=\"013905a\" data-element_type=\"widget\" data-settings=\"{&quot;wdt_animation_effect&quot;:&quot;none&quot;}\" data-widget_type=\"text-editor.default\">\n\t\t\t\t<div class=\"elementor-widget-container\">\n\t\t\t\t\t\t\t\t\t<p><strong><b>Experimente nuestra calidad de primera mano<\/b><\/strong><\/p><p><strong><b>Creemos que ver para creer.<\/b><\/strong><\/p><p>Antes de realizar un pedido al por mayor, estaremos encantados de ofrecerle opciones de muestra para que pueda experimentar personalmente la calidad superior, el dise\u00f1o y el rendimiento de nuestros productos.<\/p><p>Adem\u00e1s, le ofrecemos <a href=\"https:\/\/yume-beauty.com\/es\/?page_id=419\"><strong><b>servicio personalizado<\/b><\/strong><\/a>. No dude en ponerse en contacto con nosotros.<\/p>\t\t\t\t\t\t\t\t<\/div>\n\t\t\t\t<\/div>\n\t\t\t\t<div class=\"elementor-element elementor-element-fb72d7d elementor-widget elementor-widget-text-editor\" data-id=\"fb72d7d\" data-element_type=\"widget\" data-settings=\"{&quot;wdt_animation_effect&quot;:&quot;none&quot;}\" data-widget_type=\"text-editor.default\">\n\t\t\t\t<div class=\"elementor-widget-container\">\n\t\t\t\t\t\t\t\t\t<h2>\u00bfMuestras gratuitas?<\/h2><p>Consigue muestras gratis Eso s\u00ed, tendr\u00e1s que hacerte cargo t\u00fa mismo de los gastos de env\u00edo.<\/p><p>Nota: Cuando el importe de su pedido alcance cierta cantidad, le reembolsaremos el importe de la muestra.<\/p><p>Sin embargo, s\u00f3lo reembolsamos el coste de las muestras de producto. Los costes del molde u otros costes no est\u00e1n incluidos en el reembolso.<\/p><p>\u00a0<\/p><h2>\u00bfPrecios de muestra?<\/h2><p>Todos los productos en stock de nuestro sitio web admiten pedidos con un solo clic, y puede obtener directamente las muestras que necesite.<\/p><p>En el caso de los productos personalizados, hay que tener en cuenta el coste de los moldes y otros gastos, que deben discutirse espec\u00edficamente con el servicio de atenci\u00f3n al cliente.<\/p><p>\u00a0<\/p><h2>\u00bfServicio de muestras?<\/h2><p>Podemos proporcionar el dise\u00f1o del producto libre, vamos a empezar a hacer muestras inmediatamente despu\u00e9s de su confirmaci\u00f3n. Incluyendo el material, el tama\u00f1o, la forma, la insignia, el empaquetado, el etc., la personalizaci\u00f3n todo alrededor est\u00e1 hasta usted.<\/p><p>\u00a0<\/p><h2>\u00bfTiempo de producci\u00f3n y transporte de las muestras?<\/h2><p>Todos los productos en stock en el sitio web se pueden pedir directamente haga un pedido y obtenga sus muestras. La entrega general suele tardar entre 7 y 15 d\u00edas.<\/p><p>El tiempo de producci\u00f3n de las muestras personalizadas depender\u00e1 de cada caso.<\/p><p>\u00a0<\/p><h2>\u00bfSeguimiento de su pedido de muestras?<\/h2><p>Una vez enviadas las muestras, le facilitaremos el n\u00famero de pedido del servicio de mensajer\u00eda.<\/p><p>O nuestro personal de ventas profesional le proporcionar\u00e1 un servicio personalizado, le informar\u00e1 a tiempo del estado de env\u00edo de las muestras.<\/p><p>\u00a0<\/p><h2>\u00bfListo para empezar?<\/h2><p>\ud83d\udc49 \u00a1P\u00f3ngase en contacto con nosotros hoy mismo y comience su solicitud de muestras!<\/p><p>Construyamos juntos su negocio con la mejor calidad y los precios m\u00e1s competitivos.<\/p>\t\t\t\t\t\t\t\t<\/div>\n\t\t\t\t<\/div>\n\t\t\t\t<div class=\"elementor-element elementor-element-7129272 elementor-widget elementor-widget-text-editor\" data-id=\"7129272\" data-element_type=\"widget\" data-settings=\"{&quot;wdt_animation_effect&quot;:&quot;none&quot;}\" data-widget_type=\"text-editor.default\">\n\t\t\t\t<div class=\"elementor-widget-container\">\n\t\t\t\t\t\t\t\t\t<h2><strong><b>Contacto r\u00e1pido<\/b><\/strong><\/h2><p>Whatsapp\/Tel: + 86 18966004409<\/p><p>Direcci\u00f3n: Habitaci\u00f3n 722, n\u00ba 407, Yongjun Road, ciudad de Yiwu, provincia de Zhejiang, China<\/p><p><span style=\"text-decoration: underline;\"><em><a href=\"https:\/\/yume-beauty.com\/es\/?page_id=419\"><strong><b>Haga clic aqu\u00ed para un servicio personalizado<\/b><\/strong><\/a><\/em><\/span><\/p><p><span style=\"text-decoration: underline;\"><em><strong><a href=\"https:\/\/yume-beauty.com\/es\/?page_id=4443\">Pol\u00edtica de privacidad<\/a><\/strong><\/em><\/span><\/p>\t\t\t\t\t\t\t\t<\/div>\n\t\t\t\t<\/div>\n\t\t\t\t<\/div>\n\t\t\t\t\t<\/div>\n\t\t\t\t<\/div>\n\t\t\t\t<\/div>","protected":false},"excerpt":{"rendered":"<p>Experience Our Quality Firsthand! We believe that seeing is believing. Before you place a bulk order, we are happy to offer sample options so you can personally experience the premium quality, design, and performance of our products. In addition, we offer you one-on-one service. Please feel free to contact us! Free samples? Get free samples! [&hellip;]<\/p>","protected":false},"author":1,"featured_media":0,"parent":0,"menu_order":0,"comment_status":"closed","ping_status":"closed","template":"","meta":{"_monsterinsights_skip_tracking":false,"_monsterinsights_sitenote_active":false,"_monsterinsights_sitenote_note":"","_monsterinsights_sitenote_category":0,"footnotes":""},"class_list":["post-4814","page","type-page","status-publish","hentry"],"aioseo_notices":[],"_links":{"self":[{"href":"https:\/\/yume-beauty.com\/es\/wp-json\/wp\/v2\/pages\/4814","targetHints":{"allow":["GET"]}}],"collection":[{"href":"https:\/\/yume-beauty.com\/es\/wp-json\/wp\/v2\/pages"}],"about":[{"href":"https:\/\/yume-beauty.com\/es\/wp-json\/wp\/v2\/types\/page"}],"author":[{"embeddable":true,"href":"https:\/\/yume-beauty.com\/es\/wp-json\/wp\/v2\/users\/1"}],"replies":[{"embeddable":true,"href":"https:\/\/yume-beauty.com\/es\/wp-json\/wp\/v2\/comments?post=4814"}],"version-history":[{"count":6,"href":"https:\/\/yume-beauty.com\/es\/wp-json\/wp\/v2\/pages\/4814\/revisions"}],"predecessor-version":[{"id":4820,"href":"https:\/\/yume-beauty.com\/es\/wp-json\/wp\/v2\/pages\/4814\/revisions\/4820"}],"wp:attachment":[{"href":"https:\/\/yume-beauty.com\/es\/wp-json\/wp\/v2\/media?parent=4814"}],"curies":[{"name":"wp","href":"https:\/\/api.w.org\/{rel}","templated":true}]}}