{"id":4703,"date":"2025-04-25T14:53:44","date_gmt":"2025-04-25T06:53:44","guid":{"rendered":"https:\/\/yume-beauty.com\/?post_type=product&#038;p=4703"},"modified":"2026-01-26T02:38:19","modified_gmt":"2026-01-25T18:38:19","slug":"parche-corrector-auditivo-adulto","status":"publish","type":"product","link":"https:\/\/yume-beauty.com\/es\/product\/parche-corrector-auditivo-adulto\/","title":{"rendered":"Parche corrector de orejas para adultos - Juego de 8 unidades en caja original"},"content":{"rendered":"<p><strong>Parche corrector auditivo para adultos - Qu\u00e9 contiene<\/strong><\/p>\n<ul>\n<li>8 parches correctores auriculares envueltos individualmente.<\/li>\n<li>Embalaje en caja de marca original de primera calidad.<\/li>\n<li>Folleto de instrucciones incluido.<\/li>\n<li>Listo para la venta al por menor o para su uso diario.<\/li>\n<li>Perfecto para reventa, uso en salones de belleza o kits de aseo personal.<\/li>\n<\/ul>\n<h3>Parche corrector auditivo para adultos Ventajas principales<\/h3>\n<ul>\n<li>Posicionamiento instant\u00e1neo de las orejas - Corrige el aspecto de las orejas prominentes en segundos<\/li>\n<li>Ultrafino e invisible: indetectable bajo el pelo o el maquillaje<\/li>\n<li>Adhesivo de grado m\u00e9dico: hipoalerg\u00e9nico, transpirable y seguro para el uso diario.<\/li>\n<li>Sujeci\u00f3n duradera: c\u00f3moda de llevar durante m\u00e1s de 8 horas<\/li>\n<li>Discreto y pr\u00e1ctico: adecuado para el trabajo, eventos sociales y sesiones fotogr\u00e1ficas.<\/li>\n<\/ul>\n<p><strong>Consejo profesional: Util\u00edzalo antes de peinarte o maquillarte para conseguir el mejor efecto sin costuras.<\/strong><\/p>\n<p><a href=\"https:\/\/www.instagram.com\/p\/DKLfYSpNqgs\/\"><img fetchpriority=\"high\" decoding=\"async\" class=\"alignnone wp-image-4708 size-medium\" src=\"https:\/\/yume-beauty.com\/wp-content\/uploads\/2025\/04\/original-ear-corrective-boxed-set-hydrocolloid-shrink-ear-corrector-2-300x300.jpg\" alt=\"parche corrector auditivo adulto\" width=\"300\" height=\"300\" srcset=\"https:\/\/yume-beauty.com\/wp-content\/uploads\/2025\/04\/original-ear-corrective-boxed-set-hydrocolloid-shrink-ear-corrector-2-300x300.jpg 300w, https:\/\/yume-beauty.com\/wp-content\/uploads\/2025\/04\/original-ear-corrective-boxed-set-hydrocolloid-shrink-ear-corrector-2-150x150.jpg 150w, https:\/\/yume-beauty.com\/wp-content\/uploads\/2025\/04\/original-ear-corrective-boxed-set-hydrocolloid-shrink-ear-corrector-2-768x768.jpg 768w, https:\/\/yume-beauty.com\/wp-content\/uploads\/2025\/04\/original-ear-corrective-boxed-set-hydrocolloid-shrink-ear-corrector-2-205x205.jpg 205w, https:\/\/yume-beauty.com\/wp-content\/uploads\/2025\/04\/original-ear-corrective-boxed-set-hydrocolloid-shrink-ear-corrector-2-650x650.jpg 650w, https:\/\/yume-beauty.com\/wp-content\/uploads\/2025\/04\/original-ear-corrective-boxed-set-hydrocolloid-shrink-ear-corrector-2-60x60.jpg 60w, https:\/\/yume-beauty.com\/wp-content\/uploads\/2025\/04\/original-ear-corrective-boxed-set-hydrocolloid-shrink-ear-corrector-2-100x100.jpg 100w, https:\/\/yume-beauty.com\/wp-content\/uploads\/2025\/04\/original-ear-corrective-boxed-set-hydrocolloid-shrink-ear-corrector-2-50x50.jpg 50w, https:\/\/yume-beauty.com\/wp-content\/uploads\/2025\/04\/original-ear-corrective-boxed-set-hydrocolloid-shrink-ear-corrector-2.jpg 800w\" sizes=\"(max-width: 300px) 100vw, 300px\" \/><\/a><\/p>\n<h4>Levanta y corrige las orejas al instante, de forma segura, invisible y c\u00f3moda<\/h4>\n<ul>\n<li>Fabricante original y titular de la patente.<\/li>\n<li>M\u00e1s de 10 a\u00f1os de producci\u00f3n de parches auriculares OEM\/ODM.<\/li>\n<li>Posibilidad de personalizar la marca y el envase.<\/li>\n<li>Precios al por mayor con entrega r\u00e1pida en todo el mundo.<\/li>\n<\/ul>","protected":false},"excerpt":{"rendered":"<ul>\n<li>Parche corrector invisible para adultos - Para adultos con orejas prominentes<\/li>\n<li>Discreto. C\u00f3modos. Aumenta la confianza.<\/li>\n<\/ul>","protected":false},"featured_media":4705,"comment_status":"open","ping_status":"closed","template":"","meta":{"_monsterinsights_skip_tracking":false,"_monsterinsights_sitenote_active":false,"_monsterinsights_sitenote_note":"","_monsterinsights_sitenote_category":0},"product_brand":[],"product_cat":[73],"product_tag":[113],"giftcard-category":[],"class_list":{"0":"post-4703","1":"product","2":"type-product","3":"status-publish","4":"has-post-thumbnail","6":"product_cat-cosmetic-ear-corrector","7":"product_tag-adult-ear-corrector","10":"instock","11":"shipping-taxable","12":"purchasable","13":"product-type-variable","14":"product-grid-view"},"aioseo_notices":[],"tiered_pricing_type":"fixed","tiered_pricing_fixed_rules":[],"tiered_pricing_product_settings":{"layout":"default","base_unit_name":{"singular":null,"plural":null},"default_variation":null},"tiered_pricing_minimum_quantity":null,"tiered_pricing_roles_data":[],"tiered_pricing_percentage_rules":[],"_links":{"self":[{"href":"https:\/\/yume-beauty.com\/es\/wp-json\/wp\/v2\/product\/4703","targetHints":{"allow":["GET"]}}],"collection":[{"href":"https:\/\/yume-beauty.com\/es\/wp-json\/wp\/v2\/product"}],"about":[{"href":"https:\/\/yume-beauty.com\/es\/wp-json\/wp\/v2\/types\/product"}],"replies":[{"embeddable":true,"href":"https:\/\/yume-beauty.com\/es\/wp-json\/wp\/v2\/comments?post=4703"}],"wp:featuredmedia":[{"embeddable":true,"href":"https:\/\/yume-beauty.com\/es\/wp-json\/wp\/v2\/media\/4705"}],"wp:attachment":[{"href":"https:\/\/yume-beauty.com\/es\/wp-json\/wp\/v2\/media?parent=4703"}],"wp:term":[{"taxonomy":"product_brand","embeddable":true,"href":"https:\/\/yume-beauty.com\/es\/wp-json\/wp\/v2\/product_brand?post=4703"},{"taxonomy":"product_cat","embeddable":true,"href":"https:\/\/yume-beauty.com\/es\/wp-json\/wp\/v2\/product_cat?post=4703"},{"taxonomy":"product_tag","embeddable":true,"href":"https:\/\/yume-beauty.com\/es\/wp-json\/wp\/v2\/product_tag?post=4703"},{"taxonomy":"giftcard-category","embeddable":true,"href":"https:\/\/yume-beauty.com\/es\/wp-json\/wp\/v2\/giftcard-category?post=4703"}],"curies":[{"name":"wp","href":"https:\/\/api.w.org\/{rel}","templated":true}]}}