{"id":4720,"date":"2025-04-25T16:58:14","date_gmt":"2025-04-25T08:58:14","guid":{"rendered":"https:\/\/yume-beauty.com\/?post_type=product&#038;p=4720"},"modified":"2025-09-26T09:55:54","modified_gmt":"2025-09-26T01:55:54","slug":"corrector-auditivo-para-bebes-a-partir-de-3-meses-2","status":"publish","type":"product","link":"https:\/\/yume-beauty.com\/es\/product\/corrector-auditivo-para-bebes-a-partir-de-3-meses-2\/","title":{"rendered":"Corrector O\u00eddo Beb\u00e9 Desde 3 Meses Soluciona Gran Problema O\u00eddo 8 PCS"},"content":{"rendered":"<h3>El corrector auditivo para beb\u00e9s a partir de 3 meses soluciona el problema de las orejas grandes<\/h3>\n<h4>Caracter\u00edsticas principales<\/h4>\n<ul>\n<li>Corrige las orejas prominentes: moldea suavemente las orejas del beb\u00e9 hasta una posici\u00f3n m\u00e1s natural.<\/li>\n<li>Silicona suave de grado m\u00e9dico: segura para pieles delicadas, hipoalerg\u00e9nica y transpirable.<\/li>\n<li>Invisible y c\u00f3modo: dise\u00f1o fino y discreto para llevarlo a diario.<\/li>\n<li>Sujeci\u00f3n segura pero suave: adhesivo especial para una larga duraci\u00f3n sin irritaciones.<\/li>\n<\/ul>\n<p><img fetchpriority=\"high\" decoding=\"async\" class=\"alignnone size-medium wp-image-4766\" src=\"https:\/\/yume-beauty.com\/wp-content\/uploads\/2025\/04\/ear-corrector-for-baby-from-3-months-2025-new-300x300.jpg\" alt=\"el corrector auditivo para beb\u00e9s desde los 3 meses soluciona el problema de las orejas grandes\" width=\"300\" height=\"300\" srcset=\"https:\/\/yume-beauty.com\/wp-content\/uploads\/2025\/04\/ear-corrector-for-baby-from-3-months-2025-new-300x300.jpg 300w, https:\/\/yume-beauty.com\/wp-content\/uploads\/2025\/04\/ear-corrector-for-baby-from-3-months-2025-new-150x150.jpg 150w, https:\/\/yume-beauty.com\/wp-content\/uploads\/2025\/04\/ear-corrector-for-baby-from-3-months-2025-new-768x768.jpg 768w, https:\/\/yume-beauty.com\/wp-content\/uploads\/2025\/04\/ear-corrector-for-baby-from-3-months-2025-new-205x205.jpg 205w, https:\/\/yume-beauty.com\/wp-content\/uploads\/2025\/04\/ear-corrector-for-baby-from-3-months-2025-new-650x650.jpg 650w, https:\/\/yume-beauty.com\/wp-content\/uploads\/2025\/04\/ear-corrector-for-baby-from-3-months-2025-new-60x60.jpg 60w, https:\/\/yume-beauty.com\/wp-content\/uploads\/2025\/04\/ear-corrector-for-baby-from-3-months-2025-new-100x100.jpg 100w, https:\/\/yume-beauty.com\/wp-content\/uploads\/2025\/04\/ear-corrector-for-baby-from-3-months-2025-new-50x50.jpg 50w, https:\/\/yume-beauty.com\/wp-content\/uploads\/2025\/04\/ear-corrector-for-baby-from-3-months-2025-new.jpg 800w\" sizes=\"(max-width: 300px) 100vw, 300px\" \/><\/p>\n<h4>Ideal para<\/h4>\n<ul>\n<li>Uso diario en casa.<\/li>\n<li>D\u00edas de fotos, guarder\u00eda o excursiones.<\/li>\n<li>Pediatras, tiendas de beb\u00e9s, cl\u00ednicas postparto.<\/li>\n<li>Marcas blancas para el cuidado del beb\u00e9.<\/li>\n<\/ul>\n<h5>Mayorista parche corrector de orejas de silicona para beb\u00e9s<\/h5>\n<ul>\n<li>Producto con certificado de patente.<\/li>\n<li>Primera f\u00e1brica que ofrece venta al por mayor en todo el mundo.<\/li>\n<li>Personalizaci\u00f3n OEM\/ODM disponible.<\/li>\n<li>Con la confianza de miles de padres y marcas de beb\u00e9s de todo el mundo.<\/li>\n<\/ul>","protected":false},"excerpt":{"rendered":"<p>Corrector de Orejas de Silicona para Beb\u00e9s y Adultos - Suave moldeador para orejas prominentes<br \/>\nSeguro. Suave. Ayude a su hijo a crecer con confianza.<\/p>","protected":false},"featured_media":4721,"comment_status":"open","ping_status":"closed","template":"","meta":{"_monsterinsights_skip_tracking":false,"_monsterinsights_sitenote_active":false,"_monsterinsights_sitenote_note":"","_monsterinsights_sitenote_category":0},"product_brand":[],"product_cat":[73],"product_tag":[116],"giftcard-category":[],"class_list":{"0":"post-4720","1":"product","2":"type-product","3":"status-publish","4":"has-post-thumbnail","6":"product_cat-cosmetic-ear-corrector","7":"product_tag-ear-corrector-for-baby","10":"instock","11":"shipping-taxable","12":"purchasable","13":"product-type-simple","14":"product-grid-view"},"aioseo_notices":[],"tiered_pricing_type":"fixed","tiered_pricing_fixed_rules":{"10":10.25},"tiered_pricing_product_settings":{"layout":"default","base_unit_name":{"singular":null,"plural":null},"default_variation":null},"tiered_pricing_minimum_quantity":null,"tiered_pricing_roles_data":[],"tiered_pricing_percentage_rules":[],"_links":{"self":[{"href":"https:\/\/yume-beauty.com\/es\/wp-json\/wp\/v2\/product\/4720","targetHints":{"allow":["GET"]}}],"collection":[{"href":"https:\/\/yume-beauty.com\/es\/wp-json\/wp\/v2\/product"}],"about":[{"href":"https:\/\/yume-beauty.com\/es\/wp-json\/wp\/v2\/types\/product"}],"replies":[{"embeddable":true,"href":"https:\/\/yume-beauty.com\/es\/wp-json\/wp\/v2\/comments?post=4720"}],"wp:featuredmedia":[{"embeddable":true,"href":"https:\/\/yume-beauty.com\/es\/wp-json\/wp\/v2\/media\/4721"}],"wp:attachment":[{"href":"https:\/\/yume-beauty.com\/es\/wp-json\/wp\/v2\/media?parent=4720"}],"wp:term":[{"taxonomy":"product_brand","embeddable":true,"href":"https:\/\/yume-beauty.com\/es\/wp-json\/wp\/v2\/product_brand?post=4720"},{"taxonomy":"product_cat","embeddable":true,"href":"https:\/\/yume-beauty.com\/es\/wp-json\/wp\/v2\/product_cat?post=4720"},{"taxonomy":"product_tag","embeddable":true,"href":"https:\/\/yume-beauty.com\/es\/wp-json\/wp\/v2\/product_tag?post=4720"},{"taxonomy":"giftcard-category","embeddable":true,"href":"https:\/\/yume-beauty.com\/es\/wp-json\/wp\/v2\/giftcard-category?post=4720"}],"curies":[{"name":"wp","href":"https:\/\/api.w.org\/{rel}","templated":true}]}}