{"id":5150,"date":"2025-08-16T16:53:45","date_gmt":"2025-08-16T08:53:45","guid":{"rendered":"https:\/\/yume-beauty.com\/?post_type=product&#038;p=5150"},"modified":"2026-01-26T02:40:16","modified_gmt":"2026-01-25T18:40:16","slug":"cinta-correctora-auditiva-invisible","status":"publish","type":"product","link":"https:\/\/yume-beauty.com\/es\/product\/cinta-correctora-auditiva-invisible\/","title":{"rendered":"Cinta Correctora Oreja Invisible Media Luna Adulto 4\/6 Piezas"},"content":{"rendered":"<h3>Caracter\u00edsticas del dise\u00f1o de la cinta correctora invisible<\/h3>\n<ul data-start=\"595\" data-end=\"1111\">\n<li data-start=\"595\" data-end=\"718\">\n<p data-start=\"597\" data-end=\"718\"><strong data-start=\"597\" data-end=\"628\">Dise\u00f1o invisible y discreto<\/strong> - La forma de media luna transparente se oculta perfectamente detr\u00e1s de la oreja, incluso con gafas.<\/p>\n<\/li>\n<li data-start=\"719\" data-end=\"823\">\n<p data-start=\"721\" data-end=\"823\"><strong data-start=\"721\" data-end=\"742\">Suave pero seguro<\/strong> - Silicona de primera calidad + adhesivo de grado m\u00e9dico que garantizan comodidad sin irritaciones.<\/p>\n<\/li>\n<li data-start=\"824\" data-end=\"913\">\n<p data-start=\"826\" data-end=\"913\"><strong data-start=\"826\" data-end=\"844\">Resultados probados<\/strong> - Miles de pruebas demuestran una mejora visible con el uso constante.<\/p>\n<\/li>\n<li data-start=\"914\" data-end=\"1018\">\n<p data-start=\"916\" data-end=\"1018\"><strong data-start=\"916\" data-end=\"942\">Ligero y port\u00e1til<\/strong> - El embalaje compacto facilita su transporte y uso en cualquier momento y lugar.<\/p>\n<\/li>\n<li data-start=\"1019\" data-end=\"1111\">\n<p data-start=\"1021\" data-end=\"1111\"><strong data-start=\"1021\" data-end=\"1041\">M\u00faltiples opciones<\/strong> - Elija entre juegos de cajas de 4 o 6 pares para uso minorista o personal.<\/p>\n<\/li>\n<\/ul>\n<p><a href=\"https:\/\/www.instagram.com\/reel\/DKLfYSpNqgs\/\"><img fetchpriority=\"high\" decoding=\"async\" class=\"alignnone wp-image-5153 size-medium\" src=\"https:\/\/yume-beauty.com\/wp-content\/uploads\/2025\/08\/new-adult-crescent-shaped-invisible-ear-correction-tape-300x300.jpg\" alt=\"Cinta correctora de orejas invisible en forma de media luna para adultos YuMeBeauty\" width=\"300\" height=\"300\" srcset=\"https:\/\/yume-beauty.com\/wp-content\/uploads\/2025\/08\/new-adult-crescent-shaped-invisible-ear-correction-tape-300x300.jpg 300w, https:\/\/yume-beauty.com\/wp-content\/uploads\/2025\/08\/new-adult-crescent-shaped-invisible-ear-correction-tape-150x150.jpg 150w, https:\/\/yume-beauty.com\/wp-content\/uploads\/2025\/08\/new-adult-crescent-shaped-invisible-ear-correction-tape-768x768.jpg 768w, https:\/\/yume-beauty.com\/wp-content\/uploads\/2025\/08\/new-adult-crescent-shaped-invisible-ear-correction-tape-12x12.jpg 12w, https:\/\/yume-beauty.com\/wp-content\/uploads\/2025\/08\/new-adult-crescent-shaped-invisible-ear-correction-tape-205x205.jpg 205w, https:\/\/yume-beauty.com\/wp-content\/uploads\/2025\/08\/new-adult-crescent-shaped-invisible-ear-correction-tape-650x650.jpg 650w, https:\/\/yume-beauty.com\/wp-content\/uploads\/2025\/08\/new-adult-crescent-shaped-invisible-ear-correction-tape-60x60.jpg 60w, https:\/\/yume-beauty.com\/wp-content\/uploads\/2025\/08\/new-adult-crescent-shaped-invisible-ear-correction-tape-100x100.jpg 100w, https:\/\/yume-beauty.com\/wp-content\/uploads\/2025\/08\/new-adult-crescent-shaped-invisible-ear-correction-tape-50x50.jpg 50w, https:\/\/yume-beauty.com\/wp-content\/uploads\/2025\/08\/new-adult-crescent-shaped-invisible-ear-correction-tape.jpg 800w\" sizes=\"(max-width: 300px) 100vw, 300px\" \/><\/a><a href=\"https:\/\/www.instagram.com\/reel\/DNCS2yFyqGk\/\"><img decoding=\"async\" class=\"alignnone wp-image-5151 size-medium\" src=\"https:\/\/yume-beauty.com\/wp-content\/uploads\/2025\/08\/adult-crescent-shaped-invisible-ear-correction-tape-04-300x300.jpg\" alt=\"cinta correctora auditiva invisible en forma de media luna para adultos\" width=\"300\" height=\"300\" srcset=\"https:\/\/yume-beauty.com\/wp-content\/uploads\/2025\/08\/adult-crescent-shaped-invisible-ear-correction-tape-04-300x300.jpg 300w, https:\/\/yume-beauty.com\/wp-content\/uploads\/2025\/08\/adult-crescent-shaped-invisible-ear-correction-tape-04-150x150.jpg 150w, https:\/\/yume-beauty.com\/wp-content\/uploads\/2025\/08\/adult-crescent-shaped-invisible-ear-correction-tape-04-768x768.jpg 768w, https:\/\/yume-beauty.com\/wp-content\/uploads\/2025\/08\/adult-crescent-shaped-invisible-ear-correction-tape-04-12x12.jpg 12w, https:\/\/yume-beauty.com\/wp-content\/uploads\/2025\/08\/adult-crescent-shaped-invisible-ear-correction-tape-04-205x205.jpg 205w, https:\/\/yume-beauty.com\/wp-content\/uploads\/2025\/08\/adult-crescent-shaped-invisible-ear-correction-tape-04-650x650.jpg 650w, https:\/\/yume-beauty.com\/wp-content\/uploads\/2025\/08\/adult-crescent-shaped-invisible-ear-correction-tape-04-60x60.jpg 60w, https:\/\/yume-beauty.com\/wp-content\/uploads\/2025\/08\/adult-crescent-shaped-invisible-ear-correction-tape-04-100x100.jpg 100w, https:\/\/yume-beauty.com\/wp-content\/uploads\/2025\/08\/adult-crescent-shaped-invisible-ear-correction-tape-04-50x50.jpg 50w, https:\/\/yume-beauty.com\/wp-content\/uploads\/2025\/08\/adult-crescent-shaped-invisible-ear-correction-tape-04.jpg 800w\" sizes=\"(max-width: 300px) 100vw, 300px\" \/><\/a><a href=\"https:\/\/yume-beauty.com\/es\/servicios-de-herramientas-de-belleza-personalizadas-oem-y-odm-2\/\"><img decoding=\"async\" class=\"alignnone wp-image-5152 size-medium\" src=\"https:\/\/yume-beauty.com\/wp-content\/uploads\/2025\/08\/adult-crescent-shaped-invisible-ear-correction-tape-size-300x300.jpg\" alt=\"cinta correctora de orejas invisible adulto media luna tama\u00f1o\" width=\"300\" height=\"300\" srcset=\"https:\/\/yume-beauty.com\/wp-content\/uploads\/2025\/08\/adult-crescent-shaped-invisible-ear-correction-tape-size-300x300.jpg 300w, https:\/\/yume-beauty.com\/wp-content\/uploads\/2025\/08\/adult-crescent-shaped-invisible-ear-correction-tape-size-150x150.jpg 150w, https:\/\/yume-beauty.com\/wp-content\/uploads\/2025\/08\/adult-crescent-shaped-invisible-ear-correction-tape-size-768x768.jpg 768w, https:\/\/yume-beauty.com\/wp-content\/uploads\/2025\/08\/adult-crescent-shaped-invisible-ear-correction-tape-size-12x12.jpg 12w, https:\/\/yume-beauty.com\/wp-content\/uploads\/2025\/08\/adult-crescent-shaped-invisible-ear-correction-tape-size-205x205.jpg 205w, https:\/\/yume-beauty.com\/wp-content\/uploads\/2025\/08\/adult-crescent-shaped-invisible-ear-correction-tape-size-650x650.jpg 650w, https:\/\/yume-beauty.com\/wp-content\/uploads\/2025\/08\/adult-crescent-shaped-invisible-ear-correction-tape-size-60x60.jpg 60w, https:\/\/yume-beauty.com\/wp-content\/uploads\/2025\/08\/adult-crescent-shaped-invisible-ear-correction-tape-size-100x100.jpg 100w, https:\/\/yume-beauty.com\/wp-content\/uploads\/2025\/08\/adult-crescent-shaped-invisible-ear-correction-tape-size-50x50.jpg 50w, https:\/\/yume-beauty.com\/wp-content\/uploads\/2025\/08\/adult-crescent-shaped-invisible-ear-correction-tape-size.jpg 800w\" sizes=\"(max-width: 300px) 100vw, 300px\" \/><\/a><\/p>\n<h4>Perfecto para<\/h4>\n<ul>\n<li>Uso diario: trabajo, colegio, eventos.<\/li>\n<li>Personas con orejas de soplillo que desean una soluci\u00f3n no quir\u00fargica.<\/li>\n<li>Revendedores y mayoristas que buscan herramientas de belleza de moda.<\/li>\n<li>Tiendas de comercio electr\u00f3nico, salones de belleza y minoristas de belleza.<\/li>\n<\/ul>\n<h5>Sus ventajas con nosotros<\/h5>\n<ul>\n<li>Amplio stock listo - Siempre en stock para una entrega r\u00e1pida.<\/li>\n<li>Precios directos de f\u00e1brica: mayores descuentos para pedidos al por mayor.<\/li>\n<li>Soporte OEM y ODM: personalice el embalaje, el logotipo o el dise\u00f1o del producto.<\/li>\n<li>Dropshipping Friendly - Env\u00ede directamente a sus clientes.<\/li>\n<\/ul>","protected":false},"excerpt":{"rendered":"<ul>\n<li>Diga adi\u00f3s a las orejas prominentes o deformes con nuestra cinta correctora invisible en forma de media luna para adultos.<\/li>\n<li>Dise\u00f1ada para integrarse perfectamente detr\u00e1s de la oreja, es la discreta herramienta de belleza en la que conf\u00edan clientes de todo el mundo.<\/li>\n<\/ul>","protected":false},"featured_media":5154,"comment_status":"open","ping_status":"closed","template":"","meta":{"_monsterinsights_skip_tracking":false,"_monsterinsights_sitenote_active":false,"_monsterinsights_sitenote_note":"","_monsterinsights_sitenote_category":0},"product_brand":[],"product_cat":[73],"product_tag":[155,157,152,153,154],"giftcard-category":[],"class_list":{"0":"post-5150","1":"product","2":"type-product","3":"status-publish","4":"has-post-thumbnail","6":"product_cat-cosmetic-ear-corrector","7":"product_tag-adult-ear-tape","8":"product_tag-beauty-tools-wholesale","9":"product_tag-ear-correction-tape","10":"product_tag-invisible-ear-tape","11":"product_tag-protruding-ear-fix","14":"instock","15":"shipping-taxable","16":"purchasable","17":"product-type-variable","18":"product-grid-view"},"aioseo_notices":[],"tiered_pricing_type":"fixed","tiered_pricing_fixed_rules":[],"tiered_pricing_product_settings":{"layout":"default","base_unit_name":{"singular":null,"plural":null},"default_variation":null},"tiered_pricing_minimum_quantity":null,"tiered_pricing_roles_data":[],"tiered_pricing_percentage_rules":[],"_links":{"self":[{"href":"https:\/\/yume-beauty.com\/es\/wp-json\/wp\/v2\/product\/5150","targetHints":{"allow":["GET"]}}],"collection":[{"href":"https:\/\/yume-beauty.com\/es\/wp-json\/wp\/v2\/product"}],"about":[{"href":"https:\/\/yume-beauty.com\/es\/wp-json\/wp\/v2\/types\/product"}],"replies":[{"embeddable":true,"href":"https:\/\/yume-beauty.com\/es\/wp-json\/wp\/v2\/comments?post=5150"}],"wp:featuredmedia":[{"embeddable":true,"href":"https:\/\/yume-beauty.com\/es\/wp-json\/wp\/v2\/media\/5154"}],"wp:attachment":[{"href":"https:\/\/yume-beauty.com\/es\/wp-json\/wp\/v2\/media?parent=5150"}],"wp:term":[{"taxonomy":"product_brand","embeddable":true,"href":"https:\/\/yume-beauty.com\/es\/wp-json\/wp\/v2\/product_brand?post=5150"},{"taxonomy":"product_cat","embeddable":true,"href":"https:\/\/yume-beauty.com\/es\/wp-json\/wp\/v2\/product_cat?post=5150"},{"taxonomy":"product_tag","embeddable":true,"href":"https:\/\/yume-beauty.com\/es\/wp-json\/wp\/v2\/product_tag?post=5150"},{"taxonomy":"giftcard-category","embeddable":true,"href":"https:\/\/yume-beauty.com\/es\/wp-json\/wp\/v2\/giftcard-category?post=5150"}],"curies":[{"name":"wp","href":"https:\/\/api.w.org\/{rel}","templated":true}]}}