{"id":6008,"date":"2026-01-04T14:34:35","date_gmt":"2026-01-04T06:34:35","guid":{"rendered":"https:\/\/yume-beauty.com\/?post_type=product&#038;p=6008"},"modified":"2026-01-04T14:34:35","modified_gmt":"2026-01-04T06:34:35","slug":"ear-corrector-tape-for-adult-2-4-6-8-pcs","status":"publish","type":"product","link":"https:\/\/yume-beauty.com\/es\/product\/ear-corrector-tape-for-adult-2-4-6-8-pcs\/","title":{"rendered":"Ear Corrector Tape for Adult 2\/4\/6\/8 Pcs"},"content":{"rendered":"<h3>Caracter\u00edsticas del dise\u00f1o de la cinta correctora invisible<\/h3>\n<p><strong>wholesale ear corrector tape for adult<\/strong><\/p>\n<ul data-start=\"595\" data-end=\"1111\">\n<li data-start=\"595\" data-end=\"718\">\n<p data-start=\"597\" data-end=\"718\"><strong data-start=\"597\" data-end=\"628\">Dise\u00f1o invisible y discreto<\/strong> - La forma de media luna transparente se oculta perfectamente detr\u00e1s de la oreja, incluso con gafas.<\/p>\n<\/li>\n<li data-start=\"719\" data-end=\"823\">\n<p data-start=\"721\" data-end=\"823\"><strong data-start=\"721\" data-end=\"742\">Suave pero seguro<\/strong> - Silicona de primera calidad + adhesivo de grado m\u00e9dico que garantizan comodidad sin irritaciones.<\/p>\n<\/li>\n<li data-start=\"824\" data-end=\"913\">\n<p data-start=\"826\" data-end=\"913\"><strong data-start=\"826\" data-end=\"844\">Resultados probados<\/strong> - Miles de pruebas demuestran una mejora visible con el uso constante.<\/p>\n<\/li>\n<li data-start=\"914\" data-end=\"1018\">\n<p data-start=\"916\" data-end=\"1018\"><strong data-start=\"916\" data-end=\"942\">Ligero y port\u00e1til<\/strong> - El embalaje compacto facilita su transporte y uso en cualquier momento y lugar.<\/p>\n<\/li>\n<li data-start=\"1019\" data-end=\"1111\">\n<p data-start=\"1021\" data-end=\"1111\"><strong data-start=\"1021\" data-end=\"1041\">M\u00faltiples opciones<\/strong> - Elija entre juegos de cajas de 4 o 6 pares para uso minorista o personal.<\/p>\n<\/li>\n<\/ul>\n<p><img fetchpriority=\"high\" decoding=\"async\" class=\"alignnone size-medium wp-image-6009\" src=\"https:\/\/yume-beauty.com\/wp-content\/uploads\/2026\/01\/ear-corrector-tape-for-adult-01-300x300.jpg\" alt=\"ear corrector tape for adult 2\/4\/6\/8 pcs\" width=\"300\" height=\"300\" srcset=\"https:\/\/yume-beauty.com\/wp-content\/uploads\/2026\/01\/ear-corrector-tape-for-adult-01-300x300.jpg 300w, https:\/\/yume-beauty.com\/wp-content\/uploads\/2026\/01\/ear-corrector-tape-for-adult-01-150x150.jpg 150w, https:\/\/yume-beauty.com\/wp-content\/uploads\/2026\/01\/ear-corrector-tape-for-adult-01-768x768.jpg 768w, https:\/\/yume-beauty.com\/wp-content\/uploads\/2026\/01\/ear-corrector-tape-for-adult-01-12x12.jpg 12w, https:\/\/yume-beauty.com\/wp-content\/uploads\/2026\/01\/ear-corrector-tape-for-adult-01-205x205.jpg 205w, https:\/\/yume-beauty.com\/wp-content\/uploads\/2026\/01\/ear-corrector-tape-for-adult-01-650x650.jpg 650w, https:\/\/yume-beauty.com\/wp-content\/uploads\/2026\/01\/ear-corrector-tape-for-adult-01-60x60.jpg 60w, https:\/\/yume-beauty.com\/wp-content\/uploads\/2026\/01\/ear-corrector-tape-for-adult-01-100x100.jpg 100w, https:\/\/yume-beauty.com\/wp-content\/uploads\/2026\/01\/ear-corrector-tape-for-adult-01-50x50.jpg 50w, https:\/\/yume-beauty.com\/wp-content\/uploads\/2026\/01\/ear-corrector-tape-for-adult-01.jpg 800w\" sizes=\"(max-width: 300px) 100vw, 300px\" \/><img decoding=\"async\" class=\"alignnone size-medium wp-image-6010\" src=\"https:\/\/yume-beauty.com\/wp-content\/uploads\/2026\/01\/ear-corrector-tape-for-adult-02-300x300.png\" alt=\"ear corrector tape for adult 2\/4\/6\/8 pcs\" width=\"300\" height=\"300\" srcset=\"https:\/\/yume-beauty.com\/wp-content\/uploads\/2026\/01\/ear-corrector-tape-for-adult-02-300x300.png 300w, https:\/\/yume-beauty.com\/wp-content\/uploads\/2026\/01\/ear-corrector-tape-for-adult-02-150x150.png 150w, https:\/\/yume-beauty.com\/wp-content\/uploads\/2026\/01\/ear-corrector-tape-for-adult-02-768x768.png 768w, https:\/\/yume-beauty.com\/wp-content\/uploads\/2026\/01\/ear-corrector-tape-for-adult-02-12x12.png 12w, https:\/\/yume-beauty.com\/wp-content\/uploads\/2026\/01\/ear-corrector-tape-for-adult-02-205x205.png 205w, https:\/\/yume-beauty.com\/wp-content\/uploads\/2026\/01\/ear-corrector-tape-for-adult-02-650x650.png 650w, https:\/\/yume-beauty.com\/wp-content\/uploads\/2026\/01\/ear-corrector-tape-for-adult-02-60x60.png 60w, https:\/\/yume-beauty.com\/wp-content\/uploads\/2026\/01\/ear-corrector-tape-for-adult-02-100x100.png 100w, https:\/\/yume-beauty.com\/wp-content\/uploads\/2026\/01\/ear-corrector-tape-for-adult-02-50x50.png 50w, https:\/\/yume-beauty.com\/wp-content\/uploads\/2026\/01\/ear-corrector-tape-for-adult-02.png 800w\" sizes=\"(max-width: 300px) 100vw, 300px\" \/><img decoding=\"async\" class=\"alignnone size-medium wp-image-4789\" src=\"https:\/\/yume-beauty.com\/wp-content\/uploads\/2025\/04\/Adult-sizes-for-ear-correction-products-300x200.jpg\" alt=\"Tallas de adulto para productos de correcci\u00f3n auditiva\" width=\"300\" height=\"200\" srcset=\"https:\/\/yume-beauty.com\/wp-content\/uploads\/2025\/04\/Adult-sizes-for-ear-correction-products-300x200.jpg 300w, https:\/\/yume-beauty.com\/wp-content\/uploads\/2025\/04\/Adult-sizes-for-ear-correction-products.jpg 600w\" sizes=\"(max-width: 300px) 100vw, 300px\" \/><\/p>\n<h4>Perfecto para<\/h4>\n<ul>\n<li>Uso diario: trabajo, colegio, eventos.<\/li>\n<li>Personas con orejas de soplillo que desean una soluci\u00f3n no quir\u00fargica.<\/li>\n<li>Revendedores y mayoristas que buscan herramientas de belleza de moda.<\/li>\n<li>Tiendas de comercio electr\u00f3nico, salones de belleza y minoristas de belleza.<\/li>\n<\/ul>\n<h5>Sus ventajas con nosotros<\/h5>\n<ul>\n<li>Amplio stock listo - Siempre en stock para una entrega r\u00e1pida.<\/li>\n<li>Precios directos de f\u00e1brica: mayores descuentos para pedidos al por mayor.<\/li>\n<li>Soporte OEM y ODM: personalice el embalaje, el logotipo o el dise\u00f1o del producto.<\/li>\n<li>Dropshipping Friendly - Env\u00ede directamente a sus clientes.<\/li>\n<\/ul>","protected":false},"excerpt":{"rendered":"<ul>\n<li>Say goodbye to protruding or misshapen ears with our ear corrector tape for adult.<\/li>\n<li>Dise\u00f1ada para integrarse perfectamente detr\u00e1s de la oreja, es la discreta herramienta de belleza en la que conf\u00edan clientes de todo el mundo.<\/li>\n<\/ul>","protected":false},"featured_media":6011,"comment_status":"open","ping_status":"closed","template":"","meta":{"_monsterinsights_skip_tracking":false,"_monsterinsights_sitenote_active":false,"_monsterinsights_sitenote_note":"","_monsterinsights_sitenote_category":0},"product_brand":[],"product_cat":[73],"product_tag":[113,157],"giftcard-category":[],"class_list":{"0":"post-6008","1":"product","2":"type-product","3":"status-publish","4":"has-post-thumbnail","6":"product_cat-cosmetic-ear-corrector","7":"product_tag-adult-ear-corrector","8":"product_tag-beauty-tools-wholesale","11":"instock","12":"shipping-taxable","13":"purchasable","14":"product-type-variable","15":"product-grid-view"},"aioseo_notices":[],"tiered_pricing_type":"fixed","tiered_pricing_fixed_rules":[],"tiered_pricing_product_settings":{"layout":"default","base_unit_name":{"singular":null,"plural":null},"default_variation":null},"tiered_pricing_minimum_quantity":null,"tiered_pricing_roles_data":[],"tiered_pricing_percentage_rules":[],"_links":{"self":[{"href":"https:\/\/yume-beauty.com\/es\/wp-json\/wp\/v2\/product\/6008","targetHints":{"allow":["GET"]}}],"collection":[{"href":"https:\/\/yume-beauty.com\/es\/wp-json\/wp\/v2\/product"}],"about":[{"href":"https:\/\/yume-beauty.com\/es\/wp-json\/wp\/v2\/types\/product"}],"replies":[{"embeddable":true,"href":"https:\/\/yume-beauty.com\/es\/wp-json\/wp\/v2\/comments?post=6008"}],"wp:featuredmedia":[{"embeddable":true,"href":"https:\/\/yume-beauty.com\/es\/wp-json\/wp\/v2\/media\/6011"}],"wp:attachment":[{"href":"https:\/\/yume-beauty.com\/es\/wp-json\/wp\/v2\/media?parent=6008"}],"wp:term":[{"taxonomy":"product_brand","embeddable":true,"href":"https:\/\/yume-beauty.com\/es\/wp-json\/wp\/v2\/product_brand?post=6008"},{"taxonomy":"product_cat","embeddable":true,"href":"https:\/\/yume-beauty.com\/es\/wp-json\/wp\/v2\/product_cat?post=6008"},{"taxonomy":"product_tag","embeddable":true,"href":"https:\/\/yume-beauty.com\/es\/wp-json\/wp\/v2\/product_tag?post=6008"},{"taxonomy":"giftcard-category","embeddable":true,"href":"https:\/\/yume-beauty.com\/es\/wp-json\/wp\/v2\/giftcard-category?post=6008"}],"curies":[{"name":"wp","href":"https:\/\/api.w.org\/{rel}","templated":true}]}}