{"id":4443,"date":"2025-04-17T14:32:13","date_gmt":"2025-04-17T06:32:13","guid":{"rendered":"https:\/\/yume-beauty.com\/?page_id=4443"},"modified":"2025-04-22T14:11:45","modified_gmt":"2025-04-22T06:11:45","slug":"politique-de-confidentialite-2","status":"publish","type":"page","link":"https:\/\/yume-beauty.com\/fr\/politique-de-confidentialite-2\/","title":{"rendered":"Politique de confidentialit\u00e9"},"content":{"rendered":"<div data-elementor-type=\"wp-page\" data-elementor-id=\"4443\" class=\"elementor elementor-4443\">\n\t\t\t\t<div class=\"elementor-element elementor-element-5ef7482 e-flex e-con-boxed e-con e-parent\" data-id=\"5ef7482\" data-element_type=\"container\">\n\t\t\t\t\t<div class=\"e-con-inner\">\n\t\t<div class=\"elementor-element elementor-element-d88d49e e-con-full e-flex e-con e-child\" data-id=\"d88d49e\" data-element_type=\"container\">\n\t\t\t\t<div class=\"elementor-element elementor-element-1eda5d0 elementor-widget elementor-widget-text-editor\" data-id=\"1eda5d0\" data-element_type=\"widget\" data-settings=\"{&quot;wdt_animation_effect&quot;:&quot;none&quot;}\" data-widget_type=\"text-editor.default\">\n\t\t\t\t<div class=\"elementor-widget-container\">\n\t\t\t\t\t\t\t\t\t<p>Date d'entr\u00e9e en vigueur : Avril 2025<\/p><p><a href=\"https:\/\/yume-beauty.com\/fr\/?elementor_library=default-kit-2\">YumeBeauty<\/a> (\"Nous\") attache une grande importance \u00e0 vos informations personnelles et \u00e0 la protection de votre vie priv\u00e9e. La pr\u00e9sente <strong>Politique de confidentialit\u00e9<\/strong> explique comment nous recueillons, utilisons, stockons et prot\u00e9geons vos informations lorsque vous visitez le site web de YumeBeauty et utilisez nos services.<\/p><h2>I. Informations que nous pouvons recueillir<\/h2><p>Dans le cadre de votre utilisation du site ou des services, nous pouvons collecter les informations suivantes :<\/p><h3><strong>Informations que vous fournissez volontairement<\/strong><\/h3><p>Informations relatives \u00e0 l'inscription (nom, num\u00e9ro de t\u00e9l\u00e9phone portable, adresse \u00e9lectronique)<\/p><p>Informations sur le destinataire (adresse, code postal, personne de contact)<\/p><p>Informations sur la commande (produit, quantit\u00e9, mode de paiement)<\/p><h3><strong>Informations collect\u00e9es automatiquement<\/strong><\/h3><p>Informations sur l'appareil (mod\u00e8le d'appareil, adresse IP, type de navigateur)<\/p><p>Enregistrements des op\u00e9rations (temps d'acc\u00e8s, pages consult\u00e9es, comportement en mati\u00e8re de clics)<\/p><p>Informations sur le suivi des cookies<\/p><h3><strong>Commentaires<\/strong><\/h3><p>Lorsque vous publiez un commentaire sur le site, nous collectons les donn\u00e9es affich\u00e9es dans le formulaire de commentaire, ainsi que l'adresse IP du visiteur, entre autres, pour aider \u00e0 d\u00e9tecter les spams.<\/p><p>Une fois votre commentaire approuv\u00e9, votre photo de profil sera affich\u00e9e publiquement dans votre commentaire.<\/p><h2>II.  Comment nous utilisons vos donn\u00e9es personnelles<\/h2><p>Nous utilisons certaines de vos informations personnelles pour vous fournir un service de meilleure qualit\u00e9 et plus s\u00fbr, afin de vous offrir une exp\u00e9rience personnalis\u00e9e sur notre site web, y compris, mais sans s'y limiter :<\/p><ul><li>Traitement des commandes et service apr\u00e8s-vente.<\/li><li>Assistance \u00e0 la client\u00e8le et communication.<\/li><li>Optimisation des performances du site web et am\u00e9lioration de l'exp\u00e9rience utilisateur.<\/li><li>Notification d'\u00e9v\u00e9nement ou de promotion (si vous acceptez de la recevoir).<\/li><li>Respect des lois et r\u00e8glements.<\/li><\/ul><h2><strong><b>III. Comment nous partageons vos informations personnelles<\/b><\/strong><\/h2><p>Nous ne vendrons ni ne divulguerons aucune de vos informations personnelles \u00e0 des tiers, mais nous pouvons partager des informations dans les circonstances suivantes :<\/p><ul><li>Partage avec des partenaires (par exemple, des plateformes de paiement, des soci\u00e9t\u00e9s de logistique) pour vous aider \u00e0 ex\u00e9cuter votre commande.<\/li><li>Coop\u00e9rer avec les prestataires de services techniques (par exemple, services SMS, outils d'analyse de donn\u00e9es) pour contribuer \u00e0 l'am\u00e9lioration de la qualit\u00e9 du service.<\/li><li>se conformer aux exigences l\u00e9gales, r\u00e9glementaires ou prudentielles.<\/li><li>Nous veillerons \u00e0 ce que les tiers susmentionn\u00e9s n'utilisent vos informations que dans des conditions de l\u00e9galit\u00e9, de l\u00e9gitimit\u00e9 et de n\u00e9cessit\u00e9, et prendront les mesures de confidentialit\u00e9 qui s'imposent.<\/li><\/ul><h2><strong><b>IV. Comment nous conservons et prot\u00e9geons vos informations<\/b><\/strong><\/h2><h3><strong>S\u00e9curit\u00e9 des donn\u00e9es<\/strong><\/h3><p>Nous utilisons le cryptage SSL pour prot\u00e9ger vos informations personnelles en ligne et nous prenons un certain nombre de mesures pour prot\u00e9ger vos informations personnelles dans nos locaux. Seuls les employ\u00e9s qui ont besoin d'acc\u00e9der \u00e0 vos informations personnelles pour effectuer un travail sp\u00e9cifique sont autoris\u00e9s \u00e0 acc\u00e9der \u00e0 vos informations personnelles. Enfin, nous faisons appel \u00e0 des prestataires de services tiers pour s\u00e9curiser physiquement une partie de notre mat\u00e9riel informatique. Nous estimons que leurs proc\u00e9dures de s\u00e9curit\u00e9 sont ad\u00e9quates. Par exemple, lorsque vous visitez le site, les serveurs auxquels vous acc\u00e9dez sont conserv\u00e9s dans un environnement physique s\u00e9curis\u00e9, derri\u00e8re des cages verrouill\u00e9es et des pare-feu \u00e9lectroniques.<\/p><h3><strong>Dur\u00e9e de conservation des informations<\/strong><\/h3><p>Nous conservons vos informations personnelles aussi longtemps que n\u00e9cessaire pour fournir les services que vous demandez ou \u00e0 d'autres fins importantes, telles que le respect de nos obligations l\u00e9gales, la r\u00e9solution des litiges et l'application de nos politiques.<\/p><h3><strong>Vos droits en mati\u00e8re d'informations personnelles<\/strong><\/h3><p>Vous avez le droit d'exercer les droits suivants :<\/p><p>Acc\u00e9der, corriger ou supprimer vos informations personnelles.<br \/>Pour annuler un compte enregistr\u00e9.<\/p><p>Si vous souhaitez exercer les droits susmentionn\u00e9s, veuillez nous contacter par l'interm\u00e9diaire du site Internet \"<a href=\"https:\/\/yume-beauty.com\/fr\/?page_id=419\">Nous contacter<\/a>La m\u00e9thode \".<\/p><h2><strong><b>V. Utilisation des cookies<\/b><\/strong><\/h2><p>Nous utilisons des cookies pour optimiser votre exp\u00e9rience de navigation, notamment :<\/p><p>M\u00e9morisation de votre statut de connexion.<\/p><p>Analyse du trafic et de l'utilisation des acc\u00e8s.<\/p><p>Fournir des recommandations de produits plus pr\u00e9cises.<\/p><p>Vous pouvez g\u00e9rer ou rejeter l'utilisation des cookies par le biais des param\u00e8tres de votre navigateur.<\/p><h2><strong><b>VI.  Mises \u00e0 jour de la politique<\/b><\/strong><\/h2><p>Nous pouvons mettre \u00e0 jour la pr\u00e9sente politique de confidentialit\u00e9 en r\u00e9ponse \u00e0 des modifications de la loi ou \u00e0 des ajustements de services, et nous publierons ces modifications sur cette page. Si les modifications sont importantes, nous vous en informerons par les moyens appropri\u00e9s (par exemple, par courrier \u00e9lectronique, etc.).<\/p><h2><strong><b>VII. Nous contacter<\/b><\/strong><\/h2><p>Si vous avez des questions, des commentaires ou des suggestions concernant la pr\u00e9sente politique de protection de la vie priv\u00e9e ou vos informations personnelles, vous pouvez nous contacter \u00e0 l'adresse suivante <a href=\"https:\/\/yume-beauty.com\/fr\/?page_id=419\"><u>en cliquant ici<\/u><\/a>.<\/p>\t\t\t\t\t\t\t\t<\/div>\n\t\t\t\t<\/div>\n\t\t\t\t<\/div>\n\t\t\t\t\t<\/div>\n\t\t\t\t<\/div>\n\t\t\t\t<\/div>","protected":false},"excerpt":{"rendered":"<p>Effective Date: April 2025 YumeBeauty (\u201cWe\u201d) values your personal information and the protection of your privacy. This Privacy Policy explains how we collect, use, store, and protect your information when you visit YumeBeauty&#8217;s website and use our services. I. Information We May Collect In the course of your use of the Site or the Services, [&hellip;]<\/p>","protected":false},"author":1,"featured_media":0,"parent":0,"menu_order":0,"comment_status":"closed","ping_status":"closed","template":"","meta":{"_monsterinsights_skip_tracking":false,"_monsterinsights_sitenote_active":false,"_monsterinsights_sitenote_note":"","_monsterinsights_sitenote_category":0,"footnotes":""},"class_list":["post-4443","page","type-page","status-publish","hentry"],"aioseo_notices":[],"_links":{"self":[{"href":"https:\/\/yume-beauty.com\/fr\/wp-json\/wp\/v2\/pages\/4443","targetHints":{"allow":["GET"]}}],"collection":[{"href":"https:\/\/yume-beauty.com\/fr\/wp-json\/wp\/v2\/pages"}],"about":[{"href":"https:\/\/yume-beauty.com\/fr\/wp-json\/wp\/v2\/types\/page"}],"author":[{"embeddable":true,"href":"https:\/\/yume-beauty.com\/fr\/wp-json\/wp\/v2\/users\/1"}],"replies":[{"embeddable":true,"href":"https:\/\/yume-beauty.com\/fr\/wp-json\/wp\/v2\/comments?post=4443"}],"version-history":[{"count":6,"href":"https:\/\/yume-beauty.com\/fr\/wp-json\/wp\/v2\/pages\/4443\/revisions"}],"predecessor-version":[{"id":4581,"href":"https:\/\/yume-beauty.com\/fr\/wp-json\/wp\/v2\/pages\/4443\/revisions\/4581"}],"wp:attachment":[{"href":"https:\/\/yume-beauty.com\/fr\/wp-json\/wp\/v2\/media?parent=4443"}],"curies":[{"name":"wp","href":"https:\/\/api.w.org\/{rel}","templated":true}]}}