{"id":4471,"date":"2025-04-18T17:03:35","date_gmt":"2025-04-18T09:03:35","guid":{"rendered":"https:\/\/yume-beauty.com\/?page_id=4471"},"modified":"2025-04-22T14:21:58","modified_gmt":"2025-04-22T06:21:58","slug":"conditions-de-service","status":"publish","type":"page","link":"https:\/\/yume-beauty.com\/fr\/conditions-de-service\/","title":{"rendered":"Conditions d'utilisation"},"content":{"rendered":"<div data-elementor-type=\"wp-page\" data-elementor-id=\"4471\" class=\"elementor elementor-4471\">\n\t\t\t\t<div class=\"elementor-element elementor-element-f2e9c98 e-flex e-con-boxed e-con e-parent\" data-id=\"f2e9c98\" data-element_type=\"container\">\n\t\t\t\t\t<div class=\"e-con-inner\">\n\t\t\t\t<div class=\"elementor-element elementor-element-e6f58a2 elementor-widget elementor-widget-text-editor\" data-id=\"e6f58a2\" data-element_type=\"widget\" data-settings=\"{&quot;wdt_animation_effect&quot;:&quot;none&quot;}\" data-widget_type=\"text-editor.default\">\n\t\t\t\t<div class=\"elementor-widget-container\">\n\t\t\t\t\t\t\t\t\t<p>Bienvenue \u00e0 <strong>https:\/\/yume-beauty.com\/<\/strong> (\"nous\" ou \"nous\" ou \"notre\"). Veuillez lire attentivement les conditions de service suivantes (\"conditions\") avant d'acc\u00e9der au site et aux services que nous fournissons et de les utiliser. En acc\u00e9dant au site, en vous y inscrivant, en l'achetant ou en l'utilisant d'une autre mani\u00e8re, vous \u00eates r\u00e9put\u00e9 avoir lu, compris et accept\u00e9 d'\u00eatre li\u00e9 par les pr\u00e9sentes conditions. Les pr\u00e9sentes conditions de service s'appliquent \u00e0 tous les utilisateurs du site, y compris, mais sans s'y limiter, les spectateurs, les fournisseurs, les clients, les commer\u00e7ants et\/ou les contributeurs de contenu.<\/p><h2>\u2160. Produits et commandes<\/h2><p>Toutes les informations sur les produits (par exemple, le prix, le stock, la description) sont soumises \u00e0 l'annonce en temps r\u00e9el sur ce site web.<\/p><p>En soumettant une commande, vous confirmez que votre intention d'achat et les informations fournies (telles que l'adresse de livraison et le mode de paiement) sont exactes.<\/p><p><a href=\"https:\/\/yume-beauty.com\/fr\/?elementor_library=default-kit-2\"><strong>YumeBeauty<\/strong><\/a> se r\u00e9serve le droit de refuser ou d'annuler des commandes (y compris des commandes pay\u00e9es) en raison de stocks, d'une erreur du syst\u00e8me ou d'autres circonstances particuli\u00e8res. En cas de remboursement, nous communiquerons avec vous et le traiterons rapidement.<\/p><p>Si nous modifions ou annulons une commande, nous pouvons tenter de vous en informer par le biais de l'adresse \u00e9lectronique, de l'adresse de facturation ou du num\u00e9ro de t\u00e9l\u00e9phone fournis au moment o\u00f9 la commande a \u00e9t\u00e9 pass\u00e9e. Nous nous r\u00e9servons le droit de limiter ou d'interdire les commandes qui, selon notre seul jugement, semblent avoir \u00e9t\u00e9 pass\u00e9es par un concessionnaire, un revendeur ou un distributeur. Vous acceptez de fournir des informations d'achat et de compte actuelles, compl\u00e8tes et exactes pour tous les achats effectu\u00e9s dans notre magasin. Vous acceptez de mettre \u00e0 jour rapidement votre compte et d'autres informations, y compris votre adresse \u00e9lectronique, votre num\u00e9ro de carte de cr\u00e9dit et sa date d'expiration, afin que nous puissions effectuer votre transaction et vous contacter si n\u00e9cessaire.<\/p><p>Pour de plus amples informations, veuillez consulter notre <a href=\"https:\/\/yume-beauty.com\/fr\/?page_id=4451\"><strong><b>Politique de retour<\/b><\/strong><\/a>.<\/p><h2>\u2161. Paiement et livraison<\/h2><p>Les clients doivent suivre les directives du site web pour compl\u00e9ter le processus de paiement, les m\u00e9thodes de paiement support\u00e9es sont sujettes aux options effectivement disponibles.<\/p><p>La commande ne sera consid\u00e9r\u00e9e comme valide qu'une fois le paiement effectu\u00e9, et nous exp\u00e9dierons les marchandises dans les d\u00e9lais convenus.<\/p><p>Les informations relatives \u00e0 l'exp\u00e9dition (soci\u00e9t\u00e9 de logistique, num\u00e9ro unique de messagerie, etc.) seront communiqu\u00e9es au client par l'interm\u00e9diaire du syst\u00e8me ou du service client\u00e8le.<\/p><h2>\u2162.Retours et remboursements<\/h2><p>Pour les services de retour et de remboursement, veuillez vous r\u00e9f\u00e9rer \u00e0 notre politique de retour et de remboursement. Si vous avez des objections concernant le produit, veuillez contacter le service apr\u00e8s-vente dans les 7 jours suivant la r\u00e9ception de la marchandise.<\/p><h2>\u2163. Restrictions d'utilisation<\/h2><p>Vous ne pouvez pas utiliser ce site web pour adopter les comportements suivants :<\/p><p>Publier des informations fausses, ill\u00e9gales ou portant atteinte aux droits et aux int\u00e9r\u00eats d'autrui.<\/p><p>Interf\u00e9rer avec le fonctionnement normal du site web et la s\u00e9curit\u00e9 du syst\u00e8me.<\/p><p>Capture non autoris\u00e9e de donn\u00e9es de sites web pour des plateformes tierces.<\/p><p>Autres comportements qui violent les lois et r\u00e8glements nationaux, l'ordre public et les bonnes m\u0153urs.<\/p><p>En cas de violation des dispositions ci-dessus, nous avons le droit de suspendre le service, de fermer le compte et nous nous r\u00e9servons le droit d'engager des poursuites judiciaires.<\/p><h2>\u2164. Droits de propri\u00e9t\u00e9 intellectuelle<\/h2><p>Tout le contenu de ce site (y compris, mais sans s'y limiter, le texte, les images, le LOGO, la conception de l'emballage du produit, etc.) est la propri\u00e9t\u00e9 de YumeBeauty ou a \u00e9t\u00e9 autoris\u00e9 par la protection juridique pertinente.<\/p><p>Sans autorisation, toute unit\u00e9 ou individu ne peut \u00eatre copi\u00e9, reproduit, modifi\u00e9 ou utilis\u00e9 \u00e0 des fins commerciales.<\/p><h2>\u2165. Liens avec des tiers<\/h2><p>Certains contenus, produits et services offerts par le biais de nos services peuvent contenir des \u00e9l\u00e9ments provenant de tiers.<\/p><p>Les liens de tiers sur le site peuvent vous diriger vers des sites web de tiers qui ne sont pas affili\u00e9s avec nous. Nous ne sommes pas responsables de l'examen ou de l'\u00e9valuation du contenu ou de l'exactitude, et nous ne garantissons pas et ne serons pas responsables du mat\u00e9riel ou des sites web de tiers, ou de tout autre mat\u00e9riel, produit ou service de tiers. Nous ne sommes pas responsables des dommages ou des pertes r\u00e9sultant de l'achat ou de l'utilisation de biens, de services, de ressources, de contenus ou de toute autre transaction sur un site web tiers. Veuillez lire attentivement les politiques et pratiques des tiers et vous assurer que vous les comprenez avant d'effectuer toute transaction. Les plaintes, r\u00e9clamations, pr\u00e9occupations ou questions concernant les produits de tiers doivent \u00eatre adress\u00e9es au tiers concern\u00e9.<\/p><h2>\u2166. Commentaires des utilisateurs, r\u00e9actions et autres<\/h2><p>Que ce soit en ligne, par courrier \u00e9lectronique, par courrier postal ou autrement (collectivement, les \"commentaires\"), vous acceptez que nous puissions \u00e9diter, copier, publier, distribuer, traduire et utiliser de toute autre mani\u00e8re les commentaires que vous nous transmettez, \u00e0 tout moment et sans limitation.<\/p><p>Nous n'avons aucune obligation (1) de pr\u00e9server la confidentialit\u00e9 des commentaires, (2) de vous indemniser pour les commentaires, ou (3) de r\u00e9pondre aux commentaires.<\/p><p>Nous pouvons, sans y \u00eatre oblig\u00e9s, surveiller, modifier ou supprimer le contenu que nous jugeons, \u00e0 notre seule discr\u00e9tion, ill\u00e9gal, offensant, mena\u00e7ant, diffamatoire, pornographique, obsc\u00e8ne ou autrement r\u00e9pr\u00e9hensible, ou qui viole les droits de propri\u00e9t\u00e9 intellectuelle d'une partie ou les pr\u00e9sentes conditions d'utilisation.<\/p><p>Vous acceptez que vos commentaires ne violent aucun droit d'un tiers, y compris les droits d'auteur, les marques, la vie priv\u00e9e, les droits de la personnalit\u00e9 ou d'autres droits personnels ou de propri\u00e9t\u00e9. Vous acceptez \u00e9galement que vos commentaires ne contiennent pas de mat\u00e9riel diffamatoire ou autrement ill\u00e9gal, abusif ou obsc\u00e8ne, ni de virus informatiques ou autres logiciels malveillants susceptibles d'affecter de quelque mani\u00e8re que ce soit le fonctionnement du service ou de tout site web connexe. Vous n'utiliserez pas de fausse adresse \u00e9lectronique, n'usurperez pas l'identit\u00e9 d'une autre personne et ne nous induirez pas, nous ou un tiers, en erreur quant \u00e0 l'origine d'un commentaire. Vous \u00eates seul responsable des commentaires que vous publiez et de leur exactitude. Nous ne sommes pas responsables des commentaires publi\u00e9s par vous ou par des tiers.<\/p><h2>\u2167. Informations personnelles<\/h2><p>Les informations personnelles que vous soumettez par l'interm\u00e9diaire du magasin sont prot\u00e9g\u00e9es par notre politique de confidentialit\u00e9. Veuillez consulter notre politique de confidentialit\u00e9.<\/p><h2>\u2168. Erreurs g\u00e9n\u00e9rales<\/h2><p>Occasionnellement, les informations figurant sur notre site ou nos services peuvent contenir des erreurs typographiques, des inexactitudes ou des omissions concernant la description des produits, les prix, les promotions, les offres, les frais d'exp\u00e9dition des produits, les d\u00e9lais d'exp\u00e9dition et la disponibilit\u00e9. Nous nous r\u00e9servons le droit de corriger toute erreur, inexactitude ou omission et de modifier ou mettre \u00e0 jour les informations ou d'annuler les commandes \u00e0 tout moment et sans pr\u00e9avis (y compris apr\u00e8s que vous avez soumis votre commande). Nous ne sommes pas tenus de mettre \u00e0 jour, de modifier ou de clarifier les informations (y compris, mais sans s'y limiter, les informations sur les prix) sur les services ou tout autre site web connexe, sauf si la loi l'exige.<\/p><h2>\u2169. Droit applicable<\/h2><p>Les pr\u00e9sentes conditions de service et tout accord distinct en vertu duquel nous vous fournissons des services sont r\u00e9gis et interpr\u00e9t\u00e9s conform\u00e9ment aux lois de la Chine.<\/p><h2>XI. Modifications des conditions de service<\/h2><p>Vous pouvez consulter la derni\u00e8re version des conditions d'utilisation \u00e0 tout moment sur cette page.<\/p><p>Nous nous r\u00e9servons le droit, \u00e0 notre seule discr\u00e9tion, de mettre \u00e0 jour, de modifier ou de remplacer toute partie des pr\u00e9sentes conditions de service en publiant des mises \u00e0 jour et des modifications sur notre site web. Il vous incombe de v\u00e9rifier p\u00e9riodiquement si des modifications ont \u00e9t\u00e9 apport\u00e9es \u00e0 notre site web. En continuant \u00e0 utiliser notre site web ou nos services, ou en y acc\u00e9dant, apr\u00e8s la publication de toute modification des pr\u00e9sentes conditions de service, vous acceptez ces modifications.<\/p><p>Les questions relatives aux conditions d'utilisation doivent \u00eatre envoy\u00e9es \u00e0 l'adresse suivante\u00a0<strong>info@yume-silm.com<\/strong><\/p>\t\t\t\t\t\t\t\t<\/div>\n\t\t\t\t<\/div>\n\t\t\t\t\t<\/div>\n\t\t\t\t<\/div>\n\t\t\t\t<\/div>","protected":false},"excerpt":{"rendered":"<p>Welcome to https:\/\/yume-beauty.com\/ (\u201cus\u201d or \u201cwe\u201d or \u201cour\u201d). Please read the following terms of service (\u201cTerms\u201d) carefully before you access and use the Site and the services we provide. By accessing, registering, purchasing or otherwise using the Site, you are deemed to have read, understood and agreed to be bound by these Terms. These Terms [&hellip;]<\/p>","protected":false},"author":1,"featured_media":0,"parent":0,"menu_order":0,"comment_status":"closed","ping_status":"closed","template":"","meta":{"_monsterinsights_skip_tracking":false,"_monsterinsights_sitenote_active":false,"_monsterinsights_sitenote_note":"","_monsterinsights_sitenote_category":0,"footnotes":""},"class_list":["post-4471","page","type-page","status-publish","hentry"],"aioseo_notices":[],"_links":{"self":[{"href":"https:\/\/yume-beauty.com\/fr\/wp-json\/wp\/v2\/pages\/4471","targetHints":{"allow":["GET"]}}],"collection":[{"href":"https:\/\/yume-beauty.com\/fr\/wp-json\/wp\/v2\/pages"}],"about":[{"href":"https:\/\/yume-beauty.com\/fr\/wp-json\/wp\/v2\/types\/page"}],"author":[{"embeddable":true,"href":"https:\/\/yume-beauty.com\/fr\/wp-json\/wp\/v2\/users\/1"}],"replies":[{"embeddable":true,"href":"https:\/\/yume-beauty.com\/fr\/wp-json\/wp\/v2\/comments?post=4471"}],"version-history":[{"count":10,"href":"https:\/\/yume-beauty.com\/fr\/wp-json\/wp\/v2\/pages\/4471\/revisions"}],"predecessor-version":[{"id":4591,"href":"https:\/\/yume-beauty.com\/fr\/wp-json\/wp\/v2\/pages\/4471\/revisions\/4591"}],"wp:attachment":[{"href":"https:\/\/yume-beauty.com\/fr\/wp-json\/wp\/v2\/media?parent=4471"}],"curies":[{"name":"wp","href":"https:\/\/api.w.org\/{rel}","templated":true}]}}