{"id":4570,"date":"2025-04-22T13:47:26","date_gmt":"2025-04-22T05:47:26","guid":{"rendered":"https:\/\/yume-beauty.com\/?page_id=4570"},"modified":"2025-04-22T13:55:59","modified_gmt":"2025-04-22T05:55:59","slug":"processus-de-labellisation-privee","status":"publish","type":"page","link":"https:\/\/yume-beauty.com\/fr\/processus-de-labellisation-privee\/","title":{"rendered":"Processus de labellisation priv\u00e9e"},"content":{"rendered":"<div data-elementor-type=\"wp-page\" data-elementor-id=\"4570\" class=\"elementor elementor-4570\">\n\t\t\t\t<div class=\"elementor-element elementor-element-10cd095 e-flex e-con-boxed e-con e-parent\" data-id=\"10cd095\" data-element_type=\"container\">\n\t\t\t\t\t<div class=\"e-con-inner\">\n\t\t\t\t<div class=\"elementor-element elementor-element-fe54a24 elementor-widget elementor-widget-image\" data-id=\"fe54a24\" data-element_type=\"widget\" data-settings=\"{&quot;wdt_animation_effect&quot;:&quot;none&quot;}\" data-widget_type=\"image.default\">\n\t\t\t\t<div class=\"elementor-widget-container\">\n\t\t\t\t\t\t\t\t\t\t\t\t\t\t\t<img fetchpriority=\"high\" decoding=\"async\" width=\"1200\" height=\"425\" src=\"https:\/\/yume-beauty.com\/wp-content\/uploads\/2025\/04\/about-YumeBeauty-private-label-process-for-makeup-tools.jpg\" class=\"attachment-full size-full wp-image-4572\" alt=\"Processus d&#039;\u00e9tiquetage priv\u00e9 pour les outils de maquillage\" srcset=\"https:\/\/yume-beauty.com\/wp-content\/uploads\/2025\/04\/about-YumeBeauty-private-label-process-for-makeup-tools.jpg 1200w, https:\/\/yume-beauty.com\/wp-content\/uploads\/2025\/04\/about-YumeBeauty-private-label-process-for-makeup-tools-300x106.jpg 300w, https:\/\/yume-beauty.com\/wp-content\/uploads\/2025\/04\/about-YumeBeauty-private-label-process-for-makeup-tools-1024x363.jpg 1024w, https:\/\/yume-beauty.com\/wp-content\/uploads\/2025\/04\/about-YumeBeauty-private-label-process-for-makeup-tools-768x272.jpg 768w, https:\/\/yume-beauty.com\/wp-content\/uploads\/2025\/04\/about-YumeBeauty-private-label-process-for-makeup-tools-1000x354.jpg 1000w\" sizes=\"(max-width: 1200px) 100vw, 1200px\" \/>\t\t\t\t\t\t\t\t\t\t\t\t\t\t\t<\/div>\n\t\t\t\t<\/div>\n\t\t\t\t\t<\/div>\n\t\t\t\t<\/div>\n\t\t<div class=\"elementor-element elementor-element-861d1f7 e-flex e-con-boxed e-con e-parent\" data-id=\"861d1f7\" data-element_type=\"container\">\n\t\t\t\t\t<div class=\"e-con-inner\">\n\t\t\t\t<div class=\"elementor-element elementor-element-8622e74 elementor-widget elementor-widget-text-editor\" data-id=\"8622e74\" data-element_type=\"widget\" data-settings=\"{&quot;wdt_animation_effect&quot;:&quot;none&quot;}\" data-widget_type=\"text-editor.default\">\n\t\t\t\t<div class=\"elementor-widget-container\">\n\t\t\t\t\t\t\t\t\t<p><a href=\"https:\/\/yume-beauty.com\/fr\/?elementor_library=default-kit-2\">YumeBeauty<\/a> est un grossiste sp\u00e9cialis\u00e9 dans la fabrication d'outils cosm\u00e9tiques. Nos produits brevet\u00e9s sont fabriqu\u00e9s \u00e0 partir de mat\u00e9riaux et d'un savoir-faire de premi\u00e8re qualit\u00e9. Avec une quantit\u00e9 minimale de commande de seulement 50 pi\u00e8ces, nous facilitons la cr\u00e9ation de produits personnalis\u00e9s de haute qualit\u00e9 pour les marques.<\/p><h2><strong><b>1. Choisir <\/b><\/strong><strong><b>Y<\/b><\/strong><strong><b>notre <\/b><\/strong><strong><b>F<\/b><\/strong><strong><b>avorite <\/b><\/strong><strong><b>S<\/b><\/strong><strong><b>style<\/b><\/strong><\/h2><p>Veuillez s\u00e9lectionner un ou plusieurs mod\u00e8les, ou nos mod\u00e8les les plus populaires ou les plus r\u00e9cents.<\/p><p>Si vous nous le demandez, nous vous recommanderons nos tests officiels sur les m\u00e9dias sociaux afin de d\u00e9terminer le meilleur style de trafic pour vous.<\/p><h2><strong><b>2. Conception <\/b><\/strong><strong><b>Y<\/b><\/strong><strong><b>notre <\/b><\/strong><strong><b>O<\/b><\/strong><strong><b>wn <\/b><\/strong><strong><b>B<\/b><\/strong><strong><b>rand <\/b><\/strong><strong><b>N<\/b><\/strong><strong><b>ame \u00e0 <\/b><\/strong><strong><b>Y<\/b><\/strong><strong><b>notre <\/b><\/strong><strong><b>S<\/b><\/strong><strong><b>atisfaction<\/b><\/strong><\/h2><p>La reconnaissance de la marque est cruciale pour votre entreprise de beaut\u00e9 !<\/p><p>Si vous d\u00e9butez, faites-nous part de votre id\u00e9e et l'un de nos concepteurs professionnels vous aidera \u00e0 travailler ensemble pour cr\u00e9er un nom de marque qui vous convienne.<\/p><p>Bien entendu, vous pouvez toujours utiliser le nom de votre magasin de maquillage comme logo de votre marque priv\u00e9e.<\/p><p>Si vous disposez d\u00e9j\u00e0 d'un logo, vous pouvez nous l'envoyer par courrier \u00e9lectronique et nous pourrons commencer \u00e0 traiter votre commande imm\u00e9diatement.<\/p><h2><strong><b>3. A propos de <\/b><\/strong><strong><b>P<\/b><\/strong><strong><b>priv\u00e9 <\/b><\/strong><strong><b>L<\/b><\/strong><strong><b>abel <\/b><\/strong><strong><b>O<\/b><\/strong><strong><b>rders<\/b><\/strong><\/h2><p>Vous pouvez directement choisir vos produits pr\u00e9f\u00e9r\u00e9s sur notre site web, passer une commande directement et nous nous en occuperons imm\u00e9diatement.<\/p><p>Si vous ne savez pas comment utiliser notre site web ou si vous voulez gagner du temps, vous pouvez envoyer la liste de vos produits et l'image de votre logo au service client\u00e8le priv\u00e9, nous \u00e9tablirons une facture pour vous.<\/p><p>Bien entendu, si vous avez des id\u00e9es de personnalisation, ou une nouvelle conception d'emballage ou le remplacement d'un autre emballage, etc., veuillez contacter directement notre service client\u00e8le priv\u00e9, nous serons heureux de vous aider.<\/p><h2><strong><b>4. Paiement des commandes de marques priv\u00e9es<\/b><\/strong><\/h2><p>Veuillez noter que toutes les commandes d'outils de maquillage sous marque de distributeur doivent \u00eatre pay\u00e9es int\u00e9gralement avant que nous puissions commencer \u00e0 traiter votre commande.<\/p><p>Veuillez noter qu'une fois que votre logo est imprim\u00e9 sur les outils de maquillage fabriqu\u00e9s ou sur l'emballage, nous ne pourrons plus vendre ou revendre ces articles \u00e0 d'autres clients.<\/p><p>Soyez assur\u00e9 que nous travaillerons avec vous de mani\u00e8re inconditionnelle sur toutes les questions relatives \u00e0 la qualit\u00e9 ou \u00e0 la casse des produits.<\/p><h2><strong><b>5. Confirmation de la commande et production de la marque priv\u00e9e<\/b><\/strong><\/h2><p>Une fois que nous avons re\u00e7u votre commande compl\u00e8te, nos designers cr\u00e9eront un design adapt\u00e9 \u00e0 vos besoins et vous montreront des images du design par l'interm\u00e9diaire du service client\u00e8le priv\u00e9.<\/p><p>D\u00e8s r\u00e9ception de votre confirmation compl\u00e8te, le mod\u00e8le sera envoy\u00e9 \u00e0 l'usine pour impression.<\/p><p>Veuillez noter qu'une fois que le mod\u00e8le est envoy\u00e9 \u00e0 l'usine, tous les d\u00e9tails du produit ou de l'emballage ne peuvent \u00eatre modifi\u00e9s. Nous vous remercions de votre collaboration !<\/p><h2><strong><b>6. Exp\u00e9dition et livraison des commandes de marques de distributeur<\/b><\/strong><\/h2><p>Pour les commandes g\u00e9n\u00e9rales de logos imprim\u00e9s, les exp\u00e9ditions peuvent \u00eatre effectu\u00e9es dans un d\u00e9lai de 5 \u00e0 7 jours ouvrables ;<\/p><p>Pour les nouveaux styles d'outils de maquillage personnalis\u00e9s ou d'autres emballages, etc., le d\u00e9lai peut \u00eatre plus long en fonction de la conception du produit. Soyez assur\u00e9s que nous resterons en contact permanent avec vous.<\/p><p>Nous nous engageons \u00e0 vous satisfaire tout au long du processus jusqu'\u00e0 ce que vous receviez effectivement les marchandises que nous vous envoyons et que vous en soyez satisfait.<\/p>\t\t\t\t\t\t\t\t<\/div>\n\t\t\t\t<\/div>\n\t\t\t\t\t<\/div>\n\t\t\t\t<\/div>\n\t\t\t\t<\/div>","protected":false},"excerpt":{"rendered":"<p>YumeBeauty is a specialized wholesale manufacturer of cosmetic tools, and our patented products are made from premium materials and craftsmanship. With a minimum order quantity of just 50 pieces, we make it easy for brands to create customized, high-quality products. 1. Choose Your Favorite Style Please select any one or several models, or our hot [&hellip;]<\/p>","protected":false},"author":1,"featured_media":0,"parent":0,"menu_order":0,"comment_status":"closed","ping_status":"closed","template":"","meta":{"_monsterinsights_skip_tracking":false,"_monsterinsights_sitenote_active":false,"_monsterinsights_sitenote_note":"","_monsterinsights_sitenote_category":0,"footnotes":""},"class_list":["post-4570","page","type-page","status-publish","hentry"],"aioseo_notices":[],"_links":{"self":[{"href":"https:\/\/yume-beauty.com\/fr\/wp-json\/wp\/v2\/pages\/4570","targetHints":{"allow":["GET"]}}],"collection":[{"href":"https:\/\/yume-beauty.com\/fr\/wp-json\/wp\/v2\/pages"}],"about":[{"href":"https:\/\/yume-beauty.com\/fr\/wp-json\/wp\/v2\/types\/page"}],"author":[{"embeddable":true,"href":"https:\/\/yume-beauty.com\/fr\/wp-json\/wp\/v2\/users\/1"}],"replies":[{"embeddable":true,"href":"https:\/\/yume-beauty.com\/fr\/wp-json\/wp\/v2\/comments?post=4570"}],"version-history":[{"count":5,"href":"https:\/\/yume-beauty.com\/fr\/wp-json\/wp\/v2\/pages\/4570\/revisions"}],"predecessor-version":[{"id":4578,"href":"https:\/\/yume-beauty.com\/fr\/wp-json\/wp\/v2\/pages\/4570\/revisions\/4578"}],"wp:attachment":[{"href":"https:\/\/yume-beauty.com\/fr\/wp-json\/wp\/v2\/media?parent=4570"}],"curies":[{"name":"wp","href":"https:\/\/api.w.org\/{rel}","templated":true}]}}