{"id":4814,"date":"2025-04-28T13:07:18","date_gmt":"2025-04-28T05:07:18","guid":{"rendered":"https:\/\/yume-beauty.com\/?page_id=4814"},"modified":"2025-04-28T13:17:12","modified_gmt":"2025-04-28T05:17:12","slug":"obtenir-un-echantillon-gratuit","status":"publish","type":"page","link":"https:\/\/yume-beauty.com\/fr\/obtenir-un-echantillon-gratuit\/","title":{"rendered":"Obtenir un \u00e9chantillon gratuit"},"content":{"rendered":"<div data-elementor-type=\"wp-page\" data-elementor-id=\"4814\" class=\"elementor elementor-4814\">\n\t\t\t\t<div class=\"elementor-element elementor-element-8ecf05c e-flex e-con-boxed e-con e-parent\" data-id=\"8ecf05c\" data-element_type=\"container\">\n\t\t\t\t\t<div class=\"e-con-inner\">\n\t\t<div class=\"elementor-element elementor-element-097b236 e-con-full e-flex e-con e-child\" data-id=\"097b236\" data-element_type=\"container\">\n\t\t\t\t<div class=\"elementor-element elementor-element-575bceb elementor-widget elementor-widget-image\" data-id=\"575bceb\" data-element_type=\"widget\" data-settings=\"{&quot;wdt_animation_effect&quot;:&quot;none&quot;}\" data-widget_type=\"image.default\">\n\t\t\t\t<div class=\"elementor-widget-container\">\n\t\t\t\t\t\t\t\t\t\t\t\t\t\t\t<img fetchpriority=\"high\" decoding=\"async\" width=\"1024\" height=\"363\" src=\"https:\/\/yume-beauty.com\/wp-content\/uploads\/2025\/04\/about-YumeBeauty-private-label-process-for-makeup-tools-1024x363.jpg\" class=\"attachment-large size-large wp-image-4572\" alt=\"Processus d&#039;\u00e9tiquetage priv\u00e9 pour les outils de maquillage\" srcset=\"https:\/\/yume-beauty.com\/wp-content\/uploads\/2025\/04\/about-YumeBeauty-private-label-process-for-makeup-tools-1024x363.jpg 1024w, https:\/\/yume-beauty.com\/wp-content\/uploads\/2025\/04\/about-YumeBeauty-private-label-process-for-makeup-tools-300x106.jpg 300w, https:\/\/yume-beauty.com\/wp-content\/uploads\/2025\/04\/about-YumeBeauty-private-label-process-for-makeup-tools-768x272.jpg 768w, https:\/\/yume-beauty.com\/wp-content\/uploads\/2025\/04\/about-YumeBeauty-private-label-process-for-makeup-tools-1000x354.jpg 1000w, https:\/\/yume-beauty.com\/wp-content\/uploads\/2025\/04\/about-YumeBeauty-private-label-process-for-makeup-tools.jpg 1200w\" sizes=\"(max-width: 1024px) 100vw, 1024px\" \/>\t\t\t\t\t\t\t\t\t\t\t\t\t\t\t<\/div>\n\t\t\t\t<\/div>\n\t\t\t\t<div class=\"elementor-element elementor-element-013905a elementor-widget elementor-widget-text-editor\" data-id=\"013905a\" data-element_type=\"widget\" data-settings=\"{&quot;wdt_animation_effect&quot;:&quot;none&quot;}\" data-widget_type=\"text-editor.default\">\n\t\t\t\t<div class=\"elementor-widget-container\">\n\t\t\t\t\t\t\t\t\t<p><strong><b>Faites l'exp\u00e9rience de notre qualit\u00e9 !<\/b><\/strong><\/p><p><strong><b>Nous pensons que voir, c'est croire.<\/b><\/strong><\/p><p>Avant de passer une commande en gros, nous sommes heureux de vous proposer des \u00e9chantillons afin que vous puissiez vous rendre compte personnellement de la qualit\u00e9 sup\u00e9rieure, de la conception et des performances de nos produits.<\/p><p>En outre, nous vous proposons <a href=\"https:\/\/yume-beauty.com\/fr\/?page_id=419\"><strong><b>service personnalis\u00e9<\/b><\/strong><\/a>. N'h\u00e9sitez pas \u00e0 nous contacter !<\/p>\t\t\t\t\t\t\t\t<\/div>\n\t\t\t\t<\/div>\n\t\t\t\t<div class=\"elementor-element elementor-element-fb72d7d elementor-widget elementor-widget-text-editor\" data-id=\"fb72d7d\" data-element_type=\"widget\" data-settings=\"{&quot;wdt_animation_effect&quot;:&quot;none&quot;}\" data-widget_type=\"text-editor.default\">\n\t\t\t\t<div class=\"elementor-widget-container\">\n\t\t\t\t\t\t\t\t\t<h2>\u00c9chantillons gratuits ?<\/h2><p>Recevez des \u00e9chantillons gratuits ! Cependant, vous devez prendre en charge les frais d'exp\u00e9dition.<\/p><p>Remarque : lorsque le montant de votre commande atteint un certain seuil, nous vous remboursons les frais d'\u00e9chantillonnage !<\/p><p>Toutefois, nous ne remboursons que le co\u00fbt des \u00e9chantillons de produits. Les frais de moulage ou autres frais ne sont pas inclus dans le remboursement !<\/p><p>\u00a0<\/p><h2>Prix des \u00e9chantillons ?<\/h2><p>Tous les produits en stock sur notre site web peuvent \u00eatre command\u00e9s en un seul clic et vous pouvez obtenir directement les \u00e9chantillons dont vous avez besoin.<\/p><p>Pour les produits personnalis\u00e9s, vous devez prendre en compte le co\u00fbt des moules et d'autres co\u00fbts, qui doivent \u00eatre sp\u00e9cifiquement discut\u00e9s avec votre service client\u00e8le sp\u00e9cialis\u00e9.<\/p><p>\u00a0<\/p><h2>Service d'\u00e9chantillonnage ?<\/h2><p>Nous pouvons fournir une conception gratuite du produit. Nous commencerons \u00e0 fabriquer des \u00e9chantillons imm\u00e9diatement apr\u00e8s votre confirmation. Le mat\u00e9riau, la taille, la forme, le logo, l'emballage, etc. sont autant d'\u00e9l\u00e9ments que vous pouvez personnaliser.<\/p><p>\u00a0<\/p><h2>Temps de production et de transport des \u00e9chantillons ?<\/h2><p>Tous les produits en stock sur le site peuvent \u00eatre command\u00e9s directement. Passez commande et recevez vos \u00e9chantillons. Le d\u00e9lai de livraison g\u00e9n\u00e9ral est de 7 \u00e0 15 jours.<\/p><p>Le d\u00e9lai de production des \u00e9chantillons personnalis\u00e9s d\u00e9pend de chaque cas.<\/p><p>\u00a0<\/p><h2>Suivi de votre commande d'\u00e9chantillons ?<\/h2><p>Apr\u00e8s l'envoi des \u00e9chantillons, nous vous communiquerons le num\u00e9ro de commande du service de messagerie.<\/p><p>Ou bien notre personnel de vente professionnel vous fournira un service personnalis\u00e9 et vous informera \u00e0 temps de l'\u00e9tat d'avancement de l'exp\u00e9dition des \u00e9chantillons.<\/p><p>\u00a0<\/p><h2>Pr\u00eat \u00e0 commencer ?<\/h2><p>\ud83d\udc49 Contactez-nous d\u00e8s aujourd'hui et commencez votre demande d'\u00e9chantillon !<\/p><p>Construisons ensemble votre entreprise avec la meilleure qualit\u00e9 et les prix les plus comp\u00e9titifs.<\/p>\t\t\t\t\t\t\t\t<\/div>\n\t\t\t\t<\/div>\n\t\t\t\t<div class=\"elementor-element elementor-element-7129272 elementor-widget elementor-widget-text-editor\" data-id=\"7129272\" data-element_type=\"widget\" data-settings=\"{&quot;wdt_animation_effect&quot;:&quot;none&quot;}\" data-widget_type=\"text-editor.default\">\n\t\t\t\t<div class=\"elementor-widget-container\">\n\t\t\t\t\t\t\t\t\t<h2><strong><b>Contact rapide<\/b><\/strong><\/h2><p>Whatsapp\/Tel : + 86 18966004409<\/p><p>Adresse : Salle 722, No. 407, Yongjun Road, Yiwu City, Zhejiang Province, China<\/p><p><span style=\"text-decoration: underline;\"><em><a href=\"https:\/\/yume-beauty.com\/fr\/?page_id=419\"><strong><b>Cliquez ici pour un service personnalis\u00e9<\/b><\/strong><\/a><\/em><\/span><\/p><p><span style=\"text-decoration: underline;\"><em><strong><a href=\"https:\/\/yume-beauty.com\/fr\/?page_id=4443\">Politique de confidentialit\u00e9<\/a><\/strong><\/em><\/span><\/p>\t\t\t\t\t\t\t\t<\/div>\n\t\t\t\t<\/div>\n\t\t\t\t<\/div>\n\t\t\t\t\t<\/div>\n\t\t\t\t<\/div>\n\t\t\t\t<\/div>","protected":false},"excerpt":{"rendered":"<p>Experience Our Quality Firsthand! We believe that seeing is believing. Before you place a bulk order, we are happy to offer sample options so you can personally experience the premium quality, design, and performance of our products. In addition, we offer you one-on-one service. Please feel free to contact us! Free samples? Get free samples! [&hellip;]<\/p>","protected":false},"author":1,"featured_media":0,"parent":0,"menu_order":0,"comment_status":"closed","ping_status":"closed","template":"","meta":{"_monsterinsights_skip_tracking":false,"_monsterinsights_sitenote_active":false,"_monsterinsights_sitenote_note":"","_monsterinsights_sitenote_category":0,"footnotes":""},"class_list":["post-4814","page","type-page","status-publish","hentry"],"aioseo_notices":[],"_links":{"self":[{"href":"https:\/\/yume-beauty.com\/fr\/wp-json\/wp\/v2\/pages\/4814","targetHints":{"allow":["GET"]}}],"collection":[{"href":"https:\/\/yume-beauty.com\/fr\/wp-json\/wp\/v2\/pages"}],"about":[{"href":"https:\/\/yume-beauty.com\/fr\/wp-json\/wp\/v2\/types\/page"}],"author":[{"embeddable":true,"href":"https:\/\/yume-beauty.com\/fr\/wp-json\/wp\/v2\/users\/1"}],"replies":[{"embeddable":true,"href":"https:\/\/yume-beauty.com\/fr\/wp-json\/wp\/v2\/comments?post=4814"}],"version-history":[{"count":6,"href":"https:\/\/yume-beauty.com\/fr\/wp-json\/wp\/v2\/pages\/4814\/revisions"}],"predecessor-version":[{"id":4820,"href":"https:\/\/yume-beauty.com\/fr\/wp-json\/wp\/v2\/pages\/4814\/revisions\/4820"}],"wp:attachment":[{"href":"https:\/\/yume-beauty.com\/fr\/wp-json\/wp\/v2\/media?parent=4814"}],"curies":[{"name":"wp","href":"https:\/\/api.w.org\/{rel}","templated":true}]}}