{"id":4821,"date":"2025-04-28T13:48:52","date_gmt":"2025-04-28T05:48:52","guid":{"rendered":"https:\/\/yume-beauty.com\/?page_id=4821"},"modified":"2025-08-15T13:59:49","modified_gmt":"2025-08-15T05:59:49","slug":"services-doutils-de-beaute-personnalises-oem-et-odm-2","status":"publish","type":"page","link":"https:\/\/yume-beauty.com\/fr\/services-doutils-de-beaute-personnalises-oem-et-odm-2\/","title":{"rendered":"Services d'outils de beaut\u00e9 personnalis\u00e9s OEM et ODM"},"content":{"rendered":"<div data-elementor-type=\"wp-page\" data-elementor-id=\"4821\" class=\"elementor elementor-4821\">\n\t\t\t\t<div class=\"elementor-element elementor-element-5ab353d e-flex e-con-boxed e-con e-parent\" data-id=\"5ab353d\" data-element_type=\"container\">\n\t\t\t\t\t<div class=\"e-con-inner\">\n\t\t\t\t<div class=\"elementor-element elementor-element-9157065 elementor-widget elementor-widget-image\" data-id=\"9157065\" data-element_type=\"widget\" data-settings=\"{&quot;wdt_animation_effect&quot;:&quot;none&quot;}\" data-widget_type=\"image.default\">\n\t\t\t\t<div class=\"elementor-widget-container\">\n\t\t\t\t\t\t\t\t\t\t\t\t\t\t\t<img fetchpriority=\"high\" decoding=\"async\" width=\"1024\" height=\"363\" src=\"https:\/\/yume-beauty.com\/wp-content\/uploads\/2025\/04\/about-YumeBeauty-private-label-process-for-makeup-tools-1024x363.jpg\" class=\"attachment-large size-large wp-image-4572\" alt=\"Processus d&#039;\u00e9tiquetage priv\u00e9 pour les outils de maquillage\" srcset=\"https:\/\/yume-beauty.com\/wp-content\/uploads\/2025\/04\/about-YumeBeauty-private-label-process-for-makeup-tools-1024x363.jpg 1024w, https:\/\/yume-beauty.com\/wp-content\/uploads\/2025\/04\/about-YumeBeauty-private-label-process-for-makeup-tools-300x106.jpg 300w, https:\/\/yume-beauty.com\/wp-content\/uploads\/2025\/04\/about-YumeBeauty-private-label-process-for-makeup-tools-768x272.jpg 768w, https:\/\/yume-beauty.com\/wp-content\/uploads\/2025\/04\/about-YumeBeauty-private-label-process-for-makeup-tools-1000x354.jpg 1000w, https:\/\/yume-beauty.com\/wp-content\/uploads\/2025\/04\/about-YumeBeauty-private-label-process-for-makeup-tools.jpg 1200w\" sizes=\"(max-width: 1024px) 100vw, 1024px\" \/>\t\t\t\t\t\t\t\t\t\t\t\t\t\t\t<\/div>\n\t\t\t\t<\/div>\n\t\t\t\t<div class=\"elementor-element elementor-element-dbdf331 elementor-widget elementor-widget-text-editor\" data-id=\"dbdf331\" data-element_type=\"widget\" data-settings=\"{&quot;wdt_animation_effect&quot;:&quot;none&quot;}\" data-widget_type=\"text-editor.default\">\n\t\t\t\t<div class=\"elementor-widget-container\">\n\t\t\t\t\t\t\t\t\t<p>Chez YumeBeauty, nous proposons des outils de beaut\u00e9 personnalis\u00e9s, con\u00e7us pour r\u00e9pondre \u00e0 tous vos besoins.<\/p><p>Gr\u00e2ce \u00e0 une grande exp\u00e9rience et \u00e0 des conceptions professionnelles, vous pouvez facilement personnaliser vos outils de maquillage avec les logos de votre marque.<\/p><p>Nous offrons davantage d'options de personnalisation telles que le mat\u00e9riau, l'\u00e9paisseur, la forme, la couleur, la taille, le logo de la marque, l'emballage et plus encore.<\/p><p>Notre objectif est d'aider votre marque \u00e0 se d\u00e9marquer sur le march\u00e9 gr\u00e2ce \u00e0 des outils de beaut\u00e9 personnalis\u00e9s.<\/p>\t\t\t\t\t\t\t\t<\/div>\n\t\t\t\t<\/div>\n\t\t\t\t<div class=\"elementor-element elementor-element-eef521c elementor-position-top elementor-widget elementor-widget-image-box\" data-id=\"eef521c\" data-element_type=\"widget\" data-settings=\"{&quot;wdt_animation_effect&quot;:&quot;none&quot;}\" data-widget_type=\"image-box.default\">\n\t\t\t\t<div class=\"elementor-widget-container\">\n\t\t\t\t\t<div class=\"elementor-image-box-wrapper\"><figure class=\"elementor-image-box-img\"><img decoding=\"async\" width=\"800\" height=\"500\" src=\"https:\/\/yume-beauty.com\/wp-content\/uploads\/2025\/04\/Surgery-free-cosmetic-face-lifting-tape.jpg\" class=\"attachment-full size-full wp-image-4610\" alt=\"bande transparente pour le lifting du visage - sans chirurgie\" srcset=\"https:\/\/yume-beauty.com\/wp-content\/uploads\/2025\/04\/Surgery-free-cosmetic-face-lifting-tape.jpg 800w, https:\/\/yume-beauty.com\/wp-content\/uploads\/2025\/04\/Surgery-free-cosmetic-face-lifting-tape-300x188.jpg 300w, https:\/\/yume-beauty.com\/wp-content\/uploads\/2025\/04\/Surgery-free-cosmetic-face-lifting-tape-768x480.jpg 768w\" sizes=\"(max-width: 800px) 100vw, 800px\" \/><\/figure><div class=\"elementor-image-box-content\"><h3 class=\"elementor-image-box-title\">Outils cosm\u00e9tiques innovants<\/h3><p class=\"elementor-image-box-description\">\u2728 L'avantage du premier arriv\u00e9\nNous sommes les cr\u00e9ateurs originaux d'un grand nombre des solutions de beaut\u00e9 les plus recherch\u00e9es aujourd'hui, et nous d\u00e9tenons de nombreux brevets pour prot\u00e9ger nos conceptions et technologies exclusives.\n\n\n\u2728 Une innovation sans rel\u00e2che\nChaque produit que nous lan\u00e7ons - qu'il s'agisse de la couleur, de la taille, de l'\u00e9paisseur ou de la s\u00e9lection des mat\u00e9riaux - est le r\u00e9sultat de centaines de retours d'exp\u00e9rience, de milliers de tests utilisateurs et d'un perfectionnement constant.\nNotre objectif est de cr\u00e9er les produits les plus confortables, les plus efficaces et les plus conviviaux du march\u00e9.<\/p><\/div><\/div>\t\t\t\t<\/div>\n\t\t\t\t<\/div>\n\t\t\t\t<div class=\"elementor-element elementor-element-4993c61 elementor-position-top elementor-widget elementor-widget-image-box\" data-id=\"4993c61\" data-element_type=\"widget\" data-settings=\"{&quot;wdt_animation_effect&quot;:&quot;none&quot;}\" data-widget_type=\"image-box.default\">\n\t\t\t\t<div class=\"elementor-widget-container\">\n\t\t\t\t\t<div class=\"elementor-image-box-wrapper\"><figure class=\"elementor-image-box-img\"><img decoding=\"async\" width=\"790\" height=\"879\" src=\"https:\/\/yume-beauty.com\/wp-content\/uploads\/2025\/04\/One-stop-solution-for-complete-customization-of-beauty-tools.png\" class=\"attachment-full size-full wp-image-4823\" alt=\"Une solution unique pour la personnalisation compl\u00e8te des instruments de beaut\u00e9\" srcset=\"https:\/\/yume-beauty.com\/wp-content\/uploads\/2025\/04\/One-stop-solution-for-complete-customization-of-beauty-tools.png 790w, https:\/\/yume-beauty.com\/wp-content\/uploads\/2025\/04\/One-stop-solution-for-complete-customization-of-beauty-tools-270x300.png 270w, https:\/\/yume-beauty.com\/wp-content\/uploads\/2025\/04\/One-stop-solution-for-complete-customization-of-beauty-tools-768x855.png 768w\" sizes=\"(max-width: 790px) 100vw, 790px\" \/><\/figure><div class=\"elementor-image-box-content\"><h3 class=\"elementor-image-box-title\">Des solutions enti\u00e8rement personnalisables<\/h3><p class=\"elementor-image-box-description\">Que vous ayez besoin d'une marque priv\u00e9e (OEM) ou d'un d\u00e9veloppement complet sur mesure (ODM), nous vous proposons :\n\n1. des couleurs, des \u00e9paisseurs et des dimensions personnalis\u00e9es\n\n2. l'impression et l'emballage de logos personnalis\u00e9s\n\n3. conception de nouveaux moules et d\u00e9veloppement de produits\n\n4) Formulations exclusives et licences de brevets<\/p><\/div><\/div>\t\t\t\t<\/div>\n\t\t\t\t<\/div>\n\t\t\t\t<div class=\"elementor-element elementor-element-7b6f957 elementor-position-top elementor-widget elementor-widget-image-box\" data-id=\"7b6f957\" data-element_type=\"widget\" data-settings=\"{&quot;wdt_animation_effect&quot;:&quot;none&quot;}\" data-widget_type=\"image-box.default\">\n\t\t\t\t<div class=\"elementor-widget-container\">\n\t\t\t\t\t<div class=\"elementor-image-box-wrapper\"><figure class=\"elementor-image-box-img\"><img loading=\"lazy\" decoding=\"async\" width=\"700\" height=\"484\" src=\"https:\/\/yume-beauty.com\/wp-content\/uploads\/2023\/10\/One-to-one-professional-customer-service.jpg\" class=\"attachment-full size-full wp-image-4566\" alt=\"Service client professionnel personnalis\u00e9\" srcset=\"https:\/\/yume-beauty.com\/wp-content\/uploads\/2023\/10\/One-to-one-professional-customer-service.jpg 700w, https:\/\/yume-beauty.com\/wp-content\/uploads\/2023\/10\/One-to-one-professional-customer-service-300x207.jpg 300w\" sizes=\"(max-width: 700px) 100vw, 700px\" \/><\/figure><div class=\"elementor-image-box-content\"><h3 class=\"elementor-image-box-title\">Service personnalis\u00e9<\/h3><p class=\"elementor-image-box-description\">Une r\u00e9ponse rapide au march\u00e9 et des solutions rapides en termes de personnalisation sont obtenues en temps opportun.<\/p><\/div><\/div>\t\t\t\t<\/div>\n\t\t\t\t<\/div>\n\t\t<div class=\"elementor-element elementor-element-30b2ed5 e-grid e-con-full e-con e-child\" data-id=\"30b2ed5\" data-element_type=\"container\">\n\t\t\t\t<div class=\"elementor-element elementor-element-bfe90a9 elementor-widget elementor-widget-image\" data-id=\"bfe90a9\" data-element_type=\"widget\" data-settings=\"{&quot;wdt_animation_effect&quot;:&quot;none&quot;}\" data-widget_type=\"image.default\">\n\t\t\t\t<div class=\"elementor-widget-container\">\n\t\t\t\t\t\t\t\t\t\t\t\t\t\t\t<img loading=\"lazy\" decoding=\"async\" width=\"434\" height=\"584\" src=\"https:\/\/yume-beauty.com\/wp-content\/uploads\/2023\/10\/invisible-breathable-face-lift-patch.png\" class=\"attachment-large size-large wp-image-4740\" alt=\"patch invisible et respirant pour le lifting YumeBeauty\" srcset=\"https:\/\/yume-beauty.com\/wp-content\/uploads\/2023\/10\/invisible-breathable-face-lift-patch.png 434w, https:\/\/yume-beauty.com\/wp-content\/uploads\/2023\/10\/invisible-breathable-face-lift-patch-223x300.png 223w\" sizes=\"(max-width: 434px) 100vw, 434px\" \/>\t\t\t\t\t\t\t\t\t\t\t\t\t\t\t<\/div>\n\t\t\t\t<\/div>\n\t\t\t\t<div class=\"elementor-element elementor-element-7a33ea4 elementor-widget elementor-widget-image\" data-id=\"7a33ea4\" data-element_type=\"widget\" data-settings=\"{&quot;wdt_animation_effect&quot;:&quot;none&quot;}\" data-widget_type=\"image.default\">\n\t\t\t\t<div class=\"elementor-widget-container\">\n\t\t\t\t\t\t\t\t\t\t\t\t\t\t\t<img loading=\"lazy\" decoding=\"async\" width=\"434\" height=\"584\" src=\"https:\/\/yume-beauty.com\/wp-content\/uploads\/2023\/10\/adult-ear-correction-stickers.png\" class=\"attachment-large size-large wp-image-4736\" alt=\"autocollants de correction d&#039;oreille pour adultes YumeBeauty\" srcset=\"https:\/\/yume-beauty.com\/wp-content\/uploads\/2023\/10\/adult-ear-correction-stickers.png 434w, https:\/\/yume-beauty.com\/wp-content\/uploads\/2023\/10\/adult-ear-correction-stickers-223x300.png 223w\" sizes=\"(max-width: 434px) 100vw, 434px\" \/>\t\t\t\t\t\t\t\t\t\t\t\t\t\t\t<\/div>\n\t\t\t\t<\/div>\n\t\t\t\t<\/div>\n\t\t\t\t\t<\/div>\n\t\t\t\t<\/div>\n\t\t\t\t<\/div>","protected":false},"excerpt":{"rendered":"<p>At YumeBeauty, we offer customized beauty tools designed to meet your every need. With a wealth of experience and professional designs, you can easily customize your makeup tools with brand logos. We offer more customization options such as material, thickness, shape, color, size, brand logo, packaging and more. Our goal is to help your brand [&hellip;]<\/p>","protected":false},"author":1,"featured_media":0,"parent":0,"menu_order":0,"comment_status":"closed","ping_status":"closed","template":"","meta":{"_monsterinsights_skip_tracking":false,"_monsterinsights_sitenote_active":false,"_monsterinsights_sitenote_note":"","_monsterinsights_sitenote_category":0,"footnotes":""},"class_list":["post-4821","page","type-page","status-publish","hentry"],"aioseo_notices":[],"_links":{"self":[{"href":"https:\/\/yume-beauty.com\/fr\/wp-json\/wp\/v2\/pages\/4821","targetHints":{"allow":["GET"]}}],"collection":[{"href":"https:\/\/yume-beauty.com\/fr\/wp-json\/wp\/v2\/pages"}],"about":[{"href":"https:\/\/yume-beauty.com\/fr\/wp-json\/wp\/v2\/types\/page"}],"author":[{"embeddable":true,"href":"https:\/\/yume-beauty.com\/fr\/wp-json\/wp\/v2\/users\/1"}],"replies":[{"embeddable":true,"href":"https:\/\/yume-beauty.com\/fr\/wp-json\/wp\/v2\/comments?post=4821"}],"version-history":[{"count":7,"href":"https:\/\/yume-beauty.com\/fr\/wp-json\/wp\/v2\/pages\/4821\/revisions"}],"predecessor-version":[{"id":5142,"href":"https:\/\/yume-beauty.com\/fr\/wp-json\/wp\/v2\/pages\/4821\/revisions\/5142"}],"wp:attachment":[{"href":"https:\/\/yume-beauty.com\/fr\/wp-json\/wp\/v2\/media?parent=4821"}],"curies":[{"name":"wp","href":"https:\/\/api.w.org\/{rel}","templated":true}]}}