{"id":4675,"date":"2025-04-24T15:03:49","date_gmt":"2025-04-24T07:03:49","guid":{"rendered":"https:\/\/yume-beauty.com\/?post_type=product&#038;p=4675"},"modified":"2025-08-20T13:52:05","modified_gmt":"2025-08-20T05:52:05","slug":"bande-de-lifting-instantane-du-visage-et-du-cou","status":"publish","type":"product","link":"https:\/\/yume-beauty.com\/fr\/product\/bande-de-lifting-instantane-du-visage-et-du-cou\/","title":{"rendered":"Kit de ruban adh\u00e9sif pour lifting instantan\u00e9 du visage et du cou 40 pi\u00e8ces + 3 cordes"},"content":{"rendered":"<h3>Bande de lifting instantan\u00e9 du visage et du cou<\/h3>\n<h4>Caract\u00e9ristiques principales<\/h4>\n<ul>\n<li>Lifting instantan\u00e9 du visage - L\u00e8ve visiblement la peau affaiss\u00e9e, affine la m\u00e2choire et les joues.<\/li>\n<li>Invisible sous le maquillage - Ultra-mince et transparent pour un aspect naturel.<\/li>\n<li>Adh\u00e9sion forte et durable - Tient jusqu'\u00e0 8-10 heures sans irritation.<\/li>\n<li>Respirant et doux pour la peau - Hypoallerg\u00e9nique, doux et confortable pour tous les types de peau.<\/li>\n<\/ul>\n<h4>Parfait pour<\/h4>\n<ul>\n<li>Pr\u00e9paration du maquillage et s\u00e9ances photos.<\/li>\n<li>Mariages, f\u00eates, spectacles.<\/li>\n<li>Contournement et lifting quotidiens du visage.<\/li>\n<li>Instituts de beaut\u00e9, stylistes, influenceurs et kits MUA pro.<\/li>\n<\/ul>\n<p><img fetchpriority=\"high\" decoding=\"async\" class=\"alignnone size-medium wp-image-4682\" src=\"https:\/\/yume-beauty.com\/wp-content\/uploads\/2025\/04\/instant-face-and-neck-lift-tape-kit-invisible-lifting-tapes-and-bands-before-and-after-300x300.jpg\" alt=\"kit de lifting instantan\u00e9 du visage et du cou bandes et rubans invisibles de lifting avant et apr\u00e8s\" width=\"300\" height=\"300\" srcset=\"https:\/\/yume-beauty.com\/wp-content\/uploads\/2025\/04\/instant-face-and-neck-lift-tape-kit-invisible-lifting-tapes-and-bands-before-and-after-300x300.jpg 300w, https:\/\/yume-beauty.com\/wp-content\/uploads\/2025\/04\/instant-face-and-neck-lift-tape-kit-invisible-lifting-tapes-and-bands-before-and-after-150x150.jpg 150w, https:\/\/yume-beauty.com\/wp-content\/uploads\/2025\/04\/instant-face-and-neck-lift-tape-kit-invisible-lifting-tapes-and-bands-before-and-after-768x768.jpg 768w, https:\/\/yume-beauty.com\/wp-content\/uploads\/2025\/04\/instant-face-and-neck-lift-tape-kit-invisible-lifting-tapes-and-bands-before-and-after-205x205.jpg 205w, https:\/\/yume-beauty.com\/wp-content\/uploads\/2025\/04\/instant-face-and-neck-lift-tape-kit-invisible-lifting-tapes-and-bands-before-and-after-650x650.jpg 650w, https:\/\/yume-beauty.com\/wp-content\/uploads\/2025\/04\/instant-face-and-neck-lift-tape-kit-invisible-lifting-tapes-and-bands-before-and-after-60x60.jpg 60w, https:\/\/yume-beauty.com\/wp-content\/uploads\/2025\/04\/instant-face-and-neck-lift-tape-kit-invisible-lifting-tapes-and-bands-before-and-after-100x100.jpg 100w, https:\/\/yume-beauty.com\/wp-content\/uploads\/2025\/04\/instant-face-and-neck-lift-tape-kit-invisible-lifting-tapes-and-bands-before-and-after-50x50.jpg 50w, https:\/\/yume-beauty.com\/wp-content\/uploads\/2025\/04\/instant-face-and-neck-lift-tape-kit-invisible-lifting-tapes-and-bands-before-and-after.jpg 800w\" sizes=\"(max-width: 300px) 100vw, 300px\" \/><img decoding=\"async\" class=\"alignnone size-medium wp-image-5180\" src=\"https:\/\/yume-beauty.com\/wp-content\/uploads\/2025\/04\/40pcs-instant-face-and-neck-lift-tape-kit-300x300.jpg\" alt=\"Kit de 40 pi\u00e8ces de ruban adh\u00e9sif pour le lifting instantan\u00e9 du visage et du cou\" width=\"300\" height=\"300\" srcset=\"https:\/\/yume-beauty.com\/wp-content\/uploads\/2025\/04\/40pcs-instant-face-and-neck-lift-tape-kit-300x300.jpg 300w, https:\/\/yume-beauty.com\/wp-content\/uploads\/2025\/04\/40pcs-instant-face-and-neck-lift-tape-kit-150x150.jpg 150w, https:\/\/yume-beauty.com\/wp-content\/uploads\/2025\/04\/40pcs-instant-face-and-neck-lift-tape-kit-768x768.jpg 768w, https:\/\/yume-beauty.com\/wp-content\/uploads\/2025\/04\/40pcs-instant-face-and-neck-lift-tape-kit-12x12.jpg 12w, https:\/\/yume-beauty.com\/wp-content\/uploads\/2025\/04\/40pcs-instant-face-and-neck-lift-tape-kit-205x205.jpg 205w, https:\/\/yume-beauty.com\/wp-content\/uploads\/2025\/04\/40pcs-instant-face-and-neck-lift-tape-kit-650x650.jpg 650w, https:\/\/yume-beauty.com\/wp-content\/uploads\/2025\/04\/40pcs-instant-face-and-neck-lift-tape-kit-60x60.jpg 60w, https:\/\/yume-beauty.com\/wp-content\/uploads\/2025\/04\/40pcs-instant-face-and-neck-lift-tape-kit-100x100.jpg 100w, https:\/\/yume-beauty.com\/wp-content\/uploads\/2025\/04\/40pcs-instant-face-and-neck-lift-tape-kit-50x50.jpg 50w, https:\/\/yume-beauty.com\/wp-content\/uploads\/2025\/04\/40pcs-instant-face-and-neck-lift-tape-kit.jpg 800w\" sizes=\"(max-width: 300px) 100vw, 300px\" \/><img decoding=\"async\" class=\"alignnone size-medium wp-image-5181\" src=\"https:\/\/yume-beauty.com\/wp-content\/uploads\/2025\/04\/instant-face-and-neck-lift-tape-kit-40-pcs-3-ropes-03-300x300.jpg\" alt=\"Kit de bandes pour lifting instantan\u00e9 du visage et du cou Certificat d&#039;essai \" width=\"300\" height=\"300\" srcset=\"https:\/\/yume-beauty.com\/wp-content\/uploads\/2025\/04\/instant-face-and-neck-lift-tape-kit-40-pcs-3-ropes-03-300x300.jpg 300w, https:\/\/yume-beauty.com\/wp-content\/uploads\/2025\/04\/instant-face-and-neck-lift-tape-kit-40-pcs-3-ropes-03-150x150.jpg 150w, https:\/\/yume-beauty.com\/wp-content\/uploads\/2025\/04\/instant-face-and-neck-lift-tape-kit-40-pcs-3-ropes-03-768x768.jpg 768w, https:\/\/yume-beauty.com\/wp-content\/uploads\/2025\/04\/instant-face-and-neck-lift-tape-kit-40-pcs-3-ropes-03-12x12.jpg 12w, https:\/\/yume-beauty.com\/wp-content\/uploads\/2025\/04\/instant-face-and-neck-lift-tape-kit-40-pcs-3-ropes-03-205x205.jpg 205w, https:\/\/yume-beauty.com\/wp-content\/uploads\/2025\/04\/instant-face-and-neck-lift-tape-kit-40-pcs-3-ropes-03-650x650.jpg 650w, https:\/\/yume-beauty.com\/wp-content\/uploads\/2025\/04\/instant-face-and-neck-lift-tape-kit-40-pcs-3-ropes-03-60x60.jpg 60w, https:\/\/yume-beauty.com\/wp-content\/uploads\/2025\/04\/instant-face-and-neck-lift-tape-kit-40-pcs-3-ropes-03-100x100.jpg 100w, https:\/\/yume-beauty.com\/wp-content\/uploads\/2025\/04\/instant-face-and-neck-lift-tape-kit-40-pcs-3-ropes-03-50x50.jpg 50w, https:\/\/yume-beauty.com\/wp-content\/uploads\/2025\/04\/instant-face-and-neck-lift-tape-kit-40-pcs-3-ropes-03.jpg 800w\" sizes=\"(max-width: 300px) 100vw, 300px\" \/><\/p>\n<h4>Invisible Face Lifting Tape - Forme en V et raffermissement instantan\u00e9s<\/h4>\n<p>bande de lifting, bande invisible pour le visage, bande en forme de V pour le visage, lifting non chirurgical du visage,<br \/>\npatch de lifting de la m\u00e2choire, bande de lifting du visage OEM, bande de lifting du visage en gros, bande de lifting de la beaut\u00e9<\/p>","protected":false},"excerpt":{"rendered":"<ul>\n<li>Bande invisible de lifting instantan\u00e9 du visage et du cou pour un visage en V instantan\u00e9.<\/li>\n<li>Sans danger pour la peau, forte tenue et pr\u00eat \u00e0 \u00eatre maquill\u00e9.<\/li>\n<li>Parfait pour les amateurs de beaut\u00e9 et les professionnels.<\/li>\n<\/ul>","protected":false},"featured_media":4680,"comment_status":"open","ping_status":"closed","template":"","meta":{"_monsterinsights_skip_tracking":false,"_monsterinsights_sitenote_active":false,"_monsterinsights_sitenote_note":"","_monsterinsights_sitenote_category":0},"product_brand":[],"product_cat":[72],"product_tag":[96,89,103],"giftcard-category":[],"class_list":{"0":"post-4675","1":"product","2":"type-product","3":"status-publish","4":"has-post-thumbnail","6":"product_cat-cosmetic-lifting","7":"product_tag-cosmetic-lift","8":"product_tag-invisible-lift-tape","9":"product_tag-medical-grade","12":"instock","13":"shipping-taxable","14":"purchasable","15":"product-type-variable","16":"product-grid-view"},"aioseo_notices":[],"tiered_pricing_type":"fixed","tiered_pricing_fixed_rules":[],"tiered_pricing_product_settings":{"layout":"default","base_unit_name":{"singular":null,"plural":null},"default_variation":null},"tiered_pricing_minimum_quantity":null,"tiered_pricing_roles_data":[],"tiered_pricing_percentage_rules":[],"_links":{"self":[{"href":"https:\/\/yume-beauty.com\/fr\/wp-json\/wp\/v2\/product\/4675","targetHints":{"allow":["GET"]}}],"collection":[{"href":"https:\/\/yume-beauty.com\/fr\/wp-json\/wp\/v2\/product"}],"about":[{"href":"https:\/\/yume-beauty.com\/fr\/wp-json\/wp\/v2\/types\/product"}],"replies":[{"embeddable":true,"href":"https:\/\/yume-beauty.com\/fr\/wp-json\/wp\/v2\/comments?post=4675"}],"wp:featuredmedia":[{"embeddable":true,"href":"https:\/\/yume-beauty.com\/fr\/wp-json\/wp\/v2\/media\/4680"}],"wp:attachment":[{"href":"https:\/\/yume-beauty.com\/fr\/wp-json\/wp\/v2\/media?parent=4675"}],"wp:term":[{"taxonomy":"product_brand","embeddable":true,"href":"https:\/\/yume-beauty.com\/fr\/wp-json\/wp\/v2\/product_brand?post=4675"},{"taxonomy":"product_cat","embeddable":true,"href":"https:\/\/yume-beauty.com\/fr\/wp-json\/wp\/v2\/product_cat?post=4675"},{"taxonomy":"product_tag","embeddable":true,"href":"https:\/\/yume-beauty.com\/fr\/wp-json\/wp\/v2\/product_tag?post=4675"},{"taxonomy":"giftcard-category","embeddable":true,"href":"https:\/\/yume-beauty.com\/fr\/wp-json\/wp\/v2\/giftcard-category?post=4675"}],"curies":[{"name":"wp","href":"https:\/\/api.w.org\/{rel}","templated":true}]}}