{"id":4703,"date":"2025-04-25T14:53:44","date_gmt":"2025-04-25T06:53:44","guid":{"rendered":"https:\/\/yume-beauty.com\/?post_type=product&#038;p=4703"},"modified":"2026-01-26T02:38:19","modified_gmt":"2026-01-25T18:38:19","slug":"patch-de-correction-doreille-pour-adulte","status":"publish","type":"product","link":"https:\/\/yume-beauty.com\/fr\/product\/patch-de-correction-doreille-pour-adulte\/","title":{"rendered":"Patch correcteur d'oreille pour adulte - 8 PCS Original Boxed Set"},"content":{"rendered":"<p><strong>Patch correcteur d'oreille pour adulte - Contenu<\/strong><\/p>\n<ul>\n<li>8 patchs correcteurs d'oreille emball\u00e9s individuellement.<\/li>\n<li>Emballage original de premi\u00e8re qualit\u00e9.<\/li>\n<li>Notice d'utilisation incluse.<\/li>\n<li>Pr\u00eat pour la vente au d\u00e9tail ou l'utilisation quotidienne.<\/li>\n<li>Parfait pour la revente, l'utilisation en salon ou les kits de toilettage personnels.<\/li>\n<\/ul>\n<h3>Patch correcteur d'oreille pour adultes Principaux avantages<\/h3>\n<ul>\n<li>Positionnement instantan\u00e9 des oreilles - Corrige l'apparence des oreilles d\u00e9coll\u00e9es en quelques secondes.<\/li>\n<li>Ultra-mince et invisible - Ind\u00e9tectable sous les cheveux ou le maquillage<\/li>\n<li>Adh\u00e9sif de qualit\u00e9 m\u00e9dicale - Hypoallerg\u00e9nique, respirant et s\u00fbr pour une utilisation quotidienne<\/li>\n<li>Tenue longue dur\u00e9e - Port confortable jusqu'\u00e0 8 heures et plus<\/li>\n<li>Discret et pratique - Convient pour le travail, les \u00e9v\u00e9nements sociaux et les photoshoots<\/li>\n<\/ul>\n<p><strong>Conseil de pro : utiliser avant la coiffure ou le maquillage pour un effet parfait.<\/strong><\/p>\n<p><a href=\"https:\/\/www.instagram.com\/p\/DKLfYSpNqgs\/\"><img fetchpriority=\"high\" decoding=\"async\" class=\"alignnone wp-image-4708 size-medium\" src=\"https:\/\/yume-beauty.com\/wp-content\/uploads\/2025\/04\/original-ear-corrective-boxed-set-hydrocolloid-shrink-ear-corrector-2-300x300.jpg\" alt=\"patch de correction d&#039;oreille pour adulte\" width=\"300\" height=\"300\" srcset=\"https:\/\/yume-beauty.com\/wp-content\/uploads\/2025\/04\/original-ear-corrective-boxed-set-hydrocolloid-shrink-ear-corrector-2-300x300.jpg 300w, https:\/\/yume-beauty.com\/wp-content\/uploads\/2025\/04\/original-ear-corrective-boxed-set-hydrocolloid-shrink-ear-corrector-2-150x150.jpg 150w, https:\/\/yume-beauty.com\/wp-content\/uploads\/2025\/04\/original-ear-corrective-boxed-set-hydrocolloid-shrink-ear-corrector-2-768x768.jpg 768w, https:\/\/yume-beauty.com\/wp-content\/uploads\/2025\/04\/original-ear-corrective-boxed-set-hydrocolloid-shrink-ear-corrector-2-205x205.jpg 205w, https:\/\/yume-beauty.com\/wp-content\/uploads\/2025\/04\/original-ear-corrective-boxed-set-hydrocolloid-shrink-ear-corrector-2-650x650.jpg 650w, https:\/\/yume-beauty.com\/wp-content\/uploads\/2025\/04\/original-ear-corrective-boxed-set-hydrocolloid-shrink-ear-corrector-2-60x60.jpg 60w, https:\/\/yume-beauty.com\/wp-content\/uploads\/2025\/04\/original-ear-corrective-boxed-set-hydrocolloid-shrink-ear-corrector-2-100x100.jpg 100w, https:\/\/yume-beauty.com\/wp-content\/uploads\/2025\/04\/original-ear-corrective-boxed-set-hydrocolloid-shrink-ear-corrector-2-50x50.jpg 50w, https:\/\/yume-beauty.com\/wp-content\/uploads\/2025\/04\/original-ear-corrective-boxed-set-hydrocolloid-shrink-ear-corrector-2.jpg 800w\" sizes=\"(max-width: 300px) 100vw, 300px\" \/><\/a><\/p>\n<h4>Relevez et corrigez instantan\u00e9ment vos oreilles - en toute s\u00e9curit\u00e9, de mani\u00e8re invisible et confortable.<\/h4>\n<ul>\n<li>Fabricant original et d\u00e9tenteur du brevet.<\/li>\n<li>Plus de 10 ans de production de patchs auriculaires OEM\/ODM.<\/li>\n<li>Possibilit\u00e9 de personnaliser la marque et l'emballage.<\/li>\n<li>Prix de gros avec livraison rapide dans le monde entier.<\/li>\n<\/ul>","protected":false},"excerpt":{"rendered":"<ul>\n<li>Patch invisible de correction d'oreille pour adultes - Pour les adultes aux oreilles pro\u00e9minentes<\/li>\n<li>Discret. Confortable. Confiance en soi.<\/li>\n<\/ul>","protected":false},"featured_media":4705,"comment_status":"open","ping_status":"closed","template":"","meta":{"_monsterinsights_skip_tracking":false,"_monsterinsights_sitenote_active":false,"_monsterinsights_sitenote_note":"","_monsterinsights_sitenote_category":0},"product_brand":[],"product_cat":[73],"product_tag":[113],"giftcard-category":[],"class_list":{"0":"post-4703","1":"product","2":"type-product","3":"status-publish","4":"has-post-thumbnail","6":"product_cat-cosmetic-ear-corrector","7":"product_tag-adult-ear-corrector","10":"instock","11":"shipping-taxable","12":"purchasable","13":"product-type-variable","14":"product-grid-view"},"aioseo_notices":[],"tiered_pricing_type":"fixed","tiered_pricing_fixed_rules":[],"tiered_pricing_product_settings":{"layout":"default","base_unit_name":{"singular":null,"plural":null},"default_variation":null},"tiered_pricing_minimum_quantity":null,"tiered_pricing_roles_data":[],"tiered_pricing_percentage_rules":[],"_links":{"self":[{"href":"https:\/\/yume-beauty.com\/fr\/wp-json\/wp\/v2\/product\/4703","targetHints":{"allow":["GET"]}}],"collection":[{"href":"https:\/\/yume-beauty.com\/fr\/wp-json\/wp\/v2\/product"}],"about":[{"href":"https:\/\/yume-beauty.com\/fr\/wp-json\/wp\/v2\/types\/product"}],"replies":[{"embeddable":true,"href":"https:\/\/yume-beauty.com\/fr\/wp-json\/wp\/v2\/comments?post=4703"}],"wp:featuredmedia":[{"embeddable":true,"href":"https:\/\/yume-beauty.com\/fr\/wp-json\/wp\/v2\/media\/4705"}],"wp:attachment":[{"href":"https:\/\/yume-beauty.com\/fr\/wp-json\/wp\/v2\/media?parent=4703"}],"wp:term":[{"taxonomy":"product_brand","embeddable":true,"href":"https:\/\/yume-beauty.com\/fr\/wp-json\/wp\/v2\/product_brand?post=4703"},{"taxonomy":"product_cat","embeddable":true,"href":"https:\/\/yume-beauty.com\/fr\/wp-json\/wp\/v2\/product_cat?post=4703"},{"taxonomy":"product_tag","embeddable":true,"href":"https:\/\/yume-beauty.com\/fr\/wp-json\/wp\/v2\/product_tag?post=4703"},{"taxonomy":"giftcard-category","embeddable":true,"href":"https:\/\/yume-beauty.com\/fr\/wp-json\/wp\/v2\/giftcard-category?post=4703"}],"curies":[{"name":"wp","href":"https:\/\/api.w.org\/{rel}","templated":true}]}}