{"id":4711,"date":"2025-04-25T15:32:58","date_gmt":"2025-04-25T07:32:58","guid":{"rendered":"https:\/\/yume-beauty.com\/?post_type=product&#038;p=4711"},"modified":"2026-01-26T02:38:35","modified_gmt":"2026-01-25T18:38:35","slug":"le-correcteur-doreille-cosmetique-resout-le-probleme-des-grandes-oreilles","status":"publish","type":"product","link":"https:\/\/yume-beauty.com\/fr\/product\/le-correcteur-doreille-cosmetique-resout-le-probleme-des-grandes-oreilles\/","title":{"rendered":"Correcteur d'oreille cosm\u00e9tique pour r\u00e9soudre les probl\u00e8mes de grandes oreilles 6 PCS"},"content":{"rendered":"<h3>Un correcteur d'oreille cosm\u00e9tique r\u00e9sout un gros probl\u00e8me d'oreille<\/h3>\n<p>Correcteur d'oreille cosm\u00e9tique Caract\u00e9ristiques principales<\/p>\n<ul>\n<li><a href=\"https:\/\/www.instagram.com\/p\/DKLfYSpNqgs\/\">Corrige visiblement les oreilles d\u00e9coll\u00e9es<\/a> - Repositionne d\u00e9licatement les oreilles pour une apparence naturelle.<\/li>\n<li>Design invisible - Les patchs ultra-fins et transparents se fondent dans toutes les carnations.<\/li>\n<li>Tenue longue dur\u00e9e - Adh\u00e9sif puissant, sans danger pour la peau, pour une utilisation quotidienne.<\/li>\n<li>Confortable - Mat\u00e9riau respirant, id\u00e9al pour la peau sensible des adultes.<\/li>\n<\/ul>\n<h4>Parfait pour<\/h4>\n<ul>\n<li>V\u00eatements de tous les jours, bureau, occasions sociales.<\/li>\n<li>S\u00e9ances de pr\u00e9-maquillage ou de coiffure.<\/li>\n<li>Alternative non invasive \u00e0 la chirurgie.<\/li>\n<li>Salons, cliniques de beaut\u00e9, d\u00e9taillants en soins auriculaires.<\/li>\n<\/ul>\n<p><img fetchpriority=\"high\" decoding=\"async\" class=\"alignnone wp-image-4713 size-medium\" src=\"https:\/\/yume-beauty.com\/wp-content\/uploads\/2025\/04\/ear-corrector-to-solve-the-problem-of-big-ears-transparent-silicone-ear-sticker-correctors-1-300x300.jpg\" alt=\"Un correcteur d&#039;oreille cosm\u00e9tique r\u00e9sout un gros probl\u00e8me d&#039;oreille\" width=\"300\" height=\"300\" srcset=\"https:\/\/yume-beauty.com\/wp-content\/uploads\/2025\/04\/ear-corrector-to-solve-the-problem-of-big-ears-transparent-silicone-ear-sticker-correctors-1-300x300.jpg 300w, https:\/\/yume-beauty.com\/wp-content\/uploads\/2025\/04\/ear-corrector-to-solve-the-problem-of-big-ears-transparent-silicone-ear-sticker-correctors-1-150x150.jpg 150w, https:\/\/yume-beauty.com\/wp-content\/uploads\/2025\/04\/ear-corrector-to-solve-the-problem-of-big-ears-transparent-silicone-ear-sticker-correctors-1-768x768.jpg 768w, https:\/\/yume-beauty.com\/wp-content\/uploads\/2025\/04\/ear-corrector-to-solve-the-problem-of-big-ears-transparent-silicone-ear-sticker-correctors-1-205x205.jpg 205w, https:\/\/yume-beauty.com\/wp-content\/uploads\/2025\/04\/ear-corrector-to-solve-the-problem-of-big-ears-transparent-silicone-ear-sticker-correctors-1-650x650.jpg 650w, https:\/\/yume-beauty.com\/wp-content\/uploads\/2025\/04\/ear-corrector-to-solve-the-problem-of-big-ears-transparent-silicone-ear-sticker-correctors-1-60x60.jpg 60w, https:\/\/yume-beauty.com\/wp-content\/uploads\/2025\/04\/ear-corrector-to-solve-the-problem-of-big-ears-transparent-silicone-ear-sticker-correctors-1-100x100.jpg 100w, https:\/\/yume-beauty.com\/wp-content\/uploads\/2025\/04\/ear-corrector-to-solve-the-problem-of-big-ears-transparent-silicone-ear-sticker-correctors-1-50x50.jpg 50w, https:\/\/yume-beauty.com\/wp-content\/uploads\/2025\/04\/ear-corrector-to-solve-the-problem-of-big-ears-transparent-silicone-ear-sticker-correctors-1.jpg 800w\" sizes=\"(max-width: 300px) 100vw, 300px\" \/><img decoding=\"async\" class=\"alignnone size-medium wp-image-4715\" src=\"https:\/\/yume-beauty.com\/wp-content\/uploads\/2025\/04\/ear-corrector-to-solve-the-problem-of-big-ears-transparent-silicone-ear-sticker-correctors-box-packing-300x300.jpg\" alt=\"Le correcteur d&#039;oreille cosm\u00e9tique r\u00e9sout le probl\u00e8me de la grande oreille emballage en bo\u00eete\" width=\"300\" height=\"300\" srcset=\"https:\/\/yume-beauty.com\/wp-content\/uploads\/2025\/04\/ear-corrector-to-solve-the-problem-of-big-ears-transparent-silicone-ear-sticker-correctors-box-packing-300x300.jpg 300w, https:\/\/yume-beauty.com\/wp-content\/uploads\/2025\/04\/ear-corrector-to-solve-the-problem-of-big-ears-transparent-silicone-ear-sticker-correctors-box-packing-150x150.jpg 150w, https:\/\/yume-beauty.com\/wp-content\/uploads\/2025\/04\/ear-corrector-to-solve-the-problem-of-big-ears-transparent-silicone-ear-sticker-correctors-box-packing-768x768.jpg 768w, https:\/\/yume-beauty.com\/wp-content\/uploads\/2025\/04\/ear-corrector-to-solve-the-problem-of-big-ears-transparent-silicone-ear-sticker-correctors-box-packing-205x205.jpg 205w, https:\/\/yume-beauty.com\/wp-content\/uploads\/2025\/04\/ear-corrector-to-solve-the-problem-of-big-ears-transparent-silicone-ear-sticker-correctors-box-packing-650x650.jpg 650w, https:\/\/yume-beauty.com\/wp-content\/uploads\/2025\/04\/ear-corrector-to-solve-the-problem-of-big-ears-transparent-silicone-ear-sticker-correctors-box-packing-60x60.jpg 60w, https:\/\/yume-beauty.com\/wp-content\/uploads\/2025\/04\/ear-corrector-to-solve-the-problem-of-big-ears-transparent-silicone-ear-sticker-correctors-box-packing-100x100.jpg 100w, https:\/\/yume-beauty.com\/wp-content\/uploads\/2025\/04\/ear-corrector-to-solve-the-problem-of-big-ears-transparent-silicone-ear-sticker-correctors-box-packing-50x50.jpg 50w, https:\/\/yume-beauty.com\/wp-content\/uploads\/2025\/04\/ear-corrector-to-solve-the-problem-of-big-ears-transparent-silicone-ear-sticker-correctors-box-packing.jpg 800w\" sizes=\"(max-width: 300px) 100vw, 300px\" \/><\/p>\n<h5>Solution discr\u00e8te pour les oreilles pro\u00e9minentes - Confortable et efficace<\/h5>\n<ul>\n<li>Fabricant original avec droits de brevet.<\/li>\n<li>Possibilit\u00e9 de personnalisation OEM\/ODM.<\/li>\n<li>Commandes en gros \u00e0 des prix comp\u00e9titifs.<\/li>\n<li>Exp\u00e9di\u00e9 dans le monde entier \u00e0 partir de l'usine d'origine.<\/li>\n<\/ul>","protected":false},"excerpt":{"rendered":"<p>Correcteur cosm\u00e9tique d'oreille pour r\u00e9soudre le probl\u00e8me des grandes oreilles lavable et parfait pour un usage quotidien - que vous alliez au travail, que vous sortiez avec des amis ou que vous souhaitiez simplement vous sentir plus confiant dans votre look.<\/p>","protected":false},"featured_media":4753,"comment_status":"open","ping_status":"closed","template":"","meta":{"_monsterinsights_skip_tracking":false,"_monsterinsights_sitenote_active":false,"_monsterinsights_sitenote_note":"","_monsterinsights_sitenote_category":0},"product_brand":[],"product_cat":[73],"product_tag":[113],"giftcard-category":[],"class_list":{"0":"post-4711","1":"product","2":"type-product","3":"status-publish","4":"has-post-thumbnail","6":"product_cat-cosmetic-ear-corrector","7":"product_tag-adult-ear-corrector","10":"instock","11":"shipping-taxable","12":"purchasable","13":"product-type-variable","14":"product-grid-view"},"aioseo_notices":[],"tiered_pricing_type":"fixed","tiered_pricing_fixed_rules":[],"tiered_pricing_product_settings":{"layout":"default","base_unit_name":{"singular":null,"plural":null},"default_variation":null},"tiered_pricing_minimum_quantity":null,"tiered_pricing_roles_data":[],"tiered_pricing_percentage_rules":[],"_links":{"self":[{"href":"https:\/\/yume-beauty.com\/fr\/wp-json\/wp\/v2\/product\/4711","targetHints":{"allow":["GET"]}}],"collection":[{"href":"https:\/\/yume-beauty.com\/fr\/wp-json\/wp\/v2\/product"}],"about":[{"href":"https:\/\/yume-beauty.com\/fr\/wp-json\/wp\/v2\/types\/product"}],"replies":[{"embeddable":true,"href":"https:\/\/yume-beauty.com\/fr\/wp-json\/wp\/v2\/comments?post=4711"}],"wp:featuredmedia":[{"embeddable":true,"href":"https:\/\/yume-beauty.com\/fr\/wp-json\/wp\/v2\/media\/4753"}],"wp:attachment":[{"href":"https:\/\/yume-beauty.com\/fr\/wp-json\/wp\/v2\/media?parent=4711"}],"wp:term":[{"taxonomy":"product_brand","embeddable":true,"href":"https:\/\/yume-beauty.com\/fr\/wp-json\/wp\/v2\/product_brand?post=4711"},{"taxonomy":"product_cat","embeddable":true,"href":"https:\/\/yume-beauty.com\/fr\/wp-json\/wp\/v2\/product_cat?post=4711"},{"taxonomy":"product_tag","embeddable":true,"href":"https:\/\/yume-beauty.com\/fr\/wp-json\/wp\/v2\/product_tag?post=4711"},{"taxonomy":"giftcard-category","embeddable":true,"href":"https:\/\/yume-beauty.com\/fr\/wp-json\/wp\/v2\/giftcard-category?post=4711"}],"curies":[{"name":"wp","href":"https:\/\/api.w.org\/{rel}","templated":true}]}}