{"id":4720,"date":"2025-04-25T16:58:14","date_gmt":"2025-04-25T08:58:14","guid":{"rendered":"https:\/\/yume-beauty.com\/?post_type=product&#038;p=4720"},"modified":"2025-09-26T09:55:54","modified_gmt":"2025-09-26T01:55:54","slug":"correcteur-auriculaire-pour-bebe-a-partir-de-3-mois-2","status":"publish","type":"product","link":"https:\/\/yume-beauty.com\/fr\/product\/correcteur-auriculaire-pour-bebe-a-partir-de-3-mois-2\/","title":{"rendered":"Correcteur d'oreille pour b\u00e9b\u00e9 \u00e0 partir de 3 mois r\u00e9sout les probl\u00e8mes de grandes oreilles 8 PCS"},"content":{"rendered":"<h3>Le correcteur d'oreille pour b\u00e9b\u00e9 \u00e0 partir de 3 mois r\u00e9sout les probl\u00e8mes de grandes oreilles<\/h3>\n<h4>Caract\u00e9ristiques principales<\/h4>\n<ul>\n<li>Corrige les oreilles d\u00e9coll\u00e9es - Redonne \u00e0 l'oreille de b\u00e9b\u00e9 une position plus naturelle.<\/li>\n<li>Silicone souple de qualit\u00e9 m\u00e9dicale - Sans danger pour la peau d\u00e9licate, hypoallerg\u00e9nique et perm\u00e9able \u00e0 l'air.<\/li>\n<li>Invisible et confortable - Conception fine et discr\u00e8te pour un port quotidien.<\/li>\n<li>Tenue s\u00fbre mais douce - Adh\u00e9sif sp\u00e9cial pour une tenue longue dur\u00e9e sans irritation.<\/li>\n<\/ul>\n<p><img fetchpriority=\"high\" decoding=\"async\" class=\"alignnone size-medium wp-image-4766\" src=\"https:\/\/yume-beauty.com\/wp-content\/uploads\/2025\/04\/ear-corrector-for-baby-from-3-months-2025-new-300x300.jpg\" alt=\"Le correcteur d&#039;oreille pour b\u00e9b\u00e9 \u00e0 partir de 3 mois r\u00e9sout le probl\u00e8me des grandes oreilles\" width=\"300\" height=\"300\" srcset=\"https:\/\/yume-beauty.com\/wp-content\/uploads\/2025\/04\/ear-corrector-for-baby-from-3-months-2025-new-300x300.jpg 300w, https:\/\/yume-beauty.com\/wp-content\/uploads\/2025\/04\/ear-corrector-for-baby-from-3-months-2025-new-150x150.jpg 150w, https:\/\/yume-beauty.com\/wp-content\/uploads\/2025\/04\/ear-corrector-for-baby-from-3-months-2025-new-768x768.jpg 768w, https:\/\/yume-beauty.com\/wp-content\/uploads\/2025\/04\/ear-corrector-for-baby-from-3-months-2025-new-205x205.jpg 205w, https:\/\/yume-beauty.com\/wp-content\/uploads\/2025\/04\/ear-corrector-for-baby-from-3-months-2025-new-650x650.jpg 650w, https:\/\/yume-beauty.com\/wp-content\/uploads\/2025\/04\/ear-corrector-for-baby-from-3-months-2025-new-60x60.jpg 60w, https:\/\/yume-beauty.com\/wp-content\/uploads\/2025\/04\/ear-corrector-for-baby-from-3-months-2025-new-100x100.jpg 100w, https:\/\/yume-beauty.com\/wp-content\/uploads\/2025\/04\/ear-corrector-for-baby-from-3-months-2025-new-50x50.jpg 50w, https:\/\/yume-beauty.com\/wp-content\/uploads\/2025\/04\/ear-corrector-for-baby-from-3-months-2025-new.jpg 800w\" sizes=\"(max-width: 300px) 100vw, 300px\" \/><\/p>\n<h4>Id\u00e9al pour<\/h4>\n<ul>\n<li>Utilisation quotidienne \u00e0 la maison.<\/li>\n<li>Journ\u00e9es photos, garderie ou sorties.<\/li>\n<li>P\u00e9diatres, magasins de pu\u00e9riculture, cliniques postnatales.<\/li>\n<li>Marques de soins pour b\u00e9b\u00e9s sous label priv\u00e9.<\/li>\n<\/ul>\n<h5>Patch correcteur d'oreille en silicone pour b\u00e9b\u00e9 (vente en gros)<\/h5>\n<ul>\n<li>Produit certifi\u00e9 par un brevet.<\/li>\n<li>Premi\u00e8re usine \u00e0 proposer la vente en gros dans le monde entier.<\/li>\n<li>Possibilit\u00e9 de personnalisation OEM\/ODM.<\/li>\n<li>Des milliers de parents et de marques de produits pour b\u00e9b\u00e9s lui font confiance dans le monde entier.<\/li>\n<\/ul>","protected":false},"excerpt":{"rendered":"<p>Correcteur d'oreille adulte et b\u00e9b\u00e9 Correcteur d'oreille en silicone pour oreilles d\u00e9coll\u00e9es<br \/>\nS\u00fbr. Doux. Aidez votre enfant \u00e0 grandir en toute confiance.<\/p>","protected":false},"featured_media":4721,"comment_status":"open","ping_status":"closed","template":"","meta":{"_monsterinsights_skip_tracking":false,"_monsterinsights_sitenote_active":false,"_monsterinsights_sitenote_note":"","_monsterinsights_sitenote_category":0},"product_brand":[],"product_cat":[73],"product_tag":[116],"giftcard-category":[],"class_list":{"0":"post-4720","1":"product","2":"type-product","3":"status-publish","4":"has-post-thumbnail","6":"product_cat-cosmetic-ear-corrector","7":"product_tag-ear-corrector-for-baby","10":"instock","11":"shipping-taxable","12":"purchasable","13":"product-type-simple","14":"product-grid-view"},"aioseo_notices":[],"tiered_pricing_type":"fixed","tiered_pricing_fixed_rules":{"10":10.25},"tiered_pricing_product_settings":{"layout":"default","base_unit_name":{"singular":null,"plural":null},"default_variation":null},"tiered_pricing_minimum_quantity":null,"tiered_pricing_roles_data":[],"tiered_pricing_percentage_rules":[],"_links":{"self":[{"href":"https:\/\/yume-beauty.com\/fr\/wp-json\/wp\/v2\/product\/4720","targetHints":{"allow":["GET"]}}],"collection":[{"href":"https:\/\/yume-beauty.com\/fr\/wp-json\/wp\/v2\/product"}],"about":[{"href":"https:\/\/yume-beauty.com\/fr\/wp-json\/wp\/v2\/types\/product"}],"replies":[{"embeddable":true,"href":"https:\/\/yume-beauty.com\/fr\/wp-json\/wp\/v2\/comments?post=4720"}],"wp:featuredmedia":[{"embeddable":true,"href":"https:\/\/yume-beauty.com\/fr\/wp-json\/wp\/v2\/media\/4721"}],"wp:attachment":[{"href":"https:\/\/yume-beauty.com\/fr\/wp-json\/wp\/v2\/media?parent=4720"}],"wp:term":[{"taxonomy":"product_brand","embeddable":true,"href":"https:\/\/yume-beauty.com\/fr\/wp-json\/wp\/v2\/product_brand?post=4720"},{"taxonomy":"product_cat","embeddable":true,"href":"https:\/\/yume-beauty.com\/fr\/wp-json\/wp\/v2\/product_cat?post=4720"},{"taxonomy":"product_tag","embeddable":true,"href":"https:\/\/yume-beauty.com\/fr\/wp-json\/wp\/v2\/product_tag?post=4720"},{"taxonomy":"giftcard-category","embeddable":true,"href":"https:\/\/yume-beauty.com\/fr\/wp-json\/wp\/v2\/giftcard-category?post=4720"}],"curies":[{"name":"wp","href":"https:\/\/api.w.org\/{rel}","templated":true}]}}