{"id":4828,"date":"2025-04-28T16:08:07","date_gmt":"2025-04-28T08:08:07","guid":{"rendered":"https:\/\/yume-beauty.com\/?post_type=product&#038;p=4828"},"modified":"2025-09-26T09:55:54","modified_gmt":"2025-09-26T01:55:54","slug":"ensemble-de-patchs-pour-le-lifting-des-fesses","status":"publish","type":"product","link":"https:\/\/yume-beauty.com\/fr\/product\/ensemble-de-patchs-pour-le-lifting-des-fesses\/","title":{"rendered":"Butt-Lift Shaping Patch Set Tightening Shaping Body Shaper 20 PCS"},"content":{"rendered":"<h3>Patch de mise en forme pour les fesses Ensemble de mise en forme pour le corps<\/h3>\n<h4>Caract\u00e9ristiques principales<\/h4>\n<ul>\n<li>Instant Butt Lift - Am\u00e9liore la forme et la fermet\u00e9 en quelques secondes.<\/li>\n<li>Invisible et confortable - Conception ultra-mince et sans couture pour un port tout au long de la journ\u00e9e.<\/li>\n<li>R\u00e9sistant \u00e0 la transpiration et \u00e0 une forte tenue - Reste en place m\u00eame en cas de mouvement.<\/li>\n<li>Adh\u00e9sif sans danger pour la peau - Doux pour la peau, convient \u00e0 tous les types de corps.<\/li>\n<\/ul>\n<h4>Comment l'utiliser<\/h4>\n<ul>\n<li>Nettoyer et s\u00e9cher la peau autour des hanches.<\/li>\n<li>Pelez et appliquez le patch sur la zone de lifting.<\/li>\n<li>Appuyer fermement et ajuster \u00e0 la lev\u00e9e souhait\u00e9e.<\/li>\n<li>Portez des sous-v\u00eatements ou des costumes si n\u00e9cessaire.<\/li>\n<\/ul>\n<p><img fetchpriority=\"high\" decoding=\"async\" class=\"alignnone size-medium wp-image-4832\" src=\"https:\/\/yume-beauty.com\/wp-content\/uploads\/2025\/04\/butt-lift-shaping-patch-set-tightening-shaping-body-shaper-sticker-1-300x300.jpg\" alt=\"patch de modelage pour le lifting des fesses set de serrage modelage du corps autocollant\" width=\"300\" height=\"300\" srcset=\"https:\/\/yume-beauty.com\/wp-content\/uploads\/2025\/04\/butt-lift-shaping-patch-set-tightening-shaping-body-shaper-sticker-1-300x300.jpg 300w, https:\/\/yume-beauty.com\/wp-content\/uploads\/2025\/04\/butt-lift-shaping-patch-set-tightening-shaping-body-shaper-sticker-1-150x150.jpg 150w, https:\/\/yume-beauty.com\/wp-content\/uploads\/2025\/04\/butt-lift-shaping-patch-set-tightening-shaping-body-shaper-sticker-1-768x768.jpg 768w, https:\/\/yume-beauty.com\/wp-content\/uploads\/2025\/04\/butt-lift-shaping-patch-set-tightening-shaping-body-shaper-sticker-1-205x205.jpg 205w, https:\/\/yume-beauty.com\/wp-content\/uploads\/2025\/04\/butt-lift-shaping-patch-set-tightening-shaping-body-shaper-sticker-1-650x650.jpg 650w, https:\/\/yume-beauty.com\/wp-content\/uploads\/2025\/04\/butt-lift-shaping-patch-set-tightening-shaping-body-shaper-sticker-1-60x60.jpg 60w, https:\/\/yume-beauty.com\/wp-content\/uploads\/2025\/04\/butt-lift-shaping-patch-set-tightening-shaping-body-shaper-sticker-1-100x100.jpg 100w, https:\/\/yume-beauty.com\/wp-content\/uploads\/2025\/04\/butt-lift-shaping-patch-set-tightening-shaping-body-shaper-sticker-1-50x50.jpg 50w, https:\/\/yume-beauty.com\/wp-content\/uploads\/2025\/04\/butt-lift-shaping-patch-set-tightening-shaping-body-shaper-sticker-1.jpg 800w\" sizes=\"(max-width: 300px) 100vw, 300px\" \/><img decoding=\"async\" class=\"alignnone size-medium wp-image-4833\" src=\"https:\/\/yume-beauty.com\/wp-content\/uploads\/2025\/04\/butt-lift-shaping-patch-set-tightening-shaping-body-shaper-sticker-2-300x300.jpg\" alt=\"patch de modelage pour le lifting des fesses set de serrage modelage du corps autocollant\" width=\"300\" height=\"300\" srcset=\"https:\/\/yume-beauty.com\/wp-content\/uploads\/2025\/04\/butt-lift-shaping-patch-set-tightening-shaping-body-shaper-sticker-2-300x300.jpg 300w, https:\/\/yume-beauty.com\/wp-content\/uploads\/2025\/04\/butt-lift-shaping-patch-set-tightening-shaping-body-shaper-sticker-2-150x150.jpg 150w, https:\/\/yume-beauty.com\/wp-content\/uploads\/2025\/04\/butt-lift-shaping-patch-set-tightening-shaping-body-shaper-sticker-2-768x768.jpg 768w, https:\/\/yume-beauty.com\/wp-content\/uploads\/2025\/04\/butt-lift-shaping-patch-set-tightening-shaping-body-shaper-sticker-2-205x205.jpg 205w, https:\/\/yume-beauty.com\/wp-content\/uploads\/2025\/04\/butt-lift-shaping-patch-set-tightening-shaping-body-shaper-sticker-2-650x650.jpg 650w, https:\/\/yume-beauty.com\/wp-content\/uploads\/2025\/04\/butt-lift-shaping-patch-set-tightening-shaping-body-shaper-sticker-2-60x60.jpg 60w, https:\/\/yume-beauty.com\/wp-content\/uploads\/2025\/04\/butt-lift-shaping-patch-set-tightening-shaping-body-shaper-sticker-2-100x100.jpg 100w, https:\/\/yume-beauty.com\/wp-content\/uploads\/2025\/04\/butt-lift-shaping-patch-set-tightening-shaping-body-shaper-sticker-2-50x50.jpg 50w, https:\/\/yume-beauty.com\/wp-content\/uploads\/2025\/04\/butt-lift-shaping-patch-set-tightening-shaping-body-shaper-sticker-2.jpg 800w\" sizes=\"(max-width: 300px) 100vw, 300px\" \/><\/p>\n<h4>Parfait pour<\/h4>\n<ul>\n<li>Les robes moulantes, les jeans ou les tenues de type \"bodycon\".<\/li>\n<li>S\u00e9ances photos, \u00e9v\u00e9nements, renforcement quotidien de la confiance en soi.<\/li>\n<li>Remodelage du corps apr\u00e8s l'accouchement.<\/li>\n<li>Stylistes, salons, magasins de beaut\u00e9 et influenceurs.<\/li>\n<\/ul>","protected":false},"excerpt":{"rendered":"<p>Obtenez des hanches plus rondes et plus fermes sans effort !<\/p>\n<p>Notre set de patchs lifting fessier pro resserre la peau rel\u00e2ch\u00e9e, stimule le collag\u00e8ne, lisse les ridules et hydrate en profondeur - sans danger pour tous les types de peau.<\/p>","protected":false},"featured_media":4837,"comment_status":"open","ping_status":"closed","template":"","meta":{"_monsterinsights_skip_tracking":false,"_monsterinsights_sitenote_active":false,"_monsterinsights_sitenote_note":"","_monsterinsights_sitenote_category":0},"product_brand":[],"product_cat":[117],"product_tag":[127],"giftcard-category":[],"class_list":{"0":"post-4828","1":"product","2":"type-product","3":"status-publish","4":"has-post-thumbnail","6":"product_cat-new-function","7":"product_tag-butt-lifting-patch","10":"instock","11":"shipping-taxable","12":"purchasable","13":"product-type-simple","14":"product-grid-view"},"aioseo_notices":[],"tiered_pricing_type":"fixed","tiered_pricing_fixed_rules":{"100":9.9},"tiered_pricing_product_settings":{"layout":"default","base_unit_name":{"singular":null,"plural":null},"default_variation":null},"tiered_pricing_minimum_quantity":null,"tiered_pricing_roles_data":[],"tiered_pricing_percentage_rules":[],"_links":{"self":[{"href":"https:\/\/yume-beauty.com\/fr\/wp-json\/wp\/v2\/product\/4828","targetHints":{"allow":["GET"]}}],"collection":[{"href":"https:\/\/yume-beauty.com\/fr\/wp-json\/wp\/v2\/product"}],"about":[{"href":"https:\/\/yume-beauty.com\/fr\/wp-json\/wp\/v2\/types\/product"}],"replies":[{"embeddable":true,"href":"https:\/\/yume-beauty.com\/fr\/wp-json\/wp\/v2\/comments?post=4828"}],"wp:featuredmedia":[{"embeddable":true,"href":"https:\/\/yume-beauty.com\/fr\/wp-json\/wp\/v2\/media\/4837"}],"wp:attachment":[{"href":"https:\/\/yume-beauty.com\/fr\/wp-json\/wp\/v2\/media?parent=4828"}],"wp:term":[{"taxonomy":"product_brand","embeddable":true,"href":"https:\/\/yume-beauty.com\/fr\/wp-json\/wp\/v2\/product_brand?post=4828"},{"taxonomy":"product_cat","embeddable":true,"href":"https:\/\/yume-beauty.com\/fr\/wp-json\/wp\/v2\/product_cat?post=4828"},{"taxonomy":"product_tag","embeddable":true,"href":"https:\/\/yume-beauty.com\/fr\/wp-json\/wp\/v2\/product_tag?post=4828"},{"taxonomy":"giftcard-category","embeddable":true,"href":"https:\/\/yume-beauty.com\/fr\/wp-json\/wp\/v2\/giftcard-category?post=4828"}],"curies":[{"name":"wp","href":"https:\/\/api.w.org\/{rel}","templated":true}]}}