{"id":5009,"date":"2025-06-14T13:57:00","date_gmt":"2025-06-14T05:57:00","guid":{"rendered":"https:\/\/yume-beauty.com\/?post_type=product&#038;p=5009"},"modified":"2026-01-26T02:40:52","modified_gmt":"2026-01-25T18:40:52","slug":"autocollants-correcteurs-doreilles-impermeables-pour-bebes-pour-oreilles-decollees-8-pcs","status":"publish","type":"product","link":"https:\/\/yume-beauty.com\/fr\/product\/autocollants-correcteurs-doreilles-impermeables-pour-bebes-pour-oreilles-decollees-8-pcs\/","title":{"rendered":"Autocollants correcteurs d'oreilles imperm\u00e9ables pour b\u00e9b\u00e9s pour oreilles d\u00e9coll\u00e9es 8 PCS"},"content":{"rendered":"<h3>Autocollants correcteurs d'oreille imperm\u00e9ables pour b\u00e9b\u00e9 Caract\u00e9ristiques<\/h3>\n<p><strong>Ruban correcteur d'oreille pour b\u00e9b\u00e9 - Solution douce, s\u00fbre et efficace<\/strong><\/p>\n<ul>\n<li>Sans danger pour les b\u00e9b\u00e9s : Silicone hypoallerg\u00e9nique de qualit\u00e9 m\u00e9dicale.<\/li>\n<li>Respirant et doux : Adh\u00e9sif doux et respectueux de la peau.<\/li>\n<li>Presque invisible : Port discret sous les cheveux ou les chapeaux.<\/li>\n<li>Ensemble complet inclus : Patchs correcteurs, lingettes alcoolis\u00e9es, manuel d'utilisation.<\/li>\n<li>Marquage personnalis\u00e9 disponible : Prise en charge des OEM et des marques priv\u00e9es.<\/li>\n<li>Directement de l'usine : Exp\u00e9dition rapide et faible quantit\u00e9.<\/li>\n<\/ul>\n<h4><a href=\"https:\/\/yume-beauty.com\/fr\/product\/correcteur-auriculaire-pour-bebe-a-partir-de-3-mois-2\/\"><img fetchpriority=\"high\" decoding=\"async\" class=\"alignnone wp-image-5013 size-medium\" src=\"https:\/\/yume-beauty.com\/wp-content\/uploads\/2025\/06\/waterproof-baby-ear-corrector-stickers-for-protruding-ears-easy-use-300x300.jpg\" alt=\"autocollants correcteurs d&#039;oreille pour b\u00e9b\u00e9, imperm\u00e9ables et faciles \u00e0 utiliser\" width=\"300\" height=\"300\" srcset=\"https:\/\/yume-beauty.com\/wp-content\/uploads\/2025\/06\/waterproof-baby-ear-corrector-stickers-for-protruding-ears-easy-use-300x300.jpg 300w, https:\/\/yume-beauty.com\/wp-content\/uploads\/2025\/06\/waterproof-baby-ear-corrector-stickers-for-protruding-ears-easy-use-150x150.jpg 150w, https:\/\/yume-beauty.com\/wp-content\/uploads\/2025\/06\/waterproof-baby-ear-corrector-stickers-for-protruding-ears-easy-use-768x768.jpg 768w, https:\/\/yume-beauty.com\/wp-content\/uploads\/2025\/06\/waterproof-baby-ear-corrector-stickers-for-protruding-ears-easy-use-12x12.jpg 12w, https:\/\/yume-beauty.com\/wp-content\/uploads\/2025\/06\/waterproof-baby-ear-corrector-stickers-for-protruding-ears-easy-use-205x205.jpg 205w, https:\/\/yume-beauty.com\/wp-content\/uploads\/2025\/06\/waterproof-baby-ear-corrector-stickers-for-protruding-ears-easy-use-650x650.jpg 650w, https:\/\/yume-beauty.com\/wp-content\/uploads\/2025\/06\/waterproof-baby-ear-corrector-stickers-for-protruding-ears-easy-use-60x60.jpg 60w, https:\/\/yume-beauty.com\/wp-content\/uploads\/2025\/06\/waterproof-baby-ear-corrector-stickers-for-protruding-ears-easy-use-100x100.jpg 100w, https:\/\/yume-beauty.com\/wp-content\/uploads\/2025\/06\/waterproof-baby-ear-corrector-stickers-for-protruding-ears-easy-use-50x50.jpg 50w, https:\/\/yume-beauty.com\/wp-content\/uploads\/2025\/06\/waterproof-baby-ear-corrector-stickers-for-protruding-ears-easy-use.jpg 800w\" sizes=\"(max-width: 300px) 100vw, 300px\" \/><\/a><a href=\"https:\/\/www.instagram.com\/p\/DKGUYZ9y5Hb\/\"><img decoding=\"async\" class=\"alignnone wp-image-5012 size-medium\" src=\"https:\/\/yume-beauty.com\/wp-content\/uploads\/2025\/06\/waterproof-baby-ear-corrector-stickers-for-protruding-ears-2-300x300.jpg\" alt=\"autocollants correcteurs d&#039;oreille imperm\u00e9ables pour b\u00e9b\u00e9s\" width=\"300\" height=\"300\" srcset=\"https:\/\/yume-beauty.com\/wp-content\/uploads\/2025\/06\/waterproof-baby-ear-corrector-stickers-for-protruding-ears-2-300x300.jpg 300w, https:\/\/yume-beauty.com\/wp-content\/uploads\/2025\/06\/waterproof-baby-ear-corrector-stickers-for-protruding-ears-2-150x150.jpg 150w, https:\/\/yume-beauty.com\/wp-content\/uploads\/2025\/06\/waterproof-baby-ear-corrector-stickers-for-protruding-ears-2-768x768.jpg 768w, https:\/\/yume-beauty.com\/wp-content\/uploads\/2025\/06\/waterproof-baby-ear-corrector-stickers-for-protruding-ears-2-12x12.jpg 12w, https:\/\/yume-beauty.com\/wp-content\/uploads\/2025\/06\/waterproof-baby-ear-corrector-stickers-for-protruding-ears-2-205x205.jpg 205w, https:\/\/yume-beauty.com\/wp-content\/uploads\/2025\/06\/waterproof-baby-ear-corrector-stickers-for-protruding-ears-2-650x650.jpg 650w, https:\/\/yume-beauty.com\/wp-content\/uploads\/2025\/06\/waterproof-baby-ear-corrector-stickers-for-protruding-ears-2-60x60.jpg 60w, https:\/\/yume-beauty.com\/wp-content\/uploads\/2025\/06\/waterproof-baby-ear-corrector-stickers-for-protruding-ears-2-100x100.jpg 100w, https:\/\/yume-beauty.com\/wp-content\/uploads\/2025\/06\/waterproof-baby-ear-corrector-stickers-for-protruding-ears-2-50x50.jpg 50w, https:\/\/yume-beauty.com\/wp-content\/uploads\/2025\/06\/waterproof-baby-ear-corrector-stickers-for-protruding-ears-2.jpg 800w\" sizes=\"(max-width: 300px) 100vw, 300px\" \/><\/a><\/h4>\n<h4>Vente en gros d'autocollants correcteurs d'oreille imperm\u00e9ables pour b\u00e9b\u00e9s<\/h4>\n<ul>\n<li>Con\u00e7ue pour remodeler en douceur les oreilles des b\u00e9b\u00e9s pendant leur phase de croissance, notre bande correcteur d'oreille \u00e0 base de silicone a la confiance des parents et des p\u00e9diatres du monde entier.<\/li>\n<li>Parfait pour les b\u00e9b\u00e9s de 3 mois et plus, ce patch invisible aide \u00e0 corriger les oreilles d\u00e9coll\u00e9es ou pli\u00e9es sans douleur, pression ou intervention chirurgicale.<\/li>\n<li>Id\u00e9al pour : Les parents, les p\u00e9diatres, les h\u00f4pitaux et les marques \u00e0 la recherche de solutions s\u00fbres et non invasives pour corriger les oreilles des b\u00e9b\u00e9s.<\/li>\n<\/ul>","protected":false},"excerpt":{"rendered":"<ul>\n<li>Corrige les oreilles d\u00e9coll\u00e9es en douceur et en toute s\u00e9curit\u00e9. OEM et label priv\u00e9 disponibles. Directement de l'usine.<\/li>\n<li>Autocollants correcteurs d'oreille imperm\u00e9ables pour b\u00e9b\u00e9s, parfaits pour les b\u00e9b\u00e9s de plus de 3 mois. Invisibles, respirants et sans danger pour la peau.<\/li>\n<\/ul>","protected":false},"featured_media":5010,"comment_status":"open","ping_status":"closed","template":"","meta":{"_monsterinsights_skip_tracking":false,"_monsterinsights_sitenote_active":false,"_monsterinsights_sitenote_note":"","_monsterinsights_sitenote_category":0},"product_brand":[],"product_cat":[73],"product_tag":[137],"giftcard-category":[],"class_list":{"0":"post-5009","1":"product","2":"type-product","3":"status-publish","4":"has-post-thumbnail","6":"product_cat-cosmetic-ear-corrector","7":"product_tag-waterproof-baby-ear-corrector-stickers","10":"instock","11":"shipping-taxable","12":"purchasable","13":"product-type-simple","14":"product-grid-view"},"aioseo_notices":[],"tiered_pricing_type":"fixed","tiered_pricing_fixed_rules":{"10":10.25},"tiered_pricing_product_settings":{"layout":"default","base_unit_name":{"singular":null,"plural":null},"default_variation":null},"tiered_pricing_minimum_quantity":null,"tiered_pricing_roles_data":[],"tiered_pricing_percentage_rules":[],"_links":{"self":[{"href":"https:\/\/yume-beauty.com\/fr\/wp-json\/wp\/v2\/product\/5009","targetHints":{"allow":["GET"]}}],"collection":[{"href":"https:\/\/yume-beauty.com\/fr\/wp-json\/wp\/v2\/product"}],"about":[{"href":"https:\/\/yume-beauty.com\/fr\/wp-json\/wp\/v2\/types\/product"}],"replies":[{"embeddable":true,"href":"https:\/\/yume-beauty.com\/fr\/wp-json\/wp\/v2\/comments?post=5009"}],"wp:featuredmedia":[{"embeddable":true,"href":"https:\/\/yume-beauty.com\/fr\/wp-json\/wp\/v2\/media\/5010"}],"wp:attachment":[{"href":"https:\/\/yume-beauty.com\/fr\/wp-json\/wp\/v2\/media?parent=5009"}],"wp:term":[{"taxonomy":"product_brand","embeddable":true,"href":"https:\/\/yume-beauty.com\/fr\/wp-json\/wp\/v2\/product_brand?post=5009"},{"taxonomy":"product_cat","embeddable":true,"href":"https:\/\/yume-beauty.com\/fr\/wp-json\/wp\/v2\/product_cat?post=5009"},{"taxonomy":"product_tag","embeddable":true,"href":"https:\/\/yume-beauty.com\/fr\/wp-json\/wp\/v2\/product_tag?post=5009"},{"taxonomy":"giftcard-category","embeddable":true,"href":"https:\/\/yume-beauty.com\/fr\/wp-json\/wp\/v2\/giftcard-category?post=5009"}],"curies":[{"name":"wp","href":"https:\/\/api.w.org\/{rel}","templated":true}]}}