{"id":5112,"date":"2025-08-15T13:50:48","date_gmt":"2025-08-15T05:50:48","guid":{"rendered":"https:\/\/yume-beauty.com\/?post_type=product&#038;p=5112"},"modified":"2026-01-26T02:39:56","modified_gmt":"2026-01-25T18:39:56","slug":"bandes-de-lifting-avec-clips","status":"publish","type":"product","link":"https:\/\/yume-beauty.com\/fr\/product\/bandes-de-lifting-avec-clips\/","title":{"rendered":"Facelift Bands with Clips Adjustable V Line Face Lifting Elastic Bands"},"content":{"rendered":"<p><strong>Vente en gros de bandes de lifting avec clips<\/strong><\/p>\n<h3>Caract\u00e9ristiques du design - bandes avec clips<\/h3>\n<ul>\n<li><strong>Conception de l'\u00e9l\u00e9vateur \u00e0 double couche :<\/strong> Fournit un soutien s\u00fbr \u00e0 la peau du visage, lisse les rides et lifte instantan\u00e9ment.<\/li>\n<li><strong>Outil de beaut\u00e9 invisible :<\/strong> Cach\u00e9 sous les cheveux, n'affecte pas le maquillage, facile et pratique \u00e0 utiliser.<\/li>\n<li><strong>Effet tenseur instantan\u00e9 : <\/strong>Obtenez une peau jeune en seulement 1 seconde.<\/li>\n<li><strong>Portable et facile \u00e0 transporter :<\/strong> Conception compacte pour une utilisation en d\u00e9placement.<\/li>\n<\/ul>\n<p><a href=\"https:\/\/www.tiktok.com\/@yumebeauty1\/video\/7538241572308127031\"><img fetchpriority=\"high\" decoding=\"async\" class=\"alignnone wp-image-5131 size-medium\" src=\"https:\/\/yume-beauty.com\/wp-content\/uploads\/2025\/08\/best-facelift-bands-with-clips-adjustable-v-line-face-lifting-elastic-bands-300x300.jpg\" alt=\"bandes de lifting avec clips bandes \u00e9lastiques r\u00e9glables en V pour le lifting du visage YuMe Beauty\" width=\"300\" height=\"300\" srcset=\"https:\/\/yume-beauty.com\/wp-content\/uploads\/2025\/08\/best-facelift-bands-with-clips-adjustable-v-line-face-lifting-elastic-bands-300x300.jpg 300w, https:\/\/yume-beauty.com\/wp-content\/uploads\/2025\/08\/best-facelift-bands-with-clips-adjustable-v-line-face-lifting-elastic-bands-150x150.jpg 150w, https:\/\/yume-beauty.com\/wp-content\/uploads\/2025\/08\/best-facelift-bands-with-clips-adjustable-v-line-face-lifting-elastic-bands-768x768.jpg 768w, https:\/\/yume-beauty.com\/wp-content\/uploads\/2025\/08\/best-facelift-bands-with-clips-adjustable-v-line-face-lifting-elastic-bands-12x12.jpg 12w, https:\/\/yume-beauty.com\/wp-content\/uploads\/2025\/08\/best-facelift-bands-with-clips-adjustable-v-line-face-lifting-elastic-bands-205x205.jpg 205w, https:\/\/yume-beauty.com\/wp-content\/uploads\/2025\/08\/best-facelift-bands-with-clips-adjustable-v-line-face-lifting-elastic-bands-650x650.jpg 650w, https:\/\/yume-beauty.com\/wp-content\/uploads\/2025\/08\/best-facelift-bands-with-clips-adjustable-v-line-face-lifting-elastic-bands-60x60.jpg 60w, https:\/\/yume-beauty.com\/wp-content\/uploads\/2025\/08\/best-facelift-bands-with-clips-adjustable-v-line-face-lifting-elastic-bands-100x100.jpg 100w, https:\/\/yume-beauty.com\/wp-content\/uploads\/2025\/08\/best-facelift-bands-with-clips-adjustable-v-line-face-lifting-elastic-bands-50x50.jpg 50w, https:\/\/yume-beauty.com\/wp-content\/uploads\/2025\/08\/best-facelift-bands-with-clips-adjustable-v-line-face-lifting-elastic-bands.jpg 800w\" sizes=\"(max-width: 300px) 100vw, 300px\" \/><\/a><a href=\"https:\/\/www.instagram.com\/p\/DMKRrGLywKF\/\"><img decoding=\"async\" class=\"alignnone wp-image-5132 size-medium\" src=\"https:\/\/yume-beauty.com\/wp-content\/uploads\/2025\/08\/facelift-bands-with-clips-easy-use-300x300.jpg\" alt=\"comment utiliser les bandes de lifting avec clips bandes \u00e9lastiques de lifting du visage ajustables v line\" width=\"300\" height=\"300\" srcset=\"https:\/\/yume-beauty.com\/wp-content\/uploads\/2025\/08\/facelift-bands-with-clips-easy-use-300x300.jpg 300w, https:\/\/yume-beauty.com\/wp-content\/uploads\/2025\/08\/facelift-bands-with-clips-easy-use-150x150.jpg 150w, https:\/\/yume-beauty.com\/wp-content\/uploads\/2025\/08\/facelift-bands-with-clips-easy-use-768x768.jpg 768w, https:\/\/yume-beauty.com\/wp-content\/uploads\/2025\/08\/facelift-bands-with-clips-easy-use-12x12.jpg 12w, https:\/\/yume-beauty.com\/wp-content\/uploads\/2025\/08\/facelift-bands-with-clips-easy-use-205x205.jpg 205w, https:\/\/yume-beauty.com\/wp-content\/uploads\/2025\/08\/facelift-bands-with-clips-easy-use-650x650.jpg 650w, https:\/\/yume-beauty.com\/wp-content\/uploads\/2025\/08\/facelift-bands-with-clips-easy-use-60x60.jpg 60w, https:\/\/yume-beauty.com\/wp-content\/uploads\/2025\/08\/facelift-bands-with-clips-easy-use-100x100.jpg 100w, https:\/\/yume-beauty.com\/wp-content\/uploads\/2025\/08\/facelift-bands-with-clips-easy-use-50x50.jpg 50w, https:\/\/yume-beauty.com\/wp-content\/uploads\/2025\/08\/facelift-bands-with-clips-easy-use.jpg 800w\" sizes=\"(max-width: 300px) 100vw, 300px\" \/><\/a><\/p>\n<h4>L'outil invisible de lifting du visage permet de resserrer les rides et de lifter instantan\u00e9ment.<\/h4>\n<ul>\n<li><strong>Fabricant en gros Fourniture directe :<\/strong> Prise en charge du dropshipping, <a href=\"https:\/\/yume-beauty.com\/fr\/services-doutils-de-beaute-personnalises-oem-et-odm-2\/\">Personnalisation OEM\/ODM<\/a>et l'emballage sur mesure.<\/li>\n<li><strong>Best-seller mondial :<\/strong> Appr\u00e9ci\u00e9 par les clients du monde entier, stock facilement disponible, id\u00e9al pour les magasins de beaut\u00e9 et les achats en gros en ligne.<\/li>\n<\/ul>\n<h5>Marque officielle Fourniture directe \u00e0 l'usine<\/h5>\n<ul>\n<li>bandeau de lifting, outil de lifting facial, lifting invisible, resserrement des rides, lifting instantan\u00e9,<\/li>\n<li>outil de beaut\u00e9 portable, fournisseur grossiste, OEM\/ODM, accessoire de maquillage, appareil de soin de la peau<\/li>\n<\/ul>","protected":false},"excerpt":{"rendered":"<ul>\n<li>Liftez et raffermissez la peau de votre visage en 1 seconde.<\/li>\n<li>Ce bandeau invisible et facile \u00e0 utiliser lisse instantan\u00e9ment les rides.<\/li>\n<li>Bandes de lifting avec clips, portables, adapt\u00e9es \u00e0 un usage quotidien.<\/li>\n<\/ul>","protected":false},"featured_media":5133,"comment_status":"open","ping_status":"closed","template":"","meta":{"_monsterinsights_skip_tracking":false,"_monsterinsights_sitenote_active":false,"_monsterinsights_sitenote_note":"","_monsterinsights_sitenote_category":0},"product_brand":[],"product_cat":[72],"product_tag":[144,145,146],"giftcard-category":[],"class_list":{"0":"post-5112","1":"product","2":"type-product","3":"status-publish","4":"has-post-thumbnail","6":"product_cat-cosmetic-lifting","7":"product_tag-face-lift-headband","8":"product_tag-facial-lifting-tool","9":"product_tag-invisible-face-lift","12":"instock","13":"shipping-taxable","14":"purchasable","15":"product-type-variable","16":"product-grid-view"},"aioseo_notices":[],"tiered_pricing_type":"fixed","tiered_pricing_fixed_rules":[],"tiered_pricing_product_settings":{"layout":"default","base_unit_name":{"singular":null,"plural":null},"default_variation":null},"tiered_pricing_minimum_quantity":null,"tiered_pricing_roles_data":[],"tiered_pricing_percentage_rules":[],"_links":{"self":[{"href":"https:\/\/yume-beauty.com\/fr\/wp-json\/wp\/v2\/product\/5112","targetHints":{"allow":["GET"]}}],"collection":[{"href":"https:\/\/yume-beauty.com\/fr\/wp-json\/wp\/v2\/product"}],"about":[{"href":"https:\/\/yume-beauty.com\/fr\/wp-json\/wp\/v2\/types\/product"}],"replies":[{"embeddable":true,"href":"https:\/\/yume-beauty.com\/fr\/wp-json\/wp\/v2\/comments?post=5112"}],"wp:featuredmedia":[{"embeddable":true,"href":"https:\/\/yume-beauty.com\/fr\/wp-json\/wp\/v2\/media\/5133"}],"wp:attachment":[{"href":"https:\/\/yume-beauty.com\/fr\/wp-json\/wp\/v2\/media?parent=5112"}],"wp:term":[{"taxonomy":"product_brand","embeddable":true,"href":"https:\/\/yume-beauty.com\/fr\/wp-json\/wp\/v2\/product_brand?post=5112"},{"taxonomy":"product_cat","embeddable":true,"href":"https:\/\/yume-beauty.com\/fr\/wp-json\/wp\/v2\/product_cat?post=5112"},{"taxonomy":"product_tag","embeddable":true,"href":"https:\/\/yume-beauty.com\/fr\/wp-json\/wp\/v2\/product_tag?post=5112"},{"taxonomy":"giftcard-category","embeddable":true,"href":"https:\/\/yume-beauty.com\/fr\/wp-json\/wp\/v2\/giftcard-category?post=5112"}],"curies":[{"name":"wp","href":"https:\/\/api.w.org\/{rel}","templated":true}]}}