{"id":5213,"date":"2025-08-21T17:11:35","date_gmt":"2025-08-21T09:11:35","guid":{"rendered":"https:\/\/yume-beauty.com\/?post_type=product&#038;p=5213"},"modified":"2026-01-26T02:39:41","modified_gmt":"2026-01-25T18:39:41","slug":"bandage-amincissant-visage-v-shaper","status":"publish","type":"product","link":"https:\/\/yume-beauty.com\/fr\/product\/bandage-amincissant-visage-v-shaper\/","title":{"rendered":"Bandage amincissant pour le visage (V Shaper) R\u00e9ducteur de double menton (Double Chin)"},"content":{"rendered":"<h2>Bande amincissante en V pour le visage, ceinture de lifting en V<\/h2>\n<ul>\n<li>V Face Shaping - Lifte et raffermit la peau rel\u00e2ch\u00e9e, cr\u00e9ant une apparence plus mince et plus jeune.<\/li>\n<li>Confortable et respirant - Fabriqu\u00e9 en tissu \u00e9lastique doux pour la peau, l\u00e9ger et r\u00e9utilisable.<\/li>\n<li>Ajustement - Facile \u00e0 porter, convient \u00e0 diff\u00e9rentes formes et tailles de visage.<\/li>\n<li>Utilisation jour et nuit - A porter pendant la d\u00e9tente, le travail ou le sommeil pour un soutien continu.<\/li>\n<\/ul>\n<p><img fetchpriority=\"high\" decoding=\"async\" class=\"alignnone size-medium wp-image-5214\" src=\"https:\/\/yume-beauty.com\/wp-content\/uploads\/2025\/08\/face-v-shaper-slimming-bandage-double-chin-reducer-03-300x300.jpg\" alt=\"face v shaper slimming bandage v face lift belt\" width=\"300\" height=\"300\" srcset=\"https:\/\/yume-beauty.com\/wp-content\/uploads\/2025\/08\/face-v-shaper-slimming-bandage-double-chin-reducer-03-300x300.jpg 300w, https:\/\/yume-beauty.com\/wp-content\/uploads\/2025\/08\/face-v-shaper-slimming-bandage-double-chin-reducer-03-150x150.jpg 150w, https:\/\/yume-beauty.com\/wp-content\/uploads\/2025\/08\/face-v-shaper-slimming-bandage-double-chin-reducer-03-768x768.jpg 768w, https:\/\/yume-beauty.com\/wp-content\/uploads\/2025\/08\/face-v-shaper-slimming-bandage-double-chin-reducer-03-12x12.jpg 12w, https:\/\/yume-beauty.com\/wp-content\/uploads\/2025\/08\/face-v-shaper-slimming-bandage-double-chin-reducer-03-205x205.jpg 205w, https:\/\/yume-beauty.com\/wp-content\/uploads\/2025\/08\/face-v-shaper-slimming-bandage-double-chin-reducer-03-650x650.jpg 650w, https:\/\/yume-beauty.com\/wp-content\/uploads\/2025\/08\/face-v-shaper-slimming-bandage-double-chin-reducer-03-60x60.jpg 60w, https:\/\/yume-beauty.com\/wp-content\/uploads\/2025\/08\/face-v-shaper-slimming-bandage-double-chin-reducer-03-100x100.jpg 100w, https:\/\/yume-beauty.com\/wp-content\/uploads\/2025\/08\/face-v-shaper-slimming-bandage-double-chin-reducer-03-50x50.jpg 50w, https:\/\/yume-beauty.com\/wp-content\/uploads\/2025\/08\/face-v-shaper-slimming-bandage-double-chin-reducer-03.jpg 800w\" sizes=\"(max-width: 300px) 100vw, 300px\" \/> <img decoding=\"async\" class=\"alignnone wp-image-5215 size-medium\" src=\"https:\/\/yume-beauty.com\/wp-content\/uploads\/2025\/08\/face-v-shaper-slimming-bandage-double-chin-reducer-05-300x300.jpg\" alt=\"face v shaper slimming bandage v face lift belt\" width=\"300\" height=\"300\" srcset=\"https:\/\/yume-beauty.com\/wp-content\/uploads\/2025\/08\/face-v-shaper-slimming-bandage-double-chin-reducer-05-300x300.jpg 300w, https:\/\/yume-beauty.com\/wp-content\/uploads\/2025\/08\/face-v-shaper-slimming-bandage-double-chin-reducer-05-150x150.jpg 150w, https:\/\/yume-beauty.com\/wp-content\/uploads\/2025\/08\/face-v-shaper-slimming-bandage-double-chin-reducer-05-768x768.jpg 768w, https:\/\/yume-beauty.com\/wp-content\/uploads\/2025\/08\/face-v-shaper-slimming-bandage-double-chin-reducer-05-12x12.jpg 12w, https:\/\/yume-beauty.com\/wp-content\/uploads\/2025\/08\/face-v-shaper-slimming-bandage-double-chin-reducer-05-205x205.jpg 205w, https:\/\/yume-beauty.com\/wp-content\/uploads\/2025\/08\/face-v-shaper-slimming-bandage-double-chin-reducer-05-650x650.jpg 650w, https:\/\/yume-beauty.com\/wp-content\/uploads\/2025\/08\/face-v-shaper-slimming-bandage-double-chin-reducer-05-60x60.jpg 60w, https:\/\/yume-beauty.com\/wp-content\/uploads\/2025\/08\/face-v-shaper-slimming-bandage-double-chin-reducer-05-100x100.jpg 100w, https:\/\/yume-beauty.com\/wp-content\/uploads\/2025\/08\/face-v-shaper-slimming-bandage-double-chin-reducer-05-50x50.jpg 50w, https:\/\/yume-beauty.com\/wp-content\/uploads\/2025\/08\/face-v-shaper-slimming-bandage-double-chin-reducer-05.jpg 800w\" sizes=\"(max-width: 300px) 100vw, 300px\" \/> <img decoding=\"async\" class=\"alignnone wp-image-5216 size-medium\" src=\"https:\/\/yume-beauty.com\/wp-content\/uploads\/2025\/08\/how-to-use-face-v-shaper-slimming-bandage-double-chin-reducer-300x300.jpg\" alt=\"face v shaper slimming bandage v face lift belt\" width=\"300\" height=\"300\" srcset=\"https:\/\/yume-beauty.com\/wp-content\/uploads\/2025\/08\/how-to-use-face-v-shaper-slimming-bandage-double-chin-reducer-300x300.jpg 300w, https:\/\/yume-beauty.com\/wp-content\/uploads\/2025\/08\/how-to-use-face-v-shaper-slimming-bandage-double-chin-reducer-150x150.jpg 150w, https:\/\/yume-beauty.com\/wp-content\/uploads\/2025\/08\/how-to-use-face-v-shaper-slimming-bandage-double-chin-reducer-768x768.jpg 768w, https:\/\/yume-beauty.com\/wp-content\/uploads\/2025\/08\/how-to-use-face-v-shaper-slimming-bandage-double-chin-reducer-12x12.jpg 12w, https:\/\/yume-beauty.com\/wp-content\/uploads\/2025\/08\/how-to-use-face-v-shaper-slimming-bandage-double-chin-reducer-205x205.jpg 205w, https:\/\/yume-beauty.com\/wp-content\/uploads\/2025\/08\/how-to-use-face-v-shaper-slimming-bandage-double-chin-reducer-650x650.jpg 650w, https:\/\/yume-beauty.com\/wp-content\/uploads\/2025\/08\/how-to-use-face-v-shaper-slimming-bandage-double-chin-reducer-60x60.jpg 60w, https:\/\/yume-beauty.com\/wp-content\/uploads\/2025\/08\/how-to-use-face-v-shaper-slimming-bandage-double-chin-reducer-100x100.jpg 100w, https:\/\/yume-beauty.com\/wp-content\/uploads\/2025\/08\/how-to-use-face-v-shaper-slimming-bandage-double-chin-reducer-50x50.jpg 50w, https:\/\/yume-beauty.com\/wp-content\/uploads\/2025\/08\/how-to-use-face-v-shaper-slimming-bandage-double-chin-reducer.jpg 800w\" sizes=\"(max-width: 300px) 100vw, 300px\" \/><\/p>\n<h3>Bande de massage facial en V pour raffermir et remodeler les contours du visage<\/h3>\n<ul>\n<li>Cette ceinture Lift Up enveloppe d\u00e9licatement le menton et les joues, favorisant le resserrement de la peau, r\u00e9duisant le double menton et am\u00e9liorant le contour du visage.<\/li>\n<li>En tant que fabricant direct, nous offrons une qualit\u00e9 sup\u00e9rieure, des prix de gros et des stocks importants avec une livraison rapide dans le monde entier.<\/li>\n<\/ul>","protected":false},"excerpt":{"rendered":"<ul>\n<li>Amincissez votre visage, augmentez votre confiance en vous - le bandage amincissant ultime pour les amoureux de la beaut\u00e9 dans le monde entier !<\/li>\n<li>Ceinture de lifting en V, massage facial amincissant pour raffermir et remodeler les contours.<\/li>\n<\/ul>","protected":false},"featured_media":5217,"comment_status":"open","ping_status":"closed","template":"","meta":{"_monsterinsights_skip_tracking":false,"_monsterinsights_sitenote_active":false,"_monsterinsights_sitenote_note":"","_monsterinsights_sitenote_category":0},"product_brand":[],"product_cat":[72],"product_tag":[177,174,176,175,178],"giftcard-category":[],"class_list":{"0":"post-5213","1":"product","2":"type-product","3":"status-publish","4":"has-post-thumbnail","6":"product_cat-cosmetic-lifting","7":"product_tag-double-chin-reducer","8":"product_tag-v-face-lift-belt","9":"product_tag-v-face-shaper","10":"product_tag-v-shaped-face","11":"product_tag-wholesale-beauty-tools","14":"instock","15":"shipping-taxable","16":"purchasable","17":"product-type-simple","18":"product-grid-view"},"aioseo_notices":[],"tiered_pricing_type":"fixed","tiered_pricing_fixed_rules":{"10":3},"tiered_pricing_product_settings":{"layout":"default","base_unit_name":{"singular":null,"plural":null},"default_variation":null},"tiered_pricing_minimum_quantity":null,"tiered_pricing_roles_data":[],"tiered_pricing_percentage_rules":[],"_links":{"self":[{"href":"https:\/\/yume-beauty.com\/fr\/wp-json\/wp\/v2\/product\/5213","targetHints":{"allow":["GET"]}}],"collection":[{"href":"https:\/\/yume-beauty.com\/fr\/wp-json\/wp\/v2\/product"}],"about":[{"href":"https:\/\/yume-beauty.com\/fr\/wp-json\/wp\/v2\/types\/product"}],"replies":[{"embeddable":true,"href":"https:\/\/yume-beauty.com\/fr\/wp-json\/wp\/v2\/comments?post=5213"}],"wp:featuredmedia":[{"embeddable":true,"href":"https:\/\/yume-beauty.com\/fr\/wp-json\/wp\/v2\/media\/5217"}],"wp:attachment":[{"href":"https:\/\/yume-beauty.com\/fr\/wp-json\/wp\/v2\/media?parent=5213"}],"wp:term":[{"taxonomy":"product_brand","embeddable":true,"href":"https:\/\/yume-beauty.com\/fr\/wp-json\/wp\/v2\/product_brand?post=5213"},{"taxonomy":"product_cat","embeddable":true,"href":"https:\/\/yume-beauty.com\/fr\/wp-json\/wp\/v2\/product_cat?post=5213"},{"taxonomy":"product_tag","embeddable":true,"href":"https:\/\/yume-beauty.com\/fr\/wp-json\/wp\/v2\/product_tag?post=5213"},{"taxonomy":"giftcard-category","embeddable":true,"href":"https:\/\/yume-beauty.com\/fr\/wp-json\/wp\/v2\/giftcard-category?post=5213"}],"curies":[{"name":"wp","href":"https:\/\/api.w.org\/{rel}","templated":true}]}}