{"id":4463,"date":"2025-04-18T14:33:00","date_gmt":"2025-04-18T06:33:00","guid":{"rendered":"https:\/\/yume-beauty.com\/?page_id=4463"},"modified":"2025-04-22T14:17:00","modified_gmt":"2025-04-22T06:17:00","slug":"politica-di-spedizione","status":"publish","type":"page","link":"https:\/\/yume-beauty.com\/it\/politica-di-spedizione\/","title":{"rendered":"Politica di spedizione"},"content":{"rendered":"<div data-elementor-type=\"wp-page\" data-elementor-id=\"4463\" class=\"elementor elementor-4463\">\n\t\t\t\t<div class=\"elementor-element elementor-element-76e7187 e-flex e-con-boxed e-con e-parent\" data-id=\"76e7187\" data-element_type=\"container\">\n\t\t\t\t\t<div class=\"e-con-inner\">\n\t\t\t\t<div class=\"elementor-element elementor-element-e6bd0d4 elementor-widget elementor-widget-text-editor\" data-id=\"e6bd0d4\" data-element_type=\"widget\" data-settings=\"{&quot;wdt_animation_effect&quot;:&quot;none&quot;}\" data-widget_type=\"text-editor.default\">\n\t\t\t\t<div class=\"elementor-widget-container\">\n\t\t\t\t\t\t\t\t\t<p><a href=\"https:\/\/yume-beauty.com\/it\/?elementor_library=default-kit-2\"><strong>YumeBeauty<\/strong><\/a> si impegna a fornire ai propri clienti servizi di consegna efficienti e affidabili. Di seguito viene descritta la nostra politica di consegna, che si applica a tutti i clienti all'ingrosso che effettuano ordini tramite il sito web ufficiale o i canali ufficiali.<\/p><h2>I. Metodo di spedizione<\/h2><p>Spediremo tramite pacco internazionale\/EMS\/DHL\/UPS\/TNT\/FedEx o via mare se il volume dell'ordine \u00e8 superiore a 1 metro cubo, a seconda del luogo di residenza.<\/p><h2><b>II. <\/b>Sconti per l'affrancatura<\/h2><p>Siamo VIP della maggior parte dei corrieri internazionali e possiamo godere di tariffe di spedizione pi\u00f9 vantaggiose. Ad esempio, siamo VIP di FEDEX e possiamo godere di 35% di sconto di FEDEX (3 giorni di consegna per FEDX IP, 5 giorni di consegna per FedEx IE); siamo anche VIP di DHL e possiamo godere di 35% di sconto di DHL (3-5 giorni di consegna).<\/p><h2>III. Tempi di spedizione e consegna<\/h2><p>Una volta accettato l'ordine, il nostro obiettivo \u00e8 quello di consegnare gli articoli entro 3 - 5 giorni lavorativi; per i prodotti personalizzati sono necessari altri 7-10 giorni lavorativi per la produzione, mentre per gli ordini in blocco di 1000 pezzi o pi\u00f9 possono essere necessari altri 10-15 giorni lavorativi.<\/p><p>Riceverete un'e-mail di notifica non appena la spedizione sar\u00e0 stata effettuata. Potete anche seguire e visualizzare il vostro ordine su:<\/p><p><strong>https:\/\/www.dhl.com<\/strong><\/p><p><strong>https:\/\/www.fedex.com<\/strong><\/p><p><strong>https:\/\/www.ups.com<\/strong><\/p><p>Generalmente, la spedizione UPS in tutto il mondo richiede 3-4 giorni lavorativi, la spedizione TNT\/DHL in tutto il mondo richiede 3-5 giorni lavorativi, a seconda di dove si vive.FedEx IP spedizione in tutto il mondo richiede 3-5 giorni lavorativi, FedEx IE spedizione in tutto il mondo richiede 5-7 giorni, a seconda di dove si vive.<\/p><p>I pacchi possono subire ritardi a causa di articoli esauriti. La sostituzione richiede solitamente dai 3 ai 15 giorni. Quando un articolo \u00e8 esaurito, vi invieremo un'e-mail e non sar\u00e0 fatto nulla finch\u00e9 non risponderete. Possiamo offrirvi un cambio o annullare il servizio in base ai vostri desideri.<\/p><h2>IV. Calcolo dell'affrancatura<\/h2><p>Le spese di spedizione sono calcolate in base al peso, quindi pi\u00f9 si acquista, pi\u00f9 si risparmia! Ad esempio, FedEx applica quasi lo stesso prezzo per 1 articolo e 5 articoli nello stesso pacco. Pi\u00f9 pesante \u00e8 il pacco, pi\u00f9 basso \u00e8 il costo di spedizione per chilogrammo.<\/p><h2>V. Spese di spedizione<\/h2><p>Il costo della spedizione dipende dal peso, dal metodo di consegna (DHL, TNT, UPS, FedEx o Ocean) e dal paese di destinazione. Potete scegliere la societ\u00e0 di spedizione che preferite e noi controlleremo tutti i corrieri e vi consiglieremo il metodo di spedizione pi\u00f9 adatto a voi. Se non siete soddisfatti delle nostre tariffe di spedizione, non esitate a contattarci via e-mail all'indirizzo <strong>info@yume-silm.com<\/strong>.<\/p><h2>VI. Consegne ritardate\/smarrite<\/h2><p>Se il pacco \u00e8 in ritardo, vi preghiamo di contattarci con l'ID dell'ordine e il numero di tracciamento che vi abbiamo inviato per e-mail. Se il pacco non arriva, possiamo rispedire l'ordine o offrire un buono sconto solo dopo che l'ufficio postale lo avr\u00e0 classificato come \"smarrito nella posta\".<\/p><ul><li>Si noti che di solito l'ufficio postale impiega diversi mesi per indagare su un problema di posta smarrita.<\/li><li>Se non c'\u00e8 nessuno disponibile ad accettare la consegna, il pacco verr\u00e0 rispedito all'ufficio di smistamento locale.<\/li><li>Si prega di ricontrollare le informazioni sulla consegna al momento del checkout del carrello. <a href=\"https:\/\/yume-beauty.com\/it\/?elementor_library=default-kit-2\"><strong>YumeBeauty<\/strong><\/a> non \u00e8 responsabile di ritardi o smarrimenti dei pacchi, compresi ritardi o trattenute doganali, indirizzi di spedizione incompleti e altre circostanze.<\/li><\/ul><p><strong>Grazie per la vostra comprensione.<\/strong><\/p>\t\t\t\t\t\t\t\t<\/div>\n\t\t\t\t<\/div>\n\t\t\t\t\t<\/div>\n\t\t\t\t<\/div>\n\t\t<div class=\"elementor-element elementor-element-b94d8e9 e-flex e-con-boxed e-con e-parent\" data-id=\"b94d8e9\" data-element_type=\"container\">\n\t\t\t\t\t<div class=\"e-con-inner\">\n\t\t\t\t\t<\/div>\n\t\t\t\t<\/div>\n\t\t\t\t<\/div>","protected":false},"excerpt":{"rendered":"<p>YumeBeauty is committed to providing our customers with efficient and reliable delivery services. Below is a description of our delivery policy, which applies to all wholesale customers who place orders through the official website or official channels. I. Shipping method We will ship by International Parcel\/EMS\/DHL\/UPS\/TNT\/FedEx or we will ship by sea if the volume [&hellip;]<\/p>","protected":false},"author":1,"featured_media":0,"parent":0,"menu_order":0,"comment_status":"closed","ping_status":"closed","template":"","meta":{"_monsterinsights_skip_tracking":false,"_monsterinsights_sitenote_active":false,"_monsterinsights_sitenote_note":"","_monsterinsights_sitenote_category":0,"footnotes":""},"class_list":["post-4463","page","type-page","status-publish","hentry"],"aioseo_notices":[],"_links":{"self":[{"href":"https:\/\/yume-beauty.com\/it\/wp-json\/wp\/v2\/pages\/4463","targetHints":{"allow":["GET"]}}],"collection":[{"href":"https:\/\/yume-beauty.com\/it\/wp-json\/wp\/v2\/pages"}],"about":[{"href":"https:\/\/yume-beauty.com\/it\/wp-json\/wp\/v2\/types\/page"}],"author":[{"embeddable":true,"href":"https:\/\/yume-beauty.com\/it\/wp-json\/wp\/v2\/users\/1"}],"replies":[{"embeddable":true,"href":"https:\/\/yume-beauty.com\/it\/wp-json\/wp\/v2\/comments?post=4463"}],"version-history":[{"count":10,"href":"https:\/\/yume-beauty.com\/it\/wp-json\/wp\/v2\/pages\/4463\/revisions"}],"predecessor-version":[{"id":4585,"href":"https:\/\/yume-beauty.com\/it\/wp-json\/wp\/v2\/pages\/4463\/revisions\/4585"}],"wp:attachment":[{"href":"https:\/\/yume-beauty.com\/it\/wp-json\/wp\/v2\/media?parent=4463"}],"curies":[{"name":"wp","href":"https:\/\/api.w.org\/{rel}","templated":true}]}}