{"id":4471,"date":"2025-04-18T17:03:35","date_gmt":"2025-04-18T09:03:35","guid":{"rendered":"https:\/\/yume-beauty.com\/?page_id=4471"},"modified":"2025-04-22T14:21:58","modified_gmt":"2025-04-22T06:21:58","slug":"condizioni-di-servizio","status":"publish","type":"page","link":"https:\/\/yume-beauty.com\/it\/condizioni-di-servizio\/","title":{"rendered":"Termini di servizio"},"content":{"rendered":"<div data-elementor-type=\"wp-page\" data-elementor-id=\"4471\" class=\"elementor elementor-4471\">\n\t\t\t\t<div class=\"elementor-element elementor-element-f2e9c98 e-flex e-con-boxed e-con e-parent\" data-id=\"f2e9c98\" data-element_type=\"container\">\n\t\t\t\t\t<div class=\"e-con-inner\">\n\t\t\t\t<div class=\"elementor-element elementor-element-e6f58a2 elementor-widget elementor-widget-text-editor\" data-id=\"e6f58a2\" data-element_type=\"widget\" data-settings=\"{&quot;wdt_animation_effect&quot;:&quot;none&quot;}\" data-widget_type=\"text-editor.default\">\n\t\t\t\t<div class=\"elementor-widget-container\">\n\t\t\t\t\t\t\t\t\t<p>Benvenuti a <strong>https:\/\/yume-beauty.com\/<\/strong> (\"noi\" o \"ci\" o \"nostro\"). Si prega di leggere attentamente i seguenti termini di servizio (\"Termini\") prima di accedere e utilizzare il Sito e i servizi da noi forniti. Accedendo, registrandosi, acquistando o utilizzando in altro modo il Sito, si ritiene che l'utente abbia letto, compreso e accettato di essere vincolato dai presenti Termini. I presenti Termini di servizio si applicano a tutti gli utenti del Sito, compresi, a titolo esemplificativo, spettatori, fornitori, clienti, commercianti e\/o collaboratori di contenuti.<\/p><h2>\u2160. Prodotti e ordini<\/h2><p>Tutte le informazioni sui prodotti (ad es. prezzo, stock, descrizione) sono soggette all'annuncio in tempo reale su questo sito web.<\/p><p>Inviando un ordine, l'utente conferma che l'intenzione di acquisto e le informazioni fornite (come l'indirizzo di spedizione e il metodo di pagamento) sono accurate.<\/p><p><a href=\"https:\/\/yume-beauty.com\/it\/?elementor_library=default-kit-2\"><strong>YumeBeauty<\/strong><\/a> si riserva il diritto di rifiutare o annullare gli ordini (compresi quelli a pagamento) a causa di scorte, errori di sistema o altre circostanze particolari. In caso di rimborso, comunicheremo con voi e lo elaboreremo tempestivamente.<\/p><p>In caso di modifica o annullamento di un ordine, possiamo tentare di informare l'utente tramite l'e-mail o l'indirizzo di fatturazione o il numero di telefono forniti al momento dell'ordine. Ci riserviamo il diritto di limitare o vietare gli ordini che, a nostro esclusivo giudizio, sembrano essere stati effettuati da un commerciante, rivenditore o distributore. L'utente accetta di fornire informazioni aggiornate, complete e accurate sull'acquisto e sull'account per tutti gli acquisti effettuati nel nostro negozio. L'utente accetta di aggiornare tempestivamente il proprio account e altre informazioni, tra cui l'indirizzo e-mail e il numero e la data di scadenza della carta di credito, in modo da consentirci di completare la transazione e di contattarlo in caso di necessit\u00e0.<\/p><p>Per informazioni pi\u00f9 dettagliate, consultare il nostro <a href=\"https:\/\/yume-beauty.com\/it\/?page_id=4451\"><strong><b>Politica di restituzione<\/b><\/strong><\/a>.<\/p><h2>\u2161. Pagamento e consegna<\/h2><p>I clienti devono seguire le linee guida del sito web per completare il processo di pagamento; i metodi di pagamento supportati sono soggetti alle opzioni effettivamente disponibili.<\/p><p>L'ordine sar\u00e0 considerato valido solo dopo l'avvenuto pagamento e la merce sar\u00e0 spedita entro i tempi concordati.<\/p><p>Le informazioni sulla spedizione (societ\u00e0 di logistica, numero unico del corriere, ecc.) saranno comunicate al cliente attraverso il sistema o il servizio clienti.<\/p><h2>\u2162.Resi e rimborsi<\/h2><p>Per i servizi di restituzione e rimborso, consultare la nostra Politica di restituzione e rimborso. In caso di contestazione del prodotto, si prega di contattare il servizio clienti post-vendita entro 7 giorni dalla ricezione della merce per risolvere il problema.<\/p><h2>\u2163. Limitazioni d'uso<\/h2><p>Non \u00e8 consentito utilizzare questo sito web per mettere in atto i seguenti comportamenti:<\/p><p>Pubblicare informazioni false, illegali o che violano i diritti e gli interessi di altri.<\/p><p>Interferiscono con il normale funzionamento del sito web e con la sicurezza del sistema.<\/p><p>Acquisizione non autorizzata dei dati del sito web per piattaforme di terzi.<\/p><p>Altri comportamenti che violano le leggi e i regolamenti nazionali, l'ordine pubblico e la morale.<\/p><p>In caso di violazione delle disposizioni di cui sopra, abbiamo il diritto di sospendere il servizio, chiudere l'account e riservarci il diritto di perseguire la responsabilit\u00e0 legale.<\/p><h2>\u2164. Diritti di propriet\u00e0 intellettuale<\/h2><p>Tutti i contenuti di questo sito web (compresi, ma non solo, testi, immagini, LOGO, design delle confezioni dei prodotti, ecc.) sono di propriet\u00e0 di YumeBeauty o sono stati autorizzati dalla relativa tutela legale.<\/p><p>Senza autorizzazione, qualsiasi unit\u00e0 o individuo non pu\u00f2 essere copiato, riprodotto, modificato o utilizzato per scopi commerciali.<\/p><h2>\u2165. Link di terze parti<\/h2><p>Alcuni dei contenuti, prodotti e servizi offerti attraverso i nostri Servizi possono contenere materiale di terzi.<\/p><p>I link di terze parti presenti sul Sito possono indirizzare l'utente a siti web di terze parti che non sono affiliati a noi. Non siamo responsabili della revisione o della valutazione del contenuto o dell'accuratezza, e non garantiamo e non saremo responsabili per i materiali o i siti web di terzi, o per qualsiasi altro materiale, prodotto o servizio di terzi. Non siamo responsabili di eventuali danni o perdite derivanti dall'acquisto o dall'utilizzo di beni, servizi, risorse, contenuti o altre transazioni su siti web di terzi. Si prega di leggere attentamente le politiche e le pratiche di terzi e di assicurarsi di averle comprese prima di effettuare qualsiasi transazione. Reclami, reclami, dubbi o domande riguardanti prodotti di terzi devono essere indirizzati a questi ultimi.<\/p><h2>\u2166. Commenti degli utenti, feedback e altro<\/h2><p>Che si tratti di commenti online, via e-mail, per posta o in altro modo (collettivamente, \"Commenti\"), l'utente accetta che possiamo modificare, copiare, pubblicare, distribuire, tradurre e utilizzare in altro modo qualsiasi Commento inviatoci in qualsiasi momento e senza limitazioni.<\/p><p>Non abbiamo alcun obbligo di (1) mantenere la riservatezza dei Commenti, (2) indennizzare l'utente per i Commenti o (3) rispondere ai Commenti.<\/p><p>Possiamo, ma non siamo obbligati a, monitorare, modificare o rimuovere i Contenuti che riteniamo, a nostra esclusiva discrezione, illegali, offensivi, minacciosi, calunniosi, diffamatori, pornografici, osceni o altrimenti discutibili, o che violano i diritti di propriet\u00e0 intellettuale di qualsiasi parte o i presenti Termini di servizio.<\/p><p>L'utente accetta che i suoi Commenti non violino i diritti di terzi, compresi i diritti d'autore, i marchi commerciali, la privacy, i diritti della personalit\u00e0 o altri diritti personali o di propriet\u00e0. Accettate inoltre che i vostri Commenti non contengano materiale diffamatorio o altrimenti illegale, abusivo o osceno, n\u00e9 contengano virus informatici o altri software dannosi che possano in qualche modo compromettere il funzionamento del Servizio o di qualsiasi sito web correlato. L'utente non utilizzer\u00e0 un indirizzo e-mail falso, non impersoner\u00e0 un'altra persona e non inganner\u00e0 in altro modo noi o terzi sull'origine dei Commenti. L'utente \u00e8 l'unico responsabile dei Commenti pubblicati e della loro accuratezza. Noi non siamo responsabili dei commenti pubblicati dall'utente o da terzi.<\/p><h2>\u2167. Informazioni personali<\/h2><p>I dati personali forniti dall'utente attraverso il Negozio sono protetti dalla nostra Informativa sulla privacy. Si prega di consultare la nostra Informativa sulla privacy.<\/p><h2>\u2168. Errori generali<\/h2><p>Occasionalmente, le informazioni presenti sul Sito o sui Servizi possono contenere errori tipografici, imprecisioni o omissioni relative a descrizioni dei prodotti, prezzi, promozioni, offerte, spese di spedizione dei prodotti, tempi di spedizione e disponibilit\u00e0. Ci riserviamo il diritto di correggere eventuali errori, imprecisioni o omissioni e di modificare o aggiornare le informazioni o annullare gli ordini in qualsiasi momento senza preavviso (anche dopo l'inoltro dell'ordine). Non abbiamo alcun obbligo di aggiornare, modificare o chiarire le informazioni (incluse, a titolo esemplificativo, le informazioni sui prezzi) sui Servizi o su qualsiasi sito web correlato, salvo nei casi previsti dalla legge.<\/p><h2>\u2169. Legge applicabile<\/h2><p>I presenti Termini di servizio e qualsiasi accordo separato in base al quale forniamo servizi all'utente saranno disciplinati e interpretati in conformit\u00e0 alle leggi della Cina.<\/p><h2>XI. Modifiche ai Termini di servizio<\/h2><p>\u00c8 possibile consultare l'ultima versione dei Termini di servizio in qualsiasi momento su questa pagina.<\/p><p>Ci riserviamo il diritto, a nostra esclusiva discrezione, di aggiornare, modificare o sostituire qualsiasi parte dei presenti Termini di servizio pubblicando aggiornamenti e modifiche sul nostro sito web. \u00c8 responsabilit\u00e0 dell'utente controllare periodicamente il nostro sito web per verificare eventuali modifiche. L'uso continuato o l'accesso al nostro sito web o ai nostri servizi dopo la pubblicazione di eventuali modifiche ai presenti Termini di servizio costituisce l'accettazione di tali modifiche.<\/p><p>Le domande sui Termini di servizio devono essere inviate a\u00a0<strong>info@yume-silm.com<\/strong><\/p>\t\t\t\t\t\t\t\t<\/div>\n\t\t\t\t<\/div>\n\t\t\t\t\t<\/div>\n\t\t\t\t<\/div>\n\t\t\t\t<\/div>","protected":false},"excerpt":{"rendered":"<p>Welcome to https:\/\/yume-beauty.com\/ (\u201cus\u201d or \u201cwe\u201d or \u201cour\u201d). Please read the following terms of service (\u201cTerms\u201d) carefully before you access and use the Site and the services we provide. By accessing, registering, purchasing or otherwise using the Site, you are deemed to have read, understood and agreed to be bound by these Terms. These Terms [&hellip;]<\/p>","protected":false},"author":1,"featured_media":0,"parent":0,"menu_order":0,"comment_status":"closed","ping_status":"closed","template":"","meta":{"_monsterinsights_skip_tracking":false,"_monsterinsights_sitenote_active":false,"_monsterinsights_sitenote_note":"","_monsterinsights_sitenote_category":0,"footnotes":""},"class_list":["post-4471","page","type-page","status-publish","hentry"],"aioseo_notices":[],"_links":{"self":[{"href":"https:\/\/yume-beauty.com\/it\/wp-json\/wp\/v2\/pages\/4471","targetHints":{"allow":["GET"]}}],"collection":[{"href":"https:\/\/yume-beauty.com\/it\/wp-json\/wp\/v2\/pages"}],"about":[{"href":"https:\/\/yume-beauty.com\/it\/wp-json\/wp\/v2\/types\/page"}],"author":[{"embeddable":true,"href":"https:\/\/yume-beauty.com\/it\/wp-json\/wp\/v2\/users\/1"}],"replies":[{"embeddable":true,"href":"https:\/\/yume-beauty.com\/it\/wp-json\/wp\/v2\/comments?post=4471"}],"version-history":[{"count":10,"href":"https:\/\/yume-beauty.com\/it\/wp-json\/wp\/v2\/pages\/4471\/revisions"}],"predecessor-version":[{"id":4591,"href":"https:\/\/yume-beauty.com\/it\/wp-json\/wp\/v2\/pages\/4471\/revisions\/4591"}],"wp:attachment":[{"href":"https:\/\/yume-beauty.com\/it\/wp-json\/wp\/v2\/media?parent=4471"}],"curies":[{"name":"wp","href":"https:\/\/api.w.org\/{rel}","templated":true}]}}