{"id":4570,"date":"2025-04-22T13:47:26","date_gmt":"2025-04-22T05:47:26","guid":{"rendered":"https:\/\/yume-beauty.com\/?page_id=4570"},"modified":"2025-04-22T13:55:59","modified_gmt":"2025-04-22T05:55:59","slug":"processo-a-marchio-privato","status":"publish","type":"page","link":"https:\/\/yume-beauty.com\/it\/processo-a-marchio-privato\/","title":{"rendered":"Processo del marchio privato"},"content":{"rendered":"<div data-elementor-type=\"wp-page\" data-elementor-id=\"4570\" class=\"elementor elementor-4570\">\n\t\t\t\t<div class=\"elementor-element elementor-element-10cd095 e-flex e-con-boxed e-con e-parent\" data-id=\"10cd095\" data-element_type=\"container\">\n\t\t\t\t\t<div class=\"e-con-inner\">\n\t\t\t\t<div class=\"elementor-element elementor-element-fe54a24 elementor-widget elementor-widget-image\" data-id=\"fe54a24\" data-element_type=\"widget\" data-settings=\"{&quot;wdt_animation_effect&quot;:&quot;none&quot;}\" data-widget_type=\"image.default\">\n\t\t\t\t<div class=\"elementor-widget-container\">\n\t\t\t\t\t\t\t\t\t\t\t\t\t\t\t<img fetchpriority=\"high\" decoding=\"async\" width=\"1200\" height=\"425\" src=\"https:\/\/yume-beauty.com\/wp-content\/uploads\/2025\/04\/about-YumeBeauty-private-label-process-for-makeup-tools.jpg\" class=\"attachment-full size-full wp-image-4572\" alt=\"Processo di private label per gli strumenti per il trucco\" srcset=\"https:\/\/yume-beauty.com\/wp-content\/uploads\/2025\/04\/about-YumeBeauty-private-label-process-for-makeup-tools.jpg 1200w, https:\/\/yume-beauty.com\/wp-content\/uploads\/2025\/04\/about-YumeBeauty-private-label-process-for-makeup-tools-300x106.jpg 300w, https:\/\/yume-beauty.com\/wp-content\/uploads\/2025\/04\/about-YumeBeauty-private-label-process-for-makeup-tools-1024x363.jpg 1024w, https:\/\/yume-beauty.com\/wp-content\/uploads\/2025\/04\/about-YumeBeauty-private-label-process-for-makeup-tools-768x272.jpg 768w, https:\/\/yume-beauty.com\/wp-content\/uploads\/2025\/04\/about-YumeBeauty-private-label-process-for-makeup-tools-1000x354.jpg 1000w\" sizes=\"(max-width: 1200px) 100vw, 1200px\" \/>\t\t\t\t\t\t\t\t\t\t\t\t\t\t\t<\/div>\n\t\t\t\t<\/div>\n\t\t\t\t\t<\/div>\n\t\t\t\t<\/div>\n\t\t<div class=\"elementor-element elementor-element-861d1f7 e-flex e-con-boxed e-con e-parent\" data-id=\"861d1f7\" data-element_type=\"container\">\n\t\t\t\t\t<div class=\"e-con-inner\">\n\t\t\t\t<div class=\"elementor-element elementor-element-8622e74 elementor-widget elementor-widget-text-editor\" data-id=\"8622e74\" data-element_type=\"widget\" data-settings=\"{&quot;wdt_animation_effect&quot;:&quot;none&quot;}\" data-widget_type=\"text-editor.default\">\n\t\t\t\t<div class=\"elementor-widget-container\">\n\t\t\t\t\t\t\t\t\t<p><a href=\"https:\/\/yume-beauty.com\/it\/?elementor_library=default-kit-2\">YumeBeauty<\/a> \u00e8 un produttore all'ingrosso specializzato in strumenti cosmetici e i nostri prodotti brevettati sono realizzati con materiali di prima qualit\u00e0 e artigianalit\u00e0. Con una quantit\u00e0 minima d'ordine di soli 50 pezzi, rendiamo facile per i marchi creare prodotti personalizzati e di alta qualit\u00e0.<\/p><h2><strong><b>1. Scegliere <\/b><\/strong><strong><b>Y<\/b><\/strong><strong><b>nostro <\/b><\/strong><strong><b>F<\/b><\/strong><strong><b>avorite <\/b><\/strong><strong><b>S<\/b><\/strong><strong><b>stile<\/b><\/strong><\/h2><p>Selezionate uno o pi\u00f9 modelli, oppure i nostri modelli caldi o i nuovi stili di design.<\/p><p>Se ce lo chiedete, vi consiglieremo il nostro social media ufficiale che testa il miglior stile di traffico per voi.<\/p><h2><strong><b>2. Progettazione <\/b><\/strong><strong><b>Y<\/b><\/strong><strong><b>nostro <\/b><\/strong><strong><b>O<\/b><\/strong><strong><b>wn <\/b><\/strong><strong><b>B<\/b><\/strong><strong><b>rand <\/b><\/strong><strong><b>N<\/b><\/strong><strong><b>ame a <\/b><\/strong><strong><b>Y<\/b><\/strong><strong><b>nostro <\/b><\/strong><strong><b>S<\/b><\/strong><strong><b>soddisfazione<\/b><\/strong><\/h2><p>Il riconoscimento del marchio \u00e8 fondamentale per il vostro business della bellezza!<\/p><p>Se siete agli inizi, fateci sapere se avete un'idea e uno dei nostri designer professionisti vi aiuter\u00e0 a lavorare insieme per creare un marchio che vi soddisfi.<\/p><p>Naturalmente, potete sempre utilizzare il nome del vostro negozio di trucchi come logo del marchio privato.<\/p><p>Se avete gi\u00e0 un logo, potete inviarcelo via e-mail e potremo iniziare subito a elaborare il vostro ordine.<\/p><h2><strong><b>3. Circa <\/b><\/strong><strong><b>P<\/b><\/strong><strong><b>privato <\/b><\/strong><strong><b>L<\/b><\/strong><strong><b>abele <\/b><\/strong><strong><b>O<\/b><\/strong><strong><b>rders<\/b><\/strong><\/h2><p>Potete scegliere direttamente i vostri prodotti preferiti sul nostro sito web, effettuare direttamente l'ordine e noi provvederemo immediatamente ad organizzarlo per voi.<\/p><p>Se non sapete come operare sul nostro sito web o volete risparmiare tempo, potete inviare l'elenco dei prodotti e l'immagine del logo al servizio clienti privato; emetteremo una fattura per voi, dovrete solo controllare i dettagli della fattura e pagare.<\/p><p>Naturalmente, se avete idee di personalizzazione, o un nuovo design del pacchetto o la sostituzione di altri imballaggi, ecc, si prega di contattare il nostro servizio clienti privato direttamente, saremo lieti di aiutarvi.<\/p><h2><strong><b>4. Pagamento per gli ordini di marchi privati<\/b><\/strong><\/h2><p>Tutti gli ordini di strumenti per il trucco a marchio privato richiedono il pagamento completo prima di poter iniziare l'elaborazione dell'ordine.<\/p><p>Vi preghiamo di comprendere che una volta che il vostro logo \u00e8 stato impresso sugli strumenti per il trucco o sulla confezione, non saremo in grado di vendere o rivendere questi articoli ad altri clienti.<\/p><p>Vi assicuriamo che collaboreremo incondizionatamente con voi per tutte le questioni riguardanti la qualit\u00e0 o la rottura del prodotto.<\/p><h2><strong><b>5. Informazioni sulla conferma dell'ordine e sulla produzione del marchio privato<\/b><\/strong><\/h2><p>Una volta ricevuto l'ordine completo, i nostri designer creeranno un design adatto alle vostre esigenze e vi mostreranno le immagini del design attraverso il servizio clienti privato.<\/p><p>Una volta ricevuta la conferma completa, il modello verr\u00e0 inviato alla fabbrica per la stampa.<\/p><p>Si prega di notare che una volta che il modello \u00e8 stato inviato alla fabbrica, tutti i dettagli del prodotto o dell'imballaggio non possono essere modificati, quindi si prega di controllare attentamente quando si conferma il modello di design. Grazie per la collaborazione!<\/p><h2><strong><b>6. Spedizione e consegna degli ordini a marchio privato<\/b><\/strong><\/h2><p>Per gli ordini con logo generale, le spedizioni possono essere effettuate entro 5-7 giorni lavorativi;<\/p><p>Per i nuovi stili di strumenti per il trucco personalizzati o altre confezioni, ecc. potrebbe essere necessario pi\u00f9 tempo a seconda del design del prodotto. Vi assicuriamo che manterremo una comunicazione immediata con voi.<\/p><p>Ci impegniamo a garantire la vostra soddisfazione durante tutto il processo, fino a quando non riceverete la merce che vi abbiamo inviato e ne sarete soddisfatti.<\/p>\t\t\t\t\t\t\t\t<\/div>\n\t\t\t\t<\/div>\n\t\t\t\t\t<\/div>\n\t\t\t\t<\/div>\n\t\t\t\t<\/div>","protected":false},"excerpt":{"rendered":"<p>YumeBeauty is a specialized wholesale manufacturer of cosmetic tools, and our patented products are made from premium materials and craftsmanship. With a minimum order quantity of just 50 pieces, we make it easy for brands to create customized, high-quality products. 1. Choose Your Favorite Style Please select any one or several models, or our hot [&hellip;]<\/p>","protected":false},"author":1,"featured_media":0,"parent":0,"menu_order":0,"comment_status":"closed","ping_status":"closed","template":"","meta":{"_monsterinsights_skip_tracking":false,"_monsterinsights_sitenote_active":false,"_monsterinsights_sitenote_note":"","_monsterinsights_sitenote_category":0,"footnotes":""},"class_list":["post-4570","page","type-page","status-publish","hentry"],"aioseo_notices":[],"_links":{"self":[{"href":"https:\/\/yume-beauty.com\/it\/wp-json\/wp\/v2\/pages\/4570","targetHints":{"allow":["GET"]}}],"collection":[{"href":"https:\/\/yume-beauty.com\/it\/wp-json\/wp\/v2\/pages"}],"about":[{"href":"https:\/\/yume-beauty.com\/it\/wp-json\/wp\/v2\/types\/page"}],"author":[{"embeddable":true,"href":"https:\/\/yume-beauty.com\/it\/wp-json\/wp\/v2\/users\/1"}],"replies":[{"embeddable":true,"href":"https:\/\/yume-beauty.com\/it\/wp-json\/wp\/v2\/comments?post=4570"}],"version-history":[{"count":5,"href":"https:\/\/yume-beauty.com\/it\/wp-json\/wp\/v2\/pages\/4570\/revisions"}],"predecessor-version":[{"id":4578,"href":"https:\/\/yume-beauty.com\/it\/wp-json\/wp\/v2\/pages\/4570\/revisions\/4578"}],"wp:attachment":[{"href":"https:\/\/yume-beauty.com\/it\/wp-json\/wp\/v2\/media?parent=4570"}],"curies":[{"name":"wp","href":"https:\/\/api.w.org\/{rel}","templated":true}]}}